{"id":94,"date":"2015-12-07T13:04:01","date_gmt":"2015-12-07T13:04:01","guid":{"rendered":"http:\/\/panontech.com\/wordpress\/?page_id=94"},"modified":"2017-01-12T09:44:03","modified_gmt":"2017-01-12T09:44:03","slug":"accessories","status":"publish","type":"page","link":"https:\/\/panontech.com\/?page_id=94","title":{"rendered":"Razna oprema"},"content":{"rendered":"<p>Osim opreme navedene u ostalim kategorijama, na\u0161e iskustvo se\u017ee u razne segmente industrije i farmarstva.<\/p>\n<p>Odradili smo mnogo projekata i isporuka, za koje ovdje jednostavno nema dovoljno mjesta,<br \/>\nte samo \u017eelimo napomenuti kako smo tvrtka sa mladim i proaktivnim timom, \u017eeljna novih<br \/>\nznanja i iskustava, te rado prihva\u0107amo sve nove zadatke, koliko god oni bili nepoznati i neobi\u010dni,<br \/>\nkvalitetno se suo\u010davamo sa istima i savladavamo ih.<\/p>\n<p>Budite slobodni obratiti se na\u0161im djelatnicima u svezi bilo kakvih zahtjeva i upita,<br \/>\nvjerujemo da \u0107emo biti od pomo\u0107i!<\/p>\n<p>&nbsp;<a href=\"http:\/\/panontech.com\/wp-content\/uploads\/2015\/12\/IMG_1002.jpg\"><img loading=\"lazy\" class=\"alignnone size-full wp-image-1375\" src=\"http:\/\/panontech.com\/wp-content\/uploads\/2015\/12\/IMG_1002.jpg\" alt=\"\" width=\"2048\" height=\"1536\" srcset=\"https:\/\/panontech.com\/wp-content\/uploads\/2015\/12\/IMG_1002.jpg 2048w, https:\/\/panontech.com\/wp-content\/uploads\/2015\/12\/IMG_1002-300x225.jpg 300w, https:\/\/panontech.com\/wp-content\/uploads\/2015\/12\/IMG_1002-768x576.jpg 768w, https:\/\/panontech.com\/wp-content\/uploads\/2015\/12\/IMG_1002-1024x768.jpg 1024w, https:\/\/panontech.com\/wp-content\/uploads\/2015\/12\/IMG_1002-830x623.jpg 830w, https:\/\/panontech.com\/wp-content\/uploads\/2015\/12\/IMG_1002-230x173.jpg 230w, https:\/\/panontech.com\/wp-content\/uploads\/2015\/12\/IMG_1002-350x263.jpg 350w\" sizes=\"(max-width: 2048px) 100vw, 2048px\" \/><\/a><\/p>","protected":false},"excerpt":{"rendered":"Osim opreme navedene u ostalim kategorijama, na\u0161e iskustvo se\u017ee u razne segmente industrije i farmarstva. Odradili smo mnogo projekata i isporuka, za koje ovdje jednostavno nema dovoljno mjesta, te samo \u017eelimo napomenuti kako smo tvrtka sa mladim i proaktivnim timom, \u017eeljna novih znanja i iskustava, te rado prihva\u0107amo sve nove zadatke, koliko god oni bili [&hellip;]","protected":false},"author":1,"featured_media":0,"parent":10,"menu_order":0,"comment_status":"closed","ping_status":"closed","template":"","meta":{"ngg_post_thumbnail":0},"categories":[],"tags":[],"_links":{"self":[{"href":"https:\/\/panontech.com\/index.php?rest_route=\/wp\/v2\/pages\/94"}],"collection":[{"href":"https:\/\/panontech.com\/index.php?rest_route=\/wp\/v2\/pages"}],"about":[{"href":"https:\/\/panontech.com\/index.php?rest_route=\/wp\/v2\/types\/page"}],"author":[{"embeddable":true,"href":"https:\/\/panontech.com\/index.php?rest_route=\/wp\/v2\/users\/1"}],"replies":[{"embeddable":true,"href":"https:\/\/panontech.com\/index.php?rest_route=%2Fwp%2Fv2%2Fcomments&post=94"}],"version-history":[{"count":5,"href":"https:\/\/panontech.com\/index.php?rest_route=\/wp\/v2\/pages\/94\/revisions"}],"predecessor-version":[{"id":1377,"href":"https:\/\/panontech.com\/index.php?rest_route=\/wp\/v2\/pages\/94\/revisions\/1377"}],"up":[{"embeddable":true,"href":"https:\/\/panontech.com\/index.php?rest_route=\/wp\/v2\/pages\/10"}],"wp:attachment":[{"href":"https:\/\/panontech.com\/index.php?rest_route=%2Fwp%2Fv2%2Fmedia&parent=94"}],"wp:term":[{"taxonomy":"category","embeddable":true,"href":"https:\/\/panontech.com\/index.php?rest_route=%2Fwp%2Fv2%2Fcategories&post=94"},{"taxonomy":"post_tag","embeddable":true,"href":"https:\/\/panontech.com\/index.php?rest_route=%2Fwp%2Fv2%2Ftags&post=94"}],"curies":[{"name":"wp","href":"https:\/\/api.w.org\/{rel}","templated":true}]}}