{"id":91,"date":"2015-12-07T13:03:21","date_gmt":"2015-12-07T13:03:21","guid":{"rendered":"http:\/\/panontech.com\/wordpress\/?page_id=91"},"modified":"2017-01-13T10:45:07","modified_gmt":"2017-01-13T10:45:07","slug":"silo","status":"publish","type":"page","link":"https:\/\/panontech.com\/?page_id=91","title":{"rendered":"Silosi"},"content":{"rendered":"<p>Mo\u017eemo Vam ponuditi razne modele i veli\u010dine silosa za skladi\u0161tenje \u017eitarica, sto\u010dne hrane, peleta i ostalih materijala.<\/p>\n<p><a href=\"http:\/\/panontech.com\/wp-content\/uploads\/2015\/12\/silos1.jpg\"><img loading=\"lazy\" class=\"alignnone wp-image-1493\" src=\"http:\/\/panontech.com\/wp-content\/uploads\/2015\/12\/silos1.jpg\" alt=\"\" height=\"435\" width=\"580\" srcset=\"https:\/\/panontech.com\/wp-content\/uploads\/2015\/12\/silos1.jpg 640w, https:\/\/panontech.com\/wp-content\/uploads\/2015\/12\/silos1-300x225.jpg 300w, https:\/\/panontech.com\/wp-content\/uploads\/2015\/12\/silos1-230x173.jpg 230w, https:\/\/panontech.com\/wp-content\/uploads\/2015\/12\/silos1-350x263.jpg 350w\" sizes=\"(max-width: 580px) 100vw, 580px\" \/><\/a><\/p>\n<p><a href=\"http:\/\/panontech.com\/wp-content\/uploads\/2015\/12\/silos2.jpg\"><img loading=\"lazy\" class=\"alignnone size-full wp-image-1494\" src=\"http:\/\/panontech.com\/wp-content\/uploads\/2015\/12\/silos2.jpg\" alt=\"\" height=\"435\" width=\"580\" srcset=\"https:\/\/panontech.com\/wp-content\/uploads\/2015\/12\/silos2.jpg 580w, https:\/\/panontech.com\/wp-content\/uploads\/2015\/12\/silos2-300x225.jpg 300w, https:\/\/panontech.com\/wp-content\/uploads\/2015\/12\/silos2-230x173.jpg 230w, https:\/\/panontech.com\/wp-content\/uploads\/2015\/12\/silos2-350x263.jpg 350w\" sizes=\"(max-width: 580px) 100vw, 580px\" \/><\/a><\/p>\n<p>Visokokvalitetni fiberglas silosi zapremnine do 52 m3 te do kapaciteta 32 tone<\/p>\n<p>sa kompletnim sustavima transporta sadr\u017eaja za sve vrste krutog materijala.<\/p>\n<p><a href=\"http:\/\/panontech.com\/wp-content\/uploads\/2015\/12\/silos3.jpg\"><img loading=\"lazy\" class=\"alignnone wp-image-1497\" src=\"http:\/\/panontech.com\/wp-content\/uploads\/2015\/12\/silos3.jpg\" alt=\"\" height=\"367\" width=\"580\" srcset=\"https:\/\/panontech.com\/wp-content\/uploads\/2015\/12\/silos3.jpg 870w, https:\/\/panontech.com\/wp-content\/uploads\/2015\/12\/silos3-300x190.jpg 300w, https:\/\/panontech.com\/wp-content\/uploads\/2015\/12\/silos3-768x486.jpg 768w, https:\/\/panontech.com\/wp-content\/uploads\/2015\/12\/silos3-830x526.jpg 830w, https:\/\/panontech.com\/wp-content\/uploads\/2015\/12\/silos3-230x146.jpg 230w, https:\/\/panontech.com\/wp-content\/uploads\/2015\/12\/silos3-350x222.jpg 350w\" sizes=\"(max-width: 580px) 100vw, 580px\" \/><\/a><\/p>\n<p><a href=\"http:\/\/panontech.com\/wp-content\/uploads\/2015\/12\/silos4.jpg\"><img loading=\"lazy\" class=\"alignnone wp-image-1498\" src=\"http:\/\/panontech.com\/wp-content\/uploads\/2015\/12\/silos4.jpg\" alt=\"\" height=\"369\" width=\"583\" srcset=\"https:\/\/panontech.com\/wp-content\/uploads\/2015\/12\/silos4.jpg 870w, https:\/\/panontech.com\/wp-content\/uploads\/2015\/12\/silos4-300x190.jpg 300w, https:\/\/panontech.com\/wp-content\/uploads\/2015\/12\/silos4-768x486.jpg 768w, https:\/\/panontech.com\/wp-content\/uploads\/2015\/12\/silos4-830x526.jpg 830w, https:\/\/panontech.com\/wp-content\/uploads\/2015\/12\/silos4-230x146.jpg 230w, https:\/\/panontech.com\/wp-content\/uploads\/2015\/12\/silos4-350x222.jpg 350w\" sizes=\"(max-width: 583px) 100vw, 583px\" \/><\/a><\/p>\n<p><a href=\"http:\/\/panontech.com\/wp-content\/uploads\/2015\/12\/silos5.jpg\"><img loading=\"lazy\" class=\"alignnone wp-image-1499\" src=\"http:\/\/panontech.com\/wp-content\/uploads\/2015\/12\/silos5.jpg\" alt=\"\" height=\"369\" width=\"583\" srcset=\"https:\/\/panontech.com\/wp-content\/uploads\/2015\/12\/silos5.jpg 870w, https:\/\/panontech.com\/wp-content\/uploads\/2015\/12\/silos5-300x190.jpg 300w, https:\/\/panontech.com\/wp-content\/uploads\/2015\/12\/silos5-768x486.jpg 768w, https:\/\/panontech.com\/wp-content\/uploads\/2015\/12\/silos5-830x526.jpg 830w, https:\/\/panontech.com\/wp-content\/uploads\/2015\/12\/silos5-230x146.jpg 230w, https:\/\/panontech.com\/wp-content\/uploads\/2015\/12\/silos5-350x222.jpg 350w\" sizes=\"(max-width: 583px) 100vw, 583px\" \/><\/a><\/p>\n<p>U slu\u010daju potrebe za ve\u0107im skladi\u0161nim prostorom mo\u017eemo Vam ponuditi metalne silose u toplo-pocin\u010danoj<\/p>\n<p>i emajliranoj izvedbi te silose od nehr\u0111aju\u0107eg \u010delika sa svom potrebnom opremom.<\/p>\n<p><a href=\"http:\/\/panontech.com\/wp-content\/uploads\/2015\/12\/silos6.jpg\"><img loading=\"lazy\" class=\"alignnone wp-image-1502\" src=\"http:\/\/panontech.com\/wp-content\/uploads\/2015\/12\/silos6.jpg\" alt=\"\" height=\"443\" width=\"590\" srcset=\"https:\/\/panontech.com\/wp-content\/uploads\/2015\/12\/silos6.jpg 1600w, https:\/\/panontech.com\/wp-content\/uploads\/2015\/12\/silos6-300x225.jpg 300w, https:\/\/panontech.com\/wp-content\/uploads\/2015\/12\/silos6-768x576.jpg 768w, https:\/\/panontech.com\/wp-content\/uploads\/2015\/12\/silos6-1024x768.jpg 1024w, https:\/\/panontech.com\/wp-content\/uploads\/2015\/12\/silos6-830x623.jpg 830w, https:\/\/panontech.com\/wp-content\/uploads\/2015\/12\/silos6-230x173.jpg 230w, https:\/\/panontech.com\/wp-content\/uploads\/2015\/12\/silos6-350x263.jpg 350w\" sizes=\"(max-width: 590px) 100vw, 590px\" \/><\/a><\/p>\n<p><a href=\"http:\/\/panontech.com\/wp-content\/uploads\/2015\/12\/silos7.jpg\"><img loading=\"lazy\" class=\"alignnone size-full wp-image-1503\" src=\"http:\/\/panontech.com\/wp-content\/uploads\/2015\/12\/silos7.jpg\" alt=\"\" height=\"538\" width=\"406\" srcset=\"https:\/\/panontech.com\/wp-content\/uploads\/2015\/12\/silos7.jpg 406w, https:\/\/panontech.com\/wp-content\/uploads\/2015\/12\/silos7-226x300.jpg 226w, https:\/\/panontech.com\/wp-content\/uploads\/2015\/12\/silos7-230x305.jpg 230w, https:\/\/panontech.com\/wp-content\/uploads\/2015\/12\/silos7-350x464.jpg 350w\" sizes=\"(max-width: 406px) 100vw, 406px\" \/><\/a><\/p>\n<p>&nbsp;<\/p>","protected":false},"excerpt":{"rendered":"Mo\u017eemo Vam ponuditi razne modele i veli\u010dine silosa za skladi\u0161tenje \u017eitarica, sto\u010dne hrane, peleta i ostalih materijala. Visokokvalitetni fiberglas silosi zapremnine do 52 m3 te do kapaciteta 32 tone sa kompletnim sustavima transporta sadr\u017eaja za sve vrste krutog materijala. U slu\u010daju potrebe za ve\u0107im skladi\u0161nim prostorom mo\u017eemo Vam ponuditi metalne silose u toplo-pocin\u010danoj i emajliranoj [&hellip;]","protected":false},"author":1,"featured_media":0,"parent":10,"menu_order":0,"comment_status":"closed","ping_status":"closed","template":"","meta":{"ngg_post_thumbnail":0},"categories":[],"tags":[],"_links":{"self":[{"href":"https:\/\/panontech.com\/index.php?rest_route=\/wp\/v2\/pages\/91"}],"collection":[{"href":"https:\/\/panontech.com\/index.php?rest_route=\/wp\/v2\/pages"}],"about":[{"href":"https:\/\/panontech.com\/index.php?rest_route=\/wp\/v2\/types\/page"}],"author":[{"embeddable":true,"href":"https:\/\/panontech.com\/index.php?rest_route=\/wp\/v2\/users\/1"}],"replies":[{"embeddable":true,"href":"https:\/\/panontech.com\/index.php?rest_route=%2Fwp%2Fv2%2Fcomments&post=91"}],"version-history":[{"count":6,"href":"https:\/\/panontech.com\/index.php?rest_route=\/wp\/v2\/pages\/91\/revisions"}],"predecessor-version":[{"id":1505,"href":"https:\/\/panontech.com\/index.php?rest_route=\/wp\/v2\/pages\/91\/revisions\/1505"}],"up":[{"embeddable":true,"href":"https:\/\/panontech.com\/index.php?rest_route=\/wp\/v2\/pages\/10"}],"wp:attachment":[{"href":"https:\/\/panontech.com\/index.php?rest_route=%2Fwp%2Fv2%2Fmedia&parent=91"}],"wp:term":[{"taxonomy":"category","embeddable":true,"href":"https:\/\/panontech.com\/index.php?rest_route=%2Fwp%2Fv2%2Fcategories&post=91"},{"taxonomy":"post_tag","embeddable":true,"href":"https:\/\/panontech.com\/index.php?rest_route=%2Fwp%2Fv2%2Ftags&post=91"}],"curies":[{"name":"wp","href":"https:\/\/api.w.org\/{rel}","templated":true}]}}