{"id":88,"date":"2015-12-07T13:03:00","date_gmt":"2015-12-07T13:03:00","guid":{"rendered":"http:\/\/panontech.com\/wordpress\/?page_id=88"},"modified":"2017-01-12T08:04:44","modified_gmt":"2017-01-12T08:04:44","slug":"ventilation","status":"publish","type":"page","link":"https:\/\/panontech.com\/?page_id=88","title":{"rendered":"Ventilacija"},"content":{"rendered":"<p>Dobavljamo i ugra\u0111ujemo razli\u010dite vrste ventilatora s pripadaja\u0107om opremom od renomiranih europskih proizvo\u0111a\u010da<\/p>\n<p>koji se odlikuju tihim radom i iznimno velikom koli\u010dinom zraka koju mogu isporu\u010diti u odre\u0111enom vremenskom intervalu,<\/p>\n<p>mogu\u0107no\u0161\u0107u regulacije i uskla\u0111ivanja brzine vrtnje ventilatora prema trenutnoj temperaturi u staji i time olak\u0161avaju<\/p>\n<p>\u017eivotne uvjete \u017eivotinjama te rad zaposlenicima.<br \/>\nNudimo sustave koji su optimizirani za specifi\u010dne zahtjeve klijenata kako bi se ostvarile u\u0161tede u potro\u0161nji elektri\u010dne<\/p>\n<p>energije te time bili prihvatljiviji i sa ekonomskog aspekta.<\/p>\n<p>&nbsp;<\/p>\n<p>Posebno isti\u010demo sustave ventilacije sa velikim protokom zraka i malo brzinom strujanja vjetra.<\/p>\n<p><em>HVLS &#8211; Eng: High Volume Low Speed &#8211; Hr: Veliki protok, mala brzina<\/em><\/p>\n<p>Takozvani &#8220;Helikopter&#8221; ventilatori pokre\u0107u velike koli\u010dine zraka od gore prema dolje<\/p>\n<p>i provode proces izmjene, mije\u0161anja i redistribucije zraka u okoli\u0161u.<\/p>\n<p>Mala brzina rotacije propelera-elisa osigurava nje\u017ean povjetarac koji osjetno sni\u017eava temperaturu<\/p>\n<p>u objektu i stvara ugodnu atmosferu za \u017eivotinje i ljude.<\/p>\n<p>&nbsp;<\/p>\n<p><em>Prednosti HVLS ventilatora:<\/em><\/p>\n<p>&#8211; Kontinuiran i jednak protok zraka dovodi do toga sa se \u017eivotinje ne &#8220;grupiraju&#8221;<\/p>\n<p>&#8211; Povjetarac stvoren ovim ventilatorima se kre\u0107e od 3 do 7 km\/h, \u0161to osvje\u017eava \u017eivotinje<\/p>\n<p>&nbsp; i ne stvara im nelagodu<\/p>\n<p>&#8211; Smanjenje toplinskog stresa \u017eivotinje spre\u010dava pad proizvodnje mlijeka<\/p>\n<p>&#8211; Osjetno smanjenje temperature u objektu od 2 do 9 C<\/p>\n<p>&#8211; Konstanto i lagano kretanje zraka eliminira kondenzaciju i poma\u017ee odr\u017eati stelju i le\u017ei\u0161ta suhima,<\/p>\n<p>&nbsp; i time pove\u0107ava komfor \u017eivotinjama i smanjuje prisutnost mikroba.<\/p>\n<p>&#8211; Jedan ventilator promjera 600cm zamjenjuje 6 klasi\u010dnih ventilatora promjera 140cm po protoku<\/p>\n<p>&nbsp; zraka i pokriva povr\u0161inu 4 puta ve\u0107u od svoga promjera<\/p>\n<p>&#8211; U usporedbi sa konvencionalnim sustavima ventilacije, u\u0161teda na utro\u0161enoj elektri\u010dnoj<\/p>\n<p>&nbsp; energiji je drasti\u010dna<\/p>\n<p>&#8211; Razina buke je izrazito niska te se ne stvaraju neobi\u010dna strujanja i vrtlo\u017eenja zraka<\/p>\n<p>&#8211; Veliki propeleri u pokretu pla\u0161e ptice i smanjuju njihovu prisutnost u objektima<\/p>\n<p><em>Tehni\u010dke specifikacije i zna\u010dajke:<\/em><\/p>\n<p>&#8211; Opremljeni sa 5 elisa od anodiziranog aluminija, \u0161irine 22cm<\/p>\n<p>&#8211; Specijalna zakrilca na krajevima elisa za pove\u0107anje efikasnosti i ravnomjeran tok zraka<\/p>\n<p>&#8211; Trofazni motori 400V 50hZ snage od 0.75kW za model promjera 330cm do 1.5kW za<\/p>\n<p>&nbsp;&nbsp; model promjera 690cm<\/p>\n<p>&#8211; Prilago\u0111eni za rad na razli\u010ditim brzinama<\/p>\n<p>&#8211; Reduktori su bez potrebe za odr\u017eavanjem &#8211; Maintenance free<\/p>\n<p>&#8211; Protok zraka u rasponu od 160.000m3\/h za model promjera 330cm do 400.000m3\/h za<\/p>\n<p>&nbsp; model promjera 690cm<\/p>\n<p>&#8211; Brzina strujanja zraka je uvijek od 3 do 7 km\/h, kod konvencionalnih ventilatora brzina na<\/p>\n<p>&nbsp; izlazu dose\u017ee neugodnih 30 km\/h te opada sve do 0.5km\/h na udaljenosti od 13 do 14 metara.<\/p>\n<p>&nbsp;<\/p>\n<p>U ponudi standardno imamo sve povezane materijale, upravlja\u010dke jedinice sa automatskom regulacijom<\/p>\n<p>brzine, temperaturne sonde, nosa\u010de i prihvatni pribor\u2026<\/p>\n<p>&nbsp;<\/p>\n<p>&nbsp;<\/p>\n<p>\n\n<div class=\"ngg-galleryoverview ngg-slideshow\"\n\t id=\"ngg-slideshow-c3518547e083f9587c8a44bdea67fd40-20037270240\"\n     data-gallery-id=\"c3518547e083f9587c8a44bdea67fd40\"\n     style=\"max-width: 800px; max-height: 600px;\">\n\n \t<div id=\"ngg-image-0\" class=\"ngg-gallery-slideshow-image\" style=\"height:600px\">\n\n        <a href=\"https:\/\/panontech.com\/wp-content\/gallery\/ventilation1\/20150711_145934-Medium.jpg\"\n           title=\"\"\n           data-src=\"https:\/\/panontech.com\/wp-content\/gallery\/ventilation1\/20150711_145934-Medium.jpg\"\n           data-thumbnail=\"https:\/\/panontech.com\/wp-content\/gallery\/ventilation1\/thumbs\/thumbs_20150711_145934-Medium.jpg\"\n           data-image-id=\"81\"\n           data-title=\"20150711_145934 (Medium)\"\n           data-description=\"\"\n           class=\"ngg-fancybox\" rel=\"c3518547e083f9587c8a44bdea67fd40\">\n\n            <img data-image-id='81'\n                 title=\"\"\n                 alt=\"20150711_145934 (Medium)\"\n                 src=\"https:\/\/panontech.com\/wp-content\/gallery\/ventilation1\/20150711_145934-Medium.jpg\"\n                 style=\"max-height: 580px;\"\/>\n        <\/a>\n\n        <\/div> \n<div id=\"ngg-image-1\" class=\"ngg-gallery-slideshow-image\" style=\"height:600px\">\n\n        <a href=\"https:\/\/panontech.com\/wp-content\/gallery\/ventilation1\/Axial-fans.jpg\"\n           title=\"\"\n           data-src=\"https:\/\/panontech.com\/wp-content\/gallery\/ventilation1\/Axial-fans.jpg\"\n           data-thumbnail=\"https:\/\/panontech.com\/wp-content\/gallery\/ventilation1\/thumbs\/thumbs_Axial-fans.jpg\"\n           data-image-id=\"82\"\n           data-title=\"Axial fans\"\n           data-description=\"\"\n           class=\"ngg-fancybox\" rel=\"c3518547e083f9587c8a44bdea67fd40\">\n\n            <img data-image-id='82'\n                 title=\"\"\n                 alt=\"Axial fans\"\n                 src=\"https:\/\/panontech.com\/wp-content\/gallery\/ventilation1\/Axial-fans.jpg\"\n                 style=\"max-height: 580px;\"\/>\n        <\/a>\n\n        <\/div> \n<div id=\"ngg-image-2\" class=\"ngg-gallery-slideshow-image\" style=\"height:600px\">\n\n        <a href=\"https:\/\/panontech.com\/wp-content\/gallery\/ventilation1\/Box-fan.jpg\"\n           title=\"\"\n           data-src=\"https:\/\/panontech.com\/wp-content\/gallery\/ventilation1\/Box-fan.jpg\"\n           data-thumbnail=\"https:\/\/panontech.com\/wp-content\/gallery\/ventilation1\/thumbs\/thumbs_Box-fan.jpg\"\n           data-image-id=\"83\"\n           data-title=\"Box fan\"\n           data-description=\"\"\n           class=\"ngg-fancybox\" rel=\"c3518547e083f9587c8a44bdea67fd40\">\n\n            <img data-image-id='83'\n                 title=\"\"\n                 alt=\"Box fan\"\n                 src=\"https:\/\/panontech.com\/wp-content\/gallery\/ventilation1\/Box-fan.jpg\"\n                 style=\"max-height: 580px;\"\/>\n        <\/a>\n\n        <\/div> \n<div id=\"ngg-image-3\" class=\"ngg-gallery-slideshow-image\" style=\"height:600px\">\n\n        <a href=\"https:\/\/panontech.com\/wp-content\/gallery\/ventilation1\/Circulation-fan.jpg\"\n           title=\"\"\n           data-src=\"https:\/\/panontech.com\/wp-content\/gallery\/ventilation1\/Circulation-fan.jpg\"\n           data-thumbnail=\"https:\/\/panontech.com\/wp-content\/gallery\/ventilation1\/thumbs\/thumbs_Circulation-fan.jpg\"\n           data-image-id=\"84\"\n           data-title=\"Circulation fan\"\n           data-description=\"\"\n           class=\"ngg-fancybox\" rel=\"c3518547e083f9587c8a44bdea67fd40\">\n\n            <img data-image-id='84'\n                 title=\"\"\n                 alt=\"Circulation fan\"\n                 src=\"https:\/\/panontech.com\/wp-content\/gallery\/ventilation1\/Circulation-fan.jpg\"\n                 style=\"max-height: 580px;\"\/>\n        <\/a>\n\n        <\/div> \n<div id=\"ngg-image-4\" class=\"ngg-gallery-slideshow-image\" style=\"height:600px\">\n\n        <a href=\"https:\/\/panontech.com\/wp-content\/gallery\/ventilation1\/Cone-fan.jpg\"\n           title=\"\"\n           data-src=\"https:\/\/panontech.com\/wp-content\/gallery\/ventilation1\/Cone-fan.jpg\"\n           data-thumbnail=\"https:\/\/panontech.com\/wp-content\/gallery\/ventilation1\/thumbs\/thumbs_Cone-fan.jpg\"\n           data-image-id=\"85\"\n           data-title=\"Cone fan\"\n           data-description=\"\"\n           class=\"ngg-fancybox\" rel=\"c3518547e083f9587c8a44bdea67fd40\">\n\n            <img data-image-id='85'\n                 title=\"\"\n                 alt=\"Cone fan\"\n                 src=\"https:\/\/panontech.com\/wp-content\/gallery\/ventilation1\/Cone-fan.jpg\"\n                 style=\"max-height: 580px;\"\/>\n        <\/a>\n\n        <\/div> \n<div id=\"ngg-image-5\" class=\"ngg-gallery-slideshow-image\" style=\"height:600px\">\n\n        <a href=\"https:\/\/panontech.com\/wp-content\/gallery\/ventilation1\/Cone-fans.jpg\"\n           title=\"\"\n           data-src=\"https:\/\/panontech.com\/wp-content\/gallery\/ventilation1\/Cone-fans.jpg\"\n           data-thumbnail=\"https:\/\/panontech.com\/wp-content\/gallery\/ventilation1\/thumbs\/thumbs_Cone-fans.jpg\"\n           data-image-id=\"86\"\n           data-title=\"Cone fans\"\n           data-description=\"\"\n           class=\"ngg-fancybox\" rel=\"c3518547e083f9587c8a44bdea67fd40\">\n\n            <img data-image-id='86'\n                 title=\"\"\n                 alt=\"Cone fans\"\n                 src=\"https:\/\/panontech.com\/wp-content\/gallery\/ventilation1\/Cone-fans.jpg\"\n                 style=\"max-height: 580px;\"\/>\n        <\/a>\n\n        <\/div> \n<div id=\"ngg-image-6\" class=\"ngg-gallery-slideshow-image\" style=\"height:600px\">\n\n        <a href=\"https:\/\/panontech.com\/wp-content\/gallery\/ventilation1\/Cooling-pads.jpg\"\n           title=\"\"\n           data-src=\"https:\/\/panontech.com\/wp-content\/gallery\/ventilation1\/Cooling-pads.jpg\"\n           data-thumbnail=\"https:\/\/panontech.com\/wp-content\/gallery\/ventilation1\/thumbs\/thumbs_Cooling-pads.jpg\"\n           data-image-id=\"87\"\n           data-title=\"Cooling pads\"\n           data-description=\"\"\n           class=\"ngg-fancybox\" rel=\"c3518547e083f9587c8a44bdea67fd40\">\n\n            <img data-image-id='87'\n                 title=\"\"\n                 alt=\"Cooling pads\"\n                 src=\"https:\/\/panontech.com\/wp-content\/gallery\/ventilation1\/Cooling-pads.jpg\"\n                 style=\"max-height: 580px;\"\/>\n        <\/a>\n\n        <\/div> \n<div id=\"ngg-image-7\" class=\"ngg-gallery-slideshow-image\" style=\"height:600px\">\n\n        <a href=\"https:\/\/panontech.com\/wp-content\/gallery\/ventilation1\/Dairy-fan.jpg\"\n           title=\"\"\n           data-src=\"https:\/\/panontech.com\/wp-content\/gallery\/ventilation1\/Dairy-fan.jpg\"\n           data-thumbnail=\"https:\/\/panontech.com\/wp-content\/gallery\/ventilation1\/thumbs\/thumbs_Dairy-fan.jpg\"\n           data-image-id=\"88\"\n           data-title=\"Dairy fan\"\n           data-description=\"\"\n           class=\"ngg-fancybox\" rel=\"c3518547e083f9587c8a44bdea67fd40\">\n\n            <img data-image-id='88'\n                 title=\"\"\n                 alt=\"Dairy fan\"\n                 src=\"https:\/\/panontech.com\/wp-content\/gallery\/ventilation1\/Dairy-fan.jpg\"\n                 style=\"max-height: 580px;\"\/>\n        <\/a>\n\n        <\/div> \n<div id=\"ngg-image-8\" class=\"ngg-gallery-slideshow-image\" style=\"height:600px\">\n\n        <a href=\"https:\/\/panontech.com\/wp-content\/gallery\/ventilation1\/Light-Traps.jpg\"\n           title=\"\"\n           data-src=\"https:\/\/panontech.com\/wp-content\/gallery\/ventilation1\/Light-Traps.jpg\"\n           data-thumbnail=\"https:\/\/panontech.com\/wp-content\/gallery\/ventilation1\/thumbs\/thumbs_Light-Traps.jpg\"\n           data-image-id=\"90\"\n           data-title=\"Light Traps\"\n           data-description=\"\"\n           class=\"ngg-fancybox\" rel=\"c3518547e083f9587c8a44bdea67fd40\">\n\n            <img data-image-id='90'\n                 title=\"\"\n                 alt=\"Light Traps\"\n                 src=\"https:\/\/panontech.com\/wp-content\/gallery\/ventilation1\/Light-Traps.jpg\"\n                 style=\"max-height: 580px;\"\/>\n        <\/a>\n\n        <\/div> \n<div id=\"ngg-image-9\" class=\"ngg-gallery-slideshow-image\" style=\"height:600px\">\n\n        <a href=\"https:\/\/panontech.com\/wp-content\/gallery\/ventilation1\/Destraficator.jpg\"\n           title=\"\"\n           data-src=\"https:\/\/panontech.com\/wp-content\/gallery\/ventilation1\/Destraficator.jpg\"\n           data-thumbnail=\"https:\/\/panontech.com\/wp-content\/gallery\/ventilation1\/thumbs\/thumbs_Destraficator.jpg\"\n           data-image-id=\"89\"\n           data-title=\"Destraficator\"\n           data-description=\"\"\n           class=\"ngg-fancybox\" rel=\"c3518547e083f9587c8a44bdea67fd40\">\n\n            <img data-image-id='89'\n                 title=\"\"\n                 alt=\"Destraficator\"\n                 src=\"https:\/\/panontech.com\/wp-content\/gallery\/ventilation1\/Destraficator.jpg\"\n                 style=\"max-height: 580px;\"\/>\n        <\/a>\n\n        <\/div> \n<div id=\"ngg-image-10\" class=\"ngg-gallery-slideshow-image\" style=\"height:600px\">\n\n        <a href=\"https:\/\/panontech.com\/wp-content\/gallery\/ventilation1\/Panel-fan.jpg\"\n           title=\"\"\n           data-src=\"https:\/\/panontech.com\/wp-content\/gallery\/ventilation1\/Panel-fan.jpg\"\n           data-thumbnail=\"https:\/\/panontech.com\/wp-content\/gallery\/ventilation1\/thumbs\/thumbs_Panel-fan.jpg\"\n           data-image-id=\"91\"\n           data-title=\"Panel fan\"\n           data-description=\"\"\n           class=\"ngg-fancybox\" rel=\"c3518547e083f9587c8a44bdea67fd40\">\n\n            <img data-image-id='91'\n                 title=\"\"\n                 alt=\"Panel fan\"\n                 src=\"https:\/\/panontech.com\/wp-content\/gallery\/ventilation1\/Panel-fan.jpg\"\n                 style=\"max-height: 580px;\"\/>\n        <\/a>\n\n        <\/div> \n<div id=\"ngg-image-11\" class=\"ngg-gallery-slideshow-image\" style=\"height:600px\">\n\n        <a href=\"https:\/\/panontech.com\/wp-content\/gallery\/ventilation1\/Shutter-fans.jpg\"\n           title=\"\"\n           data-src=\"https:\/\/panontech.com\/wp-content\/gallery\/ventilation1\/Shutter-fans.jpg\"\n           data-thumbnail=\"https:\/\/panontech.com\/wp-content\/gallery\/ventilation1\/thumbs\/thumbs_Shutter-fans.jpg\"\n           data-image-id=\"92\"\n           data-title=\"Shutter fans\"\n           data-description=\"\"\n           class=\"ngg-fancybox\" rel=\"c3518547e083f9587c8a44bdea67fd40\">\n\n            <img data-image-id='92'\n                 title=\"\"\n                 alt=\"Shutter fans\"\n                 src=\"https:\/\/panontech.com\/wp-content\/gallery\/ventilation1\/Shutter-fans.jpg\"\n                 style=\"max-height: 580px;\"\/>\n        <\/a>\n\n        <\/div> \n<div id=\"ngg-image-12\" class=\"ngg-gallery-slideshow-image\" style=\"height:600px\">\n\n        <a href=\"https:\/\/panontech.com\/wp-content\/gallery\/ventilation1\/System-1.jpg\"\n           title=\"\"\n           data-src=\"https:\/\/panontech.com\/wp-content\/gallery\/ventilation1\/System-1.jpg\"\n           data-thumbnail=\"https:\/\/panontech.com\/wp-content\/gallery\/ventilation1\/thumbs\/thumbs_System-1.jpg\"\n           data-image-id=\"93\"\n           data-title=\"System 1\"\n           data-description=\"\"\n           class=\"ngg-fancybox\" rel=\"c3518547e083f9587c8a44bdea67fd40\">\n\n            <img data-image-id='93'\n                 title=\"\"\n                 alt=\"System 1\"\n                 src=\"https:\/\/panontech.com\/wp-content\/gallery\/ventilation1\/System-1.jpg\"\n                 style=\"max-height: 580px;\"\/>\n        <\/a>\n\n        <\/div> \n<\/div>\n\n\n\n<\/p>","protected":false},"excerpt":{"rendered":"Dobavljamo i ugra\u0111ujemo razli\u010dite vrste ventilatora s pripadaja\u0107om opremom od renomiranih europskih proizvo\u0111a\u010da koji se odlikuju tihim radom i iznimno velikom koli\u010dinom zraka koju mogu isporu\u010diti u odre\u0111enom vremenskom intervalu, mogu\u0107no\u0161\u0107u regulacije i uskla\u0111ivanja brzine vrtnje ventilatora prema trenutnoj temperaturi u staji i time olak\u0161avaju \u017eivotne uvjete \u017eivotinjama te rad zaposlenicima. Nudimo sustave koji su [&hellip;]","protected":false},"author":1,"featured_media":0,"parent":10,"menu_order":0,"comment_status":"closed","ping_status":"closed","template":"","meta":{"ngg_post_thumbnail":0},"categories":[],"tags":[],"_links":{"self":[{"href":"https:\/\/panontech.com\/index.php?rest_route=\/wp\/v2\/pages\/88"}],"collection":[{"href":"https:\/\/panontech.com\/index.php?rest_route=\/wp\/v2\/pages"}],"about":[{"href":"https:\/\/panontech.com\/index.php?rest_route=\/wp\/v2\/types\/page"}],"author":[{"embeddable":true,"href":"https:\/\/panontech.com\/index.php?rest_route=\/wp\/v2\/users\/1"}],"replies":[{"embeddable":true,"href":"https:\/\/panontech.com\/index.php?rest_route=%2Fwp%2Fv2%2Fcomments&post=88"}],"version-history":[{"count":12,"href":"https:\/\/panontech.com\/index.php?rest_route=\/wp\/v2\/pages\/88\/revisions"}],"predecessor-version":[{"id":1354,"href":"https:\/\/panontech.com\/index.php?rest_route=\/wp\/v2\/pages\/88\/revisions\/1354"}],"up":[{"embeddable":true,"href":"https:\/\/panontech.com\/index.php?rest_route=\/wp\/v2\/pages\/10"}],"wp:attachment":[{"href":"https:\/\/panontech.com\/index.php?rest_route=%2Fwp%2Fv2%2Fmedia&parent=88"}],"wp:term":[{"taxonomy":"category","embeddable":true,"href":"https:\/\/panontech.com\/index.php?rest_route=%2Fwp%2Fv2%2Fcategories&post=88"},{"taxonomy":"post_tag","embeddable":true,"href":"https:\/\/panontech.com\/index.php?rest_route=%2Fwp%2Fv2%2Ftags&post=88"}],"curies":[{"name":"wp","href":"https:\/\/api.w.org\/{rel}","templated":true}]}}