{"id":85,"date":"2015-12-07T13:02:36","date_gmt":"2015-12-07T13:02:36","guid":{"rendered":"http:\/\/panontech.com\/wordpress\/?page_id=85"},"modified":"2017-01-12T13:51:32","modified_gmt":"2017-01-12T13:51:32","slug":"farm-and-biogas-equipment","status":"publish","type":"page","link":"https:\/\/panontech.com\/?page_id=85","title":{"rendered":"Oprema za farme i bioplin"},"content":{"rendered":"<p>U mogu\u0107nosti smo isporu\u010diti i izraditi razne vrste opreme za govedarske, svinjogojske i peradarske farme,<br \/>\nte ponuditi i kompletna gotova rje\u0161enja za Va\u0161e ideje.<\/p>\n<p>Tako\u0111er, veliko iskustvo u segmentu bioplinskih postrojenja omogu\u0107uje nam pripremu kvalitetnijih i optimalnijih rje\u0161enja<br \/>\nza na\u0161e klijente, te vjerujemo kako uvijek imamo za re\u0107i i ponuditi ne\u0161to zaniljivo i inovativno.<\/p>\n<p>Pogledajte ostale podkategorije za vi\u0161e informacija o samoj opremi u na\u0161oj ponudi.<\/p>\n<p><a href=\"http:\/\/panontech.com\/wp-content\/uploads\/2015\/12\/gregurovec-4.jpg\"><img loading=\"lazy\" class=\"size-full wp-image-1441 aligncenter\" src=\"http:\/\/panontech.com\/wp-content\/uploads\/2015\/12\/gregurovec-4.jpg\" alt=\"\" width=\"800\" height=\"600\" srcset=\"https:\/\/panontech.com\/wp-content\/uploads\/2015\/12\/gregurovec-4.jpg 800w, https:\/\/panontech.com\/wp-content\/uploads\/2015\/12\/gregurovec-4-300x225.jpg 300w, https:\/\/panontech.com\/wp-content\/uploads\/2015\/12\/gregurovec-4-768x576.jpg 768w, https:\/\/panontech.com\/wp-content\/uploads\/2015\/12\/gregurovec-4-230x173.jpg 230w, https:\/\/panontech.com\/wp-content\/uploads\/2015\/12\/gregurovec-4-350x263.jpg 350w\" sizes=\"(max-width: 800px) 100vw, 800px\" \/><\/a> <a href=\"http:\/\/panontech.com\/wp-content\/uploads\/2015\/12\/mitrovac.jpg\"><img loading=\"lazy\" class=\"size-full wp-image-1442 aligncenter\" src=\"http:\/\/panontech.com\/wp-content\/uploads\/2015\/12\/mitrovac.jpg\" alt=\"\" width=\"690\" height=\"358\" srcset=\"https:\/\/panontech.com\/wp-content\/uploads\/2015\/12\/mitrovac.jpg 690w, https:\/\/panontech.com\/wp-content\/uploads\/2015\/12\/mitrovac-300x156.jpg 300w, https:\/\/panontech.com\/wp-content\/uploads\/2015\/12\/mitrovac-230x119.jpg 230w, https:\/\/panontech.com\/wp-content\/uploads\/2015\/12\/mitrovac-350x182.jpg 350w\" sizes=\"(max-width: 690px) 100vw, 690px\" \/><\/a><\/p>","protected":false},"excerpt":{"rendered":"U mogu\u0107nosti smo isporu\u010diti i izraditi razne vrste opreme za govedarske, svinjogojske i peradarske farme, te ponuditi i kompletna gotova rje\u0161enja za Va\u0161e ideje. Tako\u0111er, veliko iskustvo u segmentu bioplinskih postrojenja omogu\u0107uje nam pripremu kvalitetnijih i optimalnijih rje\u0161enja za na\u0161e klijente, te vjerujemo kako uvijek imamo za re\u0107i i ponuditi ne\u0161to zaniljivo i inovativno. Pogledajte [&hellip;]","protected":false},"author":1,"featured_media":0,"parent":10,"menu_order":0,"comment_status":"closed","ping_status":"closed","template":"","meta":{"ngg_post_thumbnail":0},"categories":[],"tags":[],"_links":{"self":[{"href":"https:\/\/panontech.com\/index.php?rest_route=\/wp\/v2\/pages\/85"}],"collection":[{"href":"https:\/\/panontech.com\/index.php?rest_route=\/wp\/v2\/pages"}],"about":[{"href":"https:\/\/panontech.com\/index.php?rest_route=\/wp\/v2\/types\/page"}],"author":[{"embeddable":true,"href":"https:\/\/panontech.com\/index.php?rest_route=\/wp\/v2\/users\/1"}],"replies":[{"embeddable":true,"href":"https:\/\/panontech.com\/index.php?rest_route=%2Fwp%2Fv2%2Fcomments&post=85"}],"version-history":[{"count":3,"href":"https:\/\/panontech.com\/index.php?rest_route=\/wp\/v2\/pages\/85\/revisions"}],"predecessor-version":[{"id":1443,"href":"https:\/\/panontech.com\/index.php?rest_route=\/wp\/v2\/pages\/85\/revisions\/1443"}],"up":[{"embeddable":true,"href":"https:\/\/panontech.com\/index.php?rest_route=\/wp\/v2\/pages\/10"}],"wp:attachment":[{"href":"https:\/\/panontech.com\/index.php?rest_route=%2Fwp%2Fv2%2Fmedia&parent=85"}],"wp:term":[{"taxonomy":"category","embeddable":true,"href":"https:\/\/panontech.com\/index.php?rest_route=%2Fwp%2Fv2%2Fcategories&post=85"},{"taxonomy":"post_tag","embeddable":true,"href":"https:\/\/panontech.com\/index.php?rest_route=%2Fwp%2Fv2%2Ftags&post=85"}],"curies":[{"name":"wp","href":"https:\/\/api.w.org\/{rel}","templated":true}]}}