{"id":78,"date":"2015-12-07T13:01:07","date_gmt":"2015-12-07T13:01:07","guid":{"rendered":"http:\/\/panontech.com\/wordpress\/?page_id=78"},"modified":"2017-01-12T14:26:22","modified_gmt":"2017-01-12T14:26:22","slug":"pumps","status":"publish","type":"page","link":"https:\/\/panontech.com\/?page_id=78","title":{"rendered":"Pumpe"},"content":{"rendered":"<p>U ponudi imamo potopne, vertikalne, nadzemne i sve ostale vrste elektri\u010dnih pumpi za gnoj i ostale fluide,<\/p>\n<p>snage od 4 pa sve do 22kW, renomiranih europskih proizvo\u0111a\u010da.<\/p>\n<p>&nbsp;<\/p>\n<p>Isporu\u010dujemo i sve sastavne dijelove, ventile, obujmice, nosa\u010de i spojnice za ugradnju i spajanje pumpi<\/p>\n<p>na transportne cjevovode raznih promjera.<\/p>\n<p>Za transport fluida nudimo i razne vrste cijevi te spojnice, prirubnice i koljena za iste.<\/p>\n<p>&nbsp;<\/p>\n<p>Za sve pumpe nudimo i mogu\u0107nost automatizacije rada, prema dnevnim i tjednim pretpode\u0161enim re\u017eimima,<\/p>\n<p>te prema koli\u010dini teku\u0107ine u spremniku \/ jami. Tako\u0111er isporu\u010dujemo i razne pumpe na traktorski pogon.<\/p>\n<p>&nbsp;<\/p>\n<p>Pregled osnovnih modela pumpi:<\/p>\n<p><a href=\"http:\/\/panontech.com\/wp-content\/uploads\/2015\/12\/TMHP-e1481095731991.jpg\"><img loading=\"lazy\" class=\"alignnone wp-image-1135 size-medium\" src=\"http:\/\/panontech.com\/wp-content\/uploads\/2015\/12\/TMHP-171x300.jpg\" width=\"171\" height=\"300\"><\/a><\/p>\n<p>TMHP model<\/p>\n<p>Visokotla\u010dna potopna elektromotorna pumpa sa gornjim usisom<\/p>\n<p>Snage 11, 17 i 22kW, 400V, 50Hz, 1450 o\/min.<\/p>\n<p>Za transfer teku\u0107eg gnoja, biomase i industrijskih i otpadnih voda<\/p>\n<p>Maksimalnog kapaciteta 200, 300 i 350 m3\/h, te tlaka 2.0, 3.2 i 3.8 Bar-a.<\/p>\n<p>&nbsp;<\/p>\n<p><a href=\"http:\/\/panontech.com\/wp-content\/uploads\/2015\/12\/TMP.jpg\"><img loading=\"lazy\" class=\"alignnone wp-image-1211\" src=\"http:\/\/panontech.com\/wp-content\/uploads\/2015\/12\/TMP.jpg\" alt=\"\" width=\"189\" height=\"193\" srcset=\"https:\/\/panontech.com\/wp-content\/uploads\/2015\/12\/TMP.jpg 410w, https:\/\/panontech.com\/wp-content\/uploads\/2015\/12\/TMP-295x300.jpg 295w, https:\/\/panontech.com\/wp-content\/uploads\/2015\/12\/TMP-230x234.jpg 230w, https:\/\/panontech.com\/wp-content\/uploads\/2015\/12\/TMP-350x356.jpg 350w\" sizes=\"(max-width: 189px) 100vw, 189px\" \/><\/a><\/p>\n<p>TMP model<\/p>\n<p>Standardna potopna pumpa za razne namjene<\/p>\n<p>Snage od 4-22kW, 400V, 50Hz, 1450 o\/min.<\/p>\n<p>Maksimalnog kapaciteta 80-408 m3\/h, te tlaka 0.8-2.3 Bar-a.<\/p>\n<p><a href=\"http:\/\/panontech.com\/wp-content\/uploads\/2015\/12\/LHP.jpg\"><img loading=\"lazy\" class=\"alignnone wp-image-1212\" src=\"http:\/\/panontech.com\/wp-content\/uploads\/2015\/12\/LHP.jpg\" alt=\"\" width=\"150\" height=\"448\" srcset=\"https:\/\/panontech.com\/wp-content\/uploads\/2015\/12\/LHP.jpg 240w, https:\/\/panontech.com\/wp-content\/uploads\/2015\/12\/LHP-100x300.jpg 100w, https:\/\/panontech.com\/wp-content\/uploads\/2015\/12\/LHP-230x687.jpg 230w\" sizes=\"(max-width: 150px) 100vw, 150px\" \/><\/a><\/p>\n<p>LHP model<\/p>\n<p>Dugoosovinska pumpa sa gornjim usisom<\/p>\n<p>Snage od 11-22kW<\/p>\n<p>Maksimalni&nbsp; kapacitet 200-350 m3\/h, tlak od 2.0-4.0 Bar-a.<\/p>\n<p><a href=\"http:\/\/panontech.com\/wp-content\/uploads\/2015\/12\/LKP.jpg\"><img loading=\"lazy\" class=\"alignnone wp-image-1213\" src=\"http:\/\/panontech.com\/wp-content\/uploads\/2015\/12\/LKP.jpg\" alt=\"\" width=\"152\" height=\"461\" srcset=\"https:\/\/panontech.com\/wp-content\/uploads\/2015\/12\/LKP.jpg 257w, https:\/\/panontech.com\/wp-content\/uploads\/2015\/12\/LKP-99x300.jpg 99w, https:\/\/panontech.com\/wp-content\/uploads\/2015\/12\/LKP-230x698.jpg 230w\" sizes=\"(max-width: 152px) 100vw, 152px\" \/><\/a><\/p>\n<p>LKP model<\/p>\n<p>Dugoosovinska pumpa sa donjim usisom<\/p>\n<p>Snage 5.5-22kW<\/p>\n<p>Maksimalni kapacitet 155-408 m3\/h, tlak od 0.8-2.3 Bar-a.<\/p>\n<p>&nbsp;<\/p>\n<p><a href=\"http:\/\/panontech.com\/wp-content\/uploads\/2015\/12\/DKP.jpg\"><img loading=\"lazy\" class=\"alignnone wp-image-1214\" src=\"http:\/\/panontech.com\/wp-content\/uploads\/2015\/12\/DKP.jpg\" alt=\"\" width=\"315\" height=\"159\" srcset=\"https:\/\/panontech.com\/wp-content\/uploads\/2015\/12\/DKP.jpg 557w, https:\/\/panontech.com\/wp-content\/uploads\/2015\/12\/DKP-300x151.jpg 300w, https:\/\/panontech.com\/wp-content\/uploads\/2015\/12\/DKP-230x116.jpg 230w, https:\/\/panontech.com\/wp-content\/uploads\/2015\/12\/DKP-350x177.jpg 350w\" sizes=\"(max-width: 315px) 100vw, 315px\" \/><\/a><\/p>\n<p>DKP model<\/p>\n<p>Pumpa sa specijalno dizajniranim lopaticama<\/p>\n<p>Idealna za ugradnju direktno u dionice cjevovoda<\/p>\n<p>Elektromotorni ili traktorski pogon<\/p>\n<p>Snage od 4-30 kW, kapacitet 18-243 m3\/h, tlak od 1-5 Bar-a.<\/p>\n<p>&nbsp;<\/p>\n<p>&nbsp;<\/p>\n<p><a href=\"http:\/\/panontech.com\/wp-content\/uploads\/2015\/12\/HEX.jpg\"><img loading=\"lazy\" class=\"alignnone wp-image-1215\" src=\"http:\/\/panontech.com\/wp-content\/uploads\/2015\/12\/HEX.jpg\" alt=\"\" width=\"308\" height=\"165\" srcset=\"https:\/\/panontech.com\/wp-content\/uploads\/2015\/12\/HEX.jpg 768w, https:\/\/panontech.com\/wp-content\/uploads\/2015\/12\/HEX-300x161.jpg 300w, https:\/\/panontech.com\/wp-content\/uploads\/2015\/12\/HEX-230x123.jpg 230w, https:\/\/panontech.com\/wp-content\/uploads\/2015\/12\/HEX-350x188.jpg 350w\" sizes=\"(max-width: 308px) 100vw, 308px\" \/><\/a><\/p>\n<p>HEX model<\/p>\n<p>Ekscentri\u010dne vij\u010dane pumpe za razne namjene<\/p>\n<p>Snage od 7.5-15 kW, kapacitet 26-68 m3\/h, tlak od 2-6 Bar-a.<\/p>\n<p><a href=\"http:\/\/panontech.com\/wp-content\/uploads\/2015\/12\/Bat.jpg\"><img loading=\"lazy\" class=\"alignnone  wp-image-1444\" src=\"http:\/\/panontech.com\/wp-content\/uploads\/2015\/12\/Bat.jpg\" alt=\"\" width=\"308\" height=\"213\" srcset=\"https:\/\/panontech.com\/wp-content\/uploads\/2015\/12\/Bat.jpg 1024w, https:\/\/panontech.com\/wp-content\/uploads\/2015\/12\/Bat-300x207.jpg 300w, https:\/\/panontech.com\/wp-content\/uploads\/2015\/12\/Bat-768x531.jpg 768w, https:\/\/panontech.com\/wp-content\/uploads\/2015\/12\/Bat-830x574.jpg 830w, https:\/\/panontech.com\/wp-content\/uploads\/2015\/12\/Bat-230x159.jpg 230w, https:\/\/panontech.com\/wp-content\/uploads\/2015\/12\/Bat-350x242.jpg 350w\" sizes=\"(max-width: 308px) 100vw, 308px\" \/><\/a><\/p>\n<p>Razne potopne pumpe sa prate\u0107im priborom<\/p>\n<p><a href=\"http:\/\/panontech.com\/wp-content\/uploads\/2015\/12\/bat1.jpg\"><img loading=\"lazy\" class=\"alignnone  wp-image-1445\" src=\"http:\/\/panontech.com\/wp-content\/uploads\/2015\/12\/bat1.jpg\" alt=\"\" width=\"284\" height=\"196\" srcset=\"https:\/\/panontech.com\/wp-content\/uploads\/2015\/12\/bat1.jpg 1024w, https:\/\/panontech.com\/wp-content\/uploads\/2015\/12\/bat1-300x207.jpg 300w, https:\/\/panontech.com\/wp-content\/uploads\/2015\/12\/bat1-768x531.jpg 768w, https:\/\/panontech.com\/wp-content\/uploads\/2015\/12\/bat1-830x574.jpg 830w, https:\/\/panontech.com\/wp-content\/uploads\/2015\/12\/bat1-230x159.jpg 230w, https:\/\/panontech.com\/wp-content\/uploads\/2015\/12\/bat1-350x242.jpg 350w\" sizes=\"(max-width: 284px) 100vw, 284px\" \/><\/a><\/p>\n<p>Razne centrifugalne povr\u0161inske pumpe<\/p>\n<p><a href=\"http:\/\/panontech.com\/wp-content\/uploads\/2015\/12\/batls-e1484230471645.jpg\"><img loading=\"lazy\" class=\"alignnone size-full wp-image-1446\" src=\"http:\/\/panontech.com\/wp-content\/uploads\/2015\/12\/batls-e1484230471645.jpg\" alt=\"\" width=\"563\" height=\"143\" srcset=\"https:\/\/panontech.com\/wp-content\/uploads\/2015\/12\/batls-e1484230471645.jpg 563w, https:\/\/panontech.com\/wp-content\/uploads\/2015\/12\/batls-e1484230471645-300x76.jpg 300w, https:\/\/panontech.com\/wp-content\/uploads\/2015\/12\/batls-e1484230471645-230x58.jpg 230w, https:\/\/panontech.com\/wp-content\/uploads\/2015\/12\/batls-e1484230471645-350x89.jpg 350w\" sizes=\"(max-width: 563px) 100vw, 563px\" \/><\/a><\/p>\n<p>Razne pumpe sa dugom osovinom i elektromotornim pogonom izvan teku\u0107ine<\/p>\n<p><a href=\"http:\/\/panontech.com\/wp-content\/uploads\/2015\/12\/rotary-lobe.jpg\"><img loading=\"lazy\" class=\"alignnone  wp-image-1447\" src=\"http:\/\/panontech.com\/wp-content\/uploads\/2015\/12\/rotary-lobe.jpg\" alt=\"\" width=\"328\" height=\"253\" srcset=\"https:\/\/panontech.com\/wp-content\/uploads\/2015\/12\/rotary-lobe.jpg 720w, https:\/\/panontech.com\/wp-content\/uploads\/2015\/12\/rotary-lobe-300x232.jpg 300w, https:\/\/panontech.com\/wp-content\/uploads\/2015\/12\/rotary-lobe-230x178.jpg 230w, https:\/\/panontech.com\/wp-content\/uploads\/2015\/12\/rotary-lobe-350x270.jpg 350w\" sizes=\"(max-width: 328px) 100vw, 328px\" \/><\/a><\/p>\n<p>Razne pumpe sa specijalnim rotorima<\/p>\n<p>10 &#8211; 1500 m3\/h, do 90mm prolaz krutih tijela, do 16 Bar tlaka, lagano odr\u017eavanje<\/p>\n<p><a href=\"http:\/\/panontech.com\/wp-content\/uploads\/2015\/12\/rotacut.jpg\"><img loading=\"lazy\" class=\"alignnone  wp-image-1448\" src=\"http:\/\/panontech.com\/wp-content\/uploads\/2015\/12\/rotacut.jpg\" alt=\"\" width=\"382\" height=\"302\" srcset=\"https:\/\/panontech.com\/wp-content\/uploads\/2015\/12\/rotacut.jpg 720w, https:\/\/panontech.com\/wp-content\/uploads\/2015\/12\/rotacut-300x237.jpg 300w, https:\/\/panontech.com\/wp-content\/uploads\/2015\/12\/rotacut-230x182.jpg 230w, https:\/\/panontech.com\/wp-content\/uploads\/2015\/12\/rotacut-350x277.jpg 350w\" sizes=\"(max-width: 382px) 100vw, 382px\" \/><\/a><\/p>\n<p>Rezanje, mljevenje i usitnjavanje specijalnim strojevima<\/p>\n<p>Kapaciteta do 1140 m3\/h<\/p>\n<p><a href=\"http:\/\/panontech.com\/wp-content\/uploads\/2015\/12\/sct2.jpg\"><img loading=\"lazy\" class=\"alignnone size-full wp-image-1449\" src=\"http:\/\/panontech.com\/wp-content\/uploads\/2015\/12\/sct2.jpg\" alt=\"\" width=\"640\" height=\"400\" srcset=\"https:\/\/panontech.com\/wp-content\/uploads\/2015\/12\/sct2.jpg 640w, https:\/\/panontech.com\/wp-content\/uploads\/2015\/12\/sct2-300x188.jpg 300w, https:\/\/panontech.com\/wp-content\/uploads\/2015\/12\/sct2-230x144.jpg 230w, https:\/\/panontech.com\/wp-content\/uploads\/2015\/12\/sct2-350x219.jpg 350w\" sizes=\"(max-width: 640px) 100vw, 640px\" \/><\/a><\/p>\n<p>Specijalne ekscentri\u010dne vij\u010dane pumpe, lako rastavljanje i odr\u017eavanje, mogu\u0107nost pode\u0161avanja<\/p>","protected":false},"excerpt":{"rendered":"U ponudi imamo potopne, vertikalne, nadzemne i sve ostale vrste elektri\u010dnih pumpi za gnoj i ostale fluide, snage od 4 pa sve do 22kW, renomiranih europskih proizvo\u0111a\u010da. &nbsp; Isporu\u010dujemo i sve sastavne dijelove, ventile, obujmice, nosa\u010de i spojnice za ugradnju i spajanje pumpi na transportne cjevovode raznih promjera. Za transport fluida nudimo i razne vrste [&hellip;]","protected":false},"author":1,"featured_media":0,"parent":10,"menu_order":0,"comment_status":"closed","ping_status":"closed","template":"","meta":{"ngg_post_thumbnail":0},"categories":[],"tags":[],"_links":{"self":[{"href":"https:\/\/panontech.com\/index.php?rest_route=\/wp\/v2\/pages\/78"}],"collection":[{"href":"https:\/\/panontech.com\/index.php?rest_route=\/wp\/v2\/pages"}],"about":[{"href":"https:\/\/panontech.com\/index.php?rest_route=\/wp\/v2\/types\/page"}],"author":[{"embeddable":true,"href":"https:\/\/panontech.com\/index.php?rest_route=\/wp\/v2\/users\/1"}],"replies":[{"embeddable":true,"href":"https:\/\/panontech.com\/index.php?rest_route=%2Fwp%2Fv2%2Fcomments&post=78"}],"version-history":[{"count":11,"href":"https:\/\/panontech.com\/index.php?rest_route=\/wp\/v2\/pages\/78\/revisions"}],"predecessor-version":[{"id":1450,"href":"https:\/\/panontech.com\/index.php?rest_route=\/wp\/v2\/pages\/78\/revisions\/1450"}],"up":[{"embeddable":true,"href":"https:\/\/panontech.com\/index.php?rest_route=\/wp\/v2\/pages\/10"}],"wp:attachment":[{"href":"https:\/\/panontech.com\/index.php?rest_route=%2Fwp%2Fv2%2Fmedia&parent=78"}],"wp:term":[{"taxonomy":"category","embeddable":true,"href":"https:\/\/panontech.com\/index.php?rest_route=%2Fwp%2Fv2%2Fcategories&post=78"},{"taxonomy":"post_tag","embeddable":true,"href":"https:\/\/panontech.com\/index.php?rest_route=%2Fwp%2Fv2%2Ftags&post=78"}],"curies":[{"name":"wp","href":"https:\/\/api.w.org\/{rel}","templated":true}]}}