{"id":72,"date":"2015-12-07T13:00:12","date_gmt":"2015-12-07T13:00:12","guid":{"rendered":"http:\/\/panontech.com\/wordpress\/?page_id=72"},"modified":"2017-01-19T09:36:17","modified_gmt":"2017-01-19T09:36:17","slug":"lagoons","status":"publish","type":"page","link":"https:\/\/panontech.com\/?page_id=72","title":{"rendered":"Lagune"},"content":{"rendered":"<p>Specijalisti smo za oblaganje laguna za skladi\u0161tenje teku\u0107eg gnoja, digestata, pitke i otpadne vode.<\/p>\n<p>Nakon vi\u0161egodi\u0161njeg direktnog iskustva i nekoliko projekata iza nas,<br \/>\nmo\u017eemo slobodno re\u0107i sa smo u potpunosti kompetentni dizajnirati,<br \/>\nizraditi\/izvesti i oblo\u017eiti hidroizolacijom sve vrste i dimenzije laguna.<\/p>\n<p>Tako\u0111er nudimo i sve potrebne glavne i pomo\u0107ne materijale od renomiranih europskih proizvo\u0111a\u010da.<br \/>\nGeotekstili, PEHD geomembrane i razni ostali geokompoziti mogu se isporu\u010diti i ugraditi u vrlo kratkom roku<br \/>\nna va\u0161e gradili\u0161te, ne samo za projekte laguna, ve\u0107 i za druge primjene poput cesta, odlagali\u0161ta otpada,<br \/>\nrazne pokose &#8211; kontrolu erozije i sli\u010dno.<\/p>\n<p>HDPE ili PEHD membrane su polietilenske folije visoke \u010dvrsto\u0107e.&nbsp;&nbsp;<\/p>\n<p>Naj\u010de\u0161\u0107e se&nbsp;primjenjuju na odlagali\u0161tima otpada, akumulacijskim jezerima, ukrasnim jezerima, kanalima,&nbsp;&nbsp;&nbsp;&nbsp;&nbsp;<\/p>\n<p>ponekada kao temeljna hidroizolacijska membrana i sli\u010dnim aplikacijama.&nbsp;<\/p>\n<p>S obzirom na&nbsp;odli\u010dnu kemijsku otpornost&nbsp;naj\u010de\u0161\u0107e se koriste&nbsp;kao baza na odlagali\u0161tima&nbsp;otpada.<\/p>\n<p>Slobodno nas kontaktirajte vezano uz Va\u0161e upite, ideje i zamisli,<br \/>\nrado \u0107emo Vam pomo\u0107i oko razvoja i realizacije istih!<\/p>\n<p>&nbsp;<\/p>\n<p>\n\n<div class=\"ngg-galleryoverview ngg-slideshow\"\n\t id=\"ngg-slideshow-60d39b539c8b73b719a47e94aa53b758-6561669370\"\n     data-gallery-id=\"60d39b539c8b73b719a47e94aa53b758\"\n     style=\"max-width: 800px; max-height: 600px;\">\n\n \t<div id=\"ngg-image-0\" class=\"ngg-gallery-slideshow-image\" style=\"height:600px\">\n\n        <a href=\"https:\/\/panontech.com\/wp-content\/gallery\/lagoons-1\/DSC_0025-Medium.JPG\"\n           title=\"\"\n           data-src=\"https:\/\/panontech.com\/wp-content\/gallery\/lagoons-1\/DSC_0025-Medium.JPG\"\n           data-thumbnail=\"https:\/\/panontech.com\/wp-content\/gallery\/lagoons-1\/thumbs\/thumbs_DSC_0025-Medium.JPG\"\n           data-image-id=\"13\"\n           data-title=\"DSC_0025 (Medium)\"\n           data-description=\"\"\n           class=\"ngg-fancybox\" rel=\"60d39b539c8b73b719a47e94aa53b758\">\n\n            <img data-image-id='13'\n                 title=\"\"\n                 alt=\"DSC_0025 (Medium)\"\n                 src=\"https:\/\/panontech.com\/wp-content\/gallery\/lagoons-1\/DSC_0025-Medium.JPG\"\n                 style=\"max-height: 580px;\"\/>\n        <\/a>\n\n        <\/div> \n<div id=\"ngg-image-1\" class=\"ngg-gallery-slideshow-image\" style=\"height:600px\">\n\n        <a href=\"https:\/\/panontech.com\/wp-content\/gallery\/lagoons-1\/DSC_0038-Medium.JPG\"\n           title=\"\"\n           data-src=\"https:\/\/panontech.com\/wp-content\/gallery\/lagoons-1\/DSC_0038-Medium.JPG\"\n           data-thumbnail=\"https:\/\/panontech.com\/wp-content\/gallery\/lagoons-1\/thumbs\/thumbs_DSC_0038-Medium.JPG\"\n           data-image-id=\"14\"\n           data-title=\"DSC_0038 (Medium)\"\n           data-description=\"\"\n           class=\"ngg-fancybox\" rel=\"60d39b539c8b73b719a47e94aa53b758\">\n\n            <img data-image-id='14'\n                 title=\"\"\n                 alt=\"DSC_0038 (Medium)\"\n                 src=\"https:\/\/panontech.com\/wp-content\/gallery\/lagoons-1\/DSC_0038-Medium.JPG\"\n                 style=\"max-height: 580px;\"\/>\n        <\/a>\n\n        <\/div> \n<div id=\"ngg-image-2\" class=\"ngg-gallery-slideshow-image\" style=\"height:600px\">\n\n        <a href=\"https:\/\/panontech.com\/wp-content\/gallery\/lagoons-1\/DSC_0050-Medium.JPG\"\n           title=\"\"\n           data-src=\"https:\/\/panontech.com\/wp-content\/gallery\/lagoons-1\/DSC_0050-Medium.JPG\"\n           data-thumbnail=\"https:\/\/panontech.com\/wp-content\/gallery\/lagoons-1\/thumbs\/thumbs_DSC_0050-Medium.JPG\"\n           data-image-id=\"15\"\n           data-title=\"DSC_0050 (Medium)\"\n           data-description=\"\"\n           class=\"ngg-fancybox\" rel=\"60d39b539c8b73b719a47e94aa53b758\">\n\n            <img data-image-id='15'\n                 title=\"\"\n                 alt=\"DSC_0050 (Medium)\"\n                 src=\"https:\/\/panontech.com\/wp-content\/gallery\/lagoons-1\/DSC_0050-Medium.JPG\"\n                 style=\"max-height: 580px;\"\/>\n        <\/a>\n\n        <\/div> \n<div id=\"ngg-image-3\" class=\"ngg-gallery-slideshow-image\" style=\"height:600px\">\n\n        <a href=\"https:\/\/panontech.com\/wp-content\/gallery\/lagoons-1\/IMG_20160513_170344-Medium.jpg\"\n           title=\"\"\n           data-src=\"https:\/\/panontech.com\/wp-content\/gallery\/lagoons-1\/IMG_20160513_170344-Medium.jpg\"\n           data-thumbnail=\"https:\/\/panontech.com\/wp-content\/gallery\/lagoons-1\/thumbs\/thumbs_IMG_20160513_170344-Medium.jpg\"\n           data-image-id=\"16\"\n           data-title=\"IMG_20160513_170344 (Medium)\"\n           data-description=\"\"\n           class=\"ngg-fancybox\" rel=\"60d39b539c8b73b719a47e94aa53b758\">\n\n            <img data-image-id='16'\n                 title=\"\"\n                 alt=\"IMG_20160513_170344 (Medium)\"\n                 src=\"https:\/\/panontech.com\/wp-content\/gallery\/lagoons-1\/IMG_20160513_170344-Medium.jpg\"\n                 style=\"max-height: 580px;\"\/>\n        <\/a>\n\n        <\/div> \n<div id=\"ngg-image-4\" class=\"ngg-gallery-slideshow-image\" style=\"height:600px\">\n\n        <a href=\"https:\/\/panontech.com\/wp-content\/gallery\/lagoons-1\/IMG_20160602_194218-Medium.jpg\"\n           title=\"\"\n           data-src=\"https:\/\/panontech.com\/wp-content\/gallery\/lagoons-1\/IMG_20160602_194218-Medium.jpg\"\n           data-thumbnail=\"https:\/\/panontech.com\/wp-content\/gallery\/lagoons-1\/thumbs\/thumbs_IMG_20160602_194218-Medium.jpg\"\n           data-image-id=\"17\"\n           data-title=\"IMG_20160602_194218 (Medium)\"\n           data-description=\"\"\n           class=\"ngg-fancybox\" rel=\"60d39b539c8b73b719a47e94aa53b758\">\n\n            <img data-image-id='17'\n                 title=\"\"\n                 alt=\"IMG_20160602_194218 (Medium)\"\n                 src=\"https:\/\/panontech.com\/wp-content\/gallery\/lagoons-1\/IMG_20160602_194218-Medium.jpg\"\n                 style=\"max-height: 580px;\"\/>\n        <\/a>\n\n        <\/div> \n<div id=\"ngg-image-5\" class=\"ngg-gallery-slideshow-image\" style=\"height:600px\">\n\n        <a href=\"https:\/\/panontech.com\/wp-content\/gallery\/lagoons-1\/IMG_20160825_163735-Medium.jpg\"\n           title=\"\"\n           data-src=\"https:\/\/panontech.com\/wp-content\/gallery\/lagoons-1\/IMG_20160825_163735-Medium.jpg\"\n           data-thumbnail=\"https:\/\/panontech.com\/wp-content\/gallery\/lagoons-1\/thumbs\/thumbs_IMG_20160825_163735-Medium.jpg\"\n           data-image-id=\"18\"\n           data-title=\"IMG_20160825_163735 (Medium)\"\n           data-description=\"\"\n           class=\"ngg-fancybox\" rel=\"60d39b539c8b73b719a47e94aa53b758\">\n\n            <img data-image-id='18'\n                 title=\"\"\n                 alt=\"IMG_20160825_163735 (Medium)\"\n                 src=\"https:\/\/panontech.com\/wp-content\/gallery\/lagoons-1\/IMG_20160825_163735-Medium.jpg\"\n                 style=\"max-height: 580px;\"\/>\n        <\/a>\n\n        <\/div> \n<div id=\"ngg-image-6\" class=\"ngg-gallery-slideshow-image\" style=\"height:600px\">\n\n        <a href=\"https:\/\/panontech.com\/wp-content\/gallery\/lagoons-1\/IMG_20160825_163751-Medium.jpg\"\n           title=\"\"\n           data-src=\"https:\/\/panontech.com\/wp-content\/gallery\/lagoons-1\/IMG_20160825_163751-Medium.jpg\"\n           data-thumbnail=\"https:\/\/panontech.com\/wp-content\/gallery\/lagoons-1\/thumbs\/thumbs_IMG_20160825_163751-Medium.jpg\"\n           data-image-id=\"19\"\n           data-title=\"IMG_20160825_163751 (Medium)\"\n           data-description=\"\"\n           class=\"ngg-fancybox\" rel=\"60d39b539c8b73b719a47e94aa53b758\">\n\n            <img data-image-id='19'\n                 title=\"\"\n                 alt=\"IMG_20160825_163751 (Medium)\"\n                 src=\"https:\/\/panontech.com\/wp-content\/gallery\/lagoons-1\/IMG_20160825_163751-Medium.jpg\"\n                 style=\"max-height: 580px;\"\/>\n        <\/a>\n\n        <\/div> \n<div id=\"ngg-image-7\" class=\"ngg-gallery-slideshow-image\" style=\"height:600px\">\n\n        <a href=\"https:\/\/panontech.com\/wp-content\/gallery\/lagoons-1\/IMG_20160827_083943-Medium.jpg\"\n           title=\"\"\n           data-src=\"https:\/\/panontech.com\/wp-content\/gallery\/lagoons-1\/IMG_20160827_083943-Medium.jpg\"\n           data-thumbnail=\"https:\/\/panontech.com\/wp-content\/gallery\/lagoons-1\/thumbs\/thumbs_IMG_20160827_083943-Medium.jpg\"\n           data-image-id=\"20\"\n           data-title=\"IMG_20160827_083943 (Medium)\"\n           data-description=\"\"\n           class=\"ngg-fancybox\" rel=\"60d39b539c8b73b719a47e94aa53b758\">\n\n            <img data-image-id='20'\n                 title=\"\"\n                 alt=\"IMG_20160827_083943 (Medium)\"\n                 src=\"https:\/\/panontech.com\/wp-content\/gallery\/lagoons-1\/IMG_20160827_083943-Medium.jpg\"\n                 style=\"max-height: 580px;\"\/>\n        <\/a>\n\n        <\/div> \n<div id=\"ngg-image-8\" class=\"ngg-gallery-slideshow-image\" style=\"height:600px\">\n\n        <a href=\"https:\/\/panontech.com\/wp-content\/gallery\/lagoons-1\/IMG_20160829_055306-Medium.jpg\"\n           title=\"\"\n           data-src=\"https:\/\/panontech.com\/wp-content\/gallery\/lagoons-1\/IMG_20160829_055306-Medium.jpg\"\n           data-thumbnail=\"https:\/\/panontech.com\/wp-content\/gallery\/lagoons-1\/thumbs\/thumbs_IMG_20160829_055306-Medium.jpg\"\n           data-image-id=\"21\"\n           data-title=\"IMG_20160829_055306 (Medium)\"\n           data-description=\"\"\n           class=\"ngg-fancybox\" rel=\"60d39b539c8b73b719a47e94aa53b758\">\n\n            <img data-image-id='21'\n                 title=\"\"\n                 alt=\"IMG_20160829_055306 (Medium)\"\n                 src=\"https:\/\/panontech.com\/wp-content\/gallery\/lagoons-1\/IMG_20160829_055306-Medium.jpg\"\n                 style=\"max-height: 580px;\"\/>\n        <\/a>\n\n        <\/div> \n<div id=\"ngg-image-9\" class=\"ngg-gallery-slideshow-image\" style=\"height:600px\">\n\n        <a href=\"https:\/\/panontech.com\/wp-content\/gallery\/lagoons-1\/IMG_20160829_055311-Medium.jpg\"\n           title=\"\"\n           data-src=\"https:\/\/panontech.com\/wp-content\/gallery\/lagoons-1\/IMG_20160829_055311-Medium.jpg\"\n           data-thumbnail=\"https:\/\/panontech.com\/wp-content\/gallery\/lagoons-1\/thumbs\/thumbs_IMG_20160829_055311-Medium.jpg\"\n           data-image-id=\"22\"\n           data-title=\"IMG_20160829_055311 (Medium)\"\n           data-description=\"\"\n           class=\"ngg-fancybox\" rel=\"60d39b539c8b73b719a47e94aa53b758\">\n\n            <img data-image-id='22'\n                 title=\"\"\n                 alt=\"IMG_20160829_055311 (Medium)\"\n                 src=\"https:\/\/panontech.com\/wp-content\/gallery\/lagoons-1\/IMG_20160829_055311-Medium.jpg\"\n                 style=\"max-height: 580px;\"\/>\n        <\/a>\n\n        <\/div> \n<\/div>\n\n\n\n<a href=\"http:\/\/panontech.com\/wp-content\/uploads\/2015\/12\/6.jpg\"><img loading=\"lazy\" class=\"aligncenter wp-image-1708 \" src=\"http:\/\/panontech.com\/wp-content\/uploads\/2015\/12\/6-576x1024.jpg\" width=\"345\" height=\"614\" srcset=\"https:\/\/panontech.com\/wp-content\/uploads\/2015\/12\/6-576x1024.jpg 576w, https:\/\/panontech.com\/wp-content\/uploads\/2015\/12\/6-169x300.jpg 169w, https:\/\/panontech.com\/wp-content\/uploads\/2015\/12\/6-768x1365.jpg 768w, https:\/\/panontech.com\/wp-content\/uploads\/2015\/12\/6-830x1476.jpg 830w, https:\/\/panontech.com\/wp-content\/uploads\/2015\/12\/6-230x409.jpg 230w, https:\/\/panontech.com\/wp-content\/uploads\/2015\/12\/6-350x622.jpg 350w\" sizes=\"(max-width: 345px) 100vw, 345px\" \/><\/a><\/p>\n<p><a href=\"http:\/\/panontech.com\/wp-content\/uploads\/2015\/12\/Geocomposites1.jpg\"><img loading=\"lazy\" class=\"aligncenter size-full wp-image-1033\" src=\"http:\/\/panontech.com\/wp-content\/uploads\/2015\/12\/Geocomposites1.jpg\" alt=\"Geocomposites\" width=\"815\" height=\"512\" srcset=\"https:\/\/panontech.com\/wp-content\/uploads\/2015\/12\/Geocomposites1.jpg 815w, https:\/\/panontech.com\/wp-content\/uploads\/2015\/12\/Geocomposites1-300x188.jpg 300w, https:\/\/panontech.com\/wp-content\/uploads\/2015\/12\/Geocomposites1-230x144.jpg 230w, https:\/\/panontech.com\/wp-content\/uploads\/2015\/12\/Geocomposites1-350x220.jpg 350w\" sizes=\"(max-width: 815px) 100vw, 815px\" \/><\/a><\/p>\n<p><strong>Drena\u017eni kompozit<\/strong><\/p>\n<p><a href=\"http:\/\/panontech.com\/wp-content\/uploads\/2015\/12\/1de89eef2805ca58a8dcdf7bad4bde24.jpg\"><img loading=\"lazy\" class=\" wp-image-1468 aligncenter\" src=\"http:\/\/panontech.com\/wp-content\/uploads\/2015\/12\/1de89eef2805ca58a8dcdf7bad4bde24.jpg\" alt=\"\" width=\"604\" height=\"403\" srcset=\"https:\/\/panontech.com\/wp-content\/uploads\/2015\/12\/1de89eef2805ca58a8dcdf7bad4bde24.jpg 800w, https:\/\/panontech.com\/wp-content\/uploads\/2015\/12\/1de89eef2805ca58a8dcdf7bad4bde24-300x200.jpg 300w, https:\/\/panontech.com\/wp-content\/uploads\/2015\/12\/1de89eef2805ca58a8dcdf7bad4bde24-768x513.jpg 768w, https:\/\/panontech.com\/wp-content\/uploads\/2015\/12\/1de89eef2805ca58a8dcdf7bad4bde24-230x154.jpg 230w, https:\/\/panontech.com\/wp-content\/uploads\/2015\/12\/1de89eef2805ca58a8dcdf7bad4bde24-350x234.jpg 350w, https:\/\/panontech.com\/wp-content\/uploads\/2015\/12\/1de89eef2805ca58a8dcdf7bad4bde24-272x182.jpg 272w\" sizes=\"(max-width: 604px) 100vw, 604px\" \/><\/a><\/p>\n<p>&nbsp;<\/p>\n<p><strong>Geoplatno<\/strong><\/p>\n<p><a href=\"http:\/\/panontech.com\/wp-content\/uploads\/2015\/12\/Geoblanket-geomat.jpg\"><img loading=\"lazy\" class=\" wp-image-1469 aligncenter\" src=\"http:\/\/panontech.com\/wp-content\/uploads\/2015\/12\/Geoblanket-geomat.jpg\" alt=\"\" width=\"604\" height=\"403\" srcset=\"https:\/\/panontech.com\/wp-content\/uploads\/2015\/12\/Geoblanket-geomat.jpg 800w, https:\/\/panontech.com\/wp-content\/uploads\/2015\/12\/Geoblanket-geomat-300x200.jpg 300w, https:\/\/panontech.com\/wp-content\/uploads\/2015\/12\/Geoblanket-geomat-768x513.jpg 768w, https:\/\/panontech.com\/wp-content\/uploads\/2015\/12\/Geoblanket-geomat-230x154.jpg 230w, https:\/\/panontech.com\/wp-content\/uploads\/2015\/12\/Geoblanket-geomat-350x234.jpg 350w, https:\/\/panontech.com\/wp-content\/uploads\/2015\/12\/Geoblanket-geomat-272x182.jpg 272w\" sizes=\"(max-width: 604px) 100vw, 604px\" \/><\/a> <a href=\"http:\/\/panontech.com\/wp-content\/uploads\/2015\/12\/Geoblanket-geomat1.jpg\"><img loading=\"lazy\" class=\" wp-image-1470 aligncenter\" src=\"http:\/\/panontech.com\/wp-content\/uploads\/2015\/12\/Geoblanket-geomat1.jpg\" alt=\"\" width=\"604\" height=\"403\" srcset=\"https:\/\/panontech.com\/wp-content\/uploads\/2015\/12\/Geoblanket-geomat1.jpg 800w, https:\/\/panontech.com\/wp-content\/uploads\/2015\/12\/Geoblanket-geomat1-300x200.jpg 300w, https:\/\/panontech.com\/wp-content\/uploads\/2015\/12\/Geoblanket-geomat1-768x513.jpg 768w, https:\/\/panontech.com\/wp-content\/uploads\/2015\/12\/Geoblanket-geomat1-230x154.jpg 230w, https:\/\/panontech.com\/wp-content\/uploads\/2015\/12\/Geoblanket-geomat1-350x234.jpg 350w, https:\/\/panontech.com\/wp-content\/uploads\/2015\/12\/Geoblanket-geomat1-272x182.jpg 272w\" sizes=\"(max-width: 604px) 100vw, 604px\" \/><\/a> <a href=\"http:\/\/panontech.com\/wp-content\/uploads\/2015\/12\/Geoblanket-geomat2.jpg\"><img loading=\"lazy\" class=\" wp-image-1471 aligncenter\" src=\"http:\/\/panontech.com\/wp-content\/uploads\/2015\/12\/Geoblanket-geomat2.jpg\" alt=\"\" width=\"604\" height=\"403\" srcset=\"https:\/\/panontech.com\/wp-content\/uploads\/2015\/12\/Geoblanket-geomat2.jpg 800w, https:\/\/panontech.com\/wp-content\/uploads\/2015\/12\/Geoblanket-geomat2-300x200.jpg 300w, https:\/\/panontech.com\/wp-content\/uploads\/2015\/12\/Geoblanket-geomat2-768x513.jpg 768w, https:\/\/panontech.com\/wp-content\/uploads\/2015\/12\/Geoblanket-geomat2-230x154.jpg 230w, https:\/\/panontech.com\/wp-content\/uploads\/2015\/12\/Geoblanket-geomat2-350x234.jpg 350w, https:\/\/panontech.com\/wp-content\/uploads\/2015\/12\/Geoblanket-geomat2-272x182.jpg 272w\" sizes=\"(max-width: 604px) 100vw, 604px\" \/><\/a><\/p>\n<p>&nbsp;<\/p>\n<p><strong>Geore\u0161etka<\/strong><\/p>\n<p><a href=\"http:\/\/panontech.com\/wp-content\/uploads\/2015\/12\/Geocell1.jpg\"><img loading=\"lazy\" class=\"wp-image-1472 aligncenter\" src=\"http:\/\/panontech.com\/wp-content\/uploads\/2015\/12\/Geocell1.jpg\" alt=\"\" width=\"605\" height=\"226\" srcset=\"https:\/\/panontech.com\/wp-content\/uploads\/2015\/12\/Geocell1.jpg 800w, https:\/\/panontech.com\/wp-content\/uploads\/2015\/12\/Geocell1-300x112.jpg 300w, https:\/\/panontech.com\/wp-content\/uploads\/2015\/12\/Geocell1-768x287.jpg 768w, https:\/\/panontech.com\/wp-content\/uploads\/2015\/12\/Geocell1-230x86.jpg 230w, https:\/\/panontech.com\/wp-content\/uploads\/2015\/12\/Geocell1-350x131.jpg 350w\" sizes=\"(max-width: 605px) 100vw, 605px\" \/><\/a> <a href=\"http:\/\/panontech.com\/wp-content\/uploads\/2015\/12\/Geocell2.jpg\"><img loading=\"lazy\" class=\" wp-image-1473 aligncenter\" src=\"http:\/\/panontech.com\/wp-content\/uploads\/2015\/12\/Geocell2.jpg\" alt=\"\" width=\"604\" height=\"453\" srcset=\"https:\/\/panontech.com\/wp-content\/uploads\/2015\/12\/Geocell2.jpg 800w, https:\/\/panontech.com\/wp-content\/uploads\/2015\/12\/Geocell2-300x225.jpg 300w, https:\/\/panontech.com\/wp-content\/uploads\/2015\/12\/Geocell2-768x576.jpg 768w, https:\/\/panontech.com\/wp-content\/uploads\/2015\/12\/Geocell2-230x173.jpg 230w, https:\/\/panontech.com\/wp-content\/uploads\/2015\/12\/Geocell2-350x263.jpg 350w\" sizes=\"(max-width: 604px) 100vw, 604px\" \/><\/a> <a href=\"http:\/\/panontech.com\/wp-content\/uploads\/2015\/12\/Geocell3.jpg\"><img loading=\"lazy\" class=\" wp-image-1474 aligncenter\" src=\"http:\/\/panontech.com\/wp-content\/uploads\/2015\/12\/Geocell3.jpg\" alt=\"\" width=\"604\" height=\"403\" srcset=\"https:\/\/panontech.com\/wp-content\/uploads\/2015\/12\/Geocell3.jpg 800w, https:\/\/panontech.com\/wp-content\/uploads\/2015\/12\/Geocell3-300x200.jpg 300w, https:\/\/panontech.com\/wp-content\/uploads\/2015\/12\/Geocell3-768x513.jpg 768w, https:\/\/panontech.com\/wp-content\/uploads\/2015\/12\/Geocell3-230x154.jpg 230w, https:\/\/panontech.com\/wp-content\/uploads\/2015\/12\/Geocell3-350x234.jpg 350w, https:\/\/panontech.com\/wp-content\/uploads\/2015\/12\/Geocell3-272x182.jpg 272w\" sizes=\"(max-width: 604px) 100vw, 604px\" \/><\/a><\/p>\n<p>&nbsp;<\/p>\n<p><strong>Geomre\u017ee<\/strong><\/p>\n<p><a href=\"http:\/\/panontech.com\/wp-content\/uploads\/2015\/12\/Geogrid1.jpg\"><img loading=\"lazy\" class=\" wp-image-1475 aligncenter\" src=\"http:\/\/panontech.com\/wp-content\/uploads\/2015\/12\/Geogrid1.jpg\" alt=\"\" width=\"604\" height=\"403\" srcset=\"https:\/\/panontech.com\/wp-content\/uploads\/2015\/12\/Geogrid1.jpg 800w, https:\/\/panontech.com\/wp-content\/uploads\/2015\/12\/Geogrid1-300x200.jpg 300w, https:\/\/panontech.com\/wp-content\/uploads\/2015\/12\/Geogrid1-768x513.jpg 768w, https:\/\/panontech.com\/wp-content\/uploads\/2015\/12\/Geogrid1-230x154.jpg 230w, https:\/\/panontech.com\/wp-content\/uploads\/2015\/12\/Geogrid1-350x234.jpg 350w, https:\/\/panontech.com\/wp-content\/uploads\/2015\/12\/Geogrid1-272x182.jpg 272w\" sizes=\"(max-width: 604px) 100vw, 604px\" \/><\/a><\/p>\n<p>&nbsp;<\/p>\n<p><a href=\"http:\/\/panontech.com\/wp-content\/uploads\/2015\/12\/Geogrid2.jpg\"><img loading=\"lazy\" class=\"wp-image-1476 aligncenter\" src=\"http:\/\/panontech.com\/wp-content\/uploads\/2015\/12\/Geogrid2.jpg\" alt=\"\" width=\"604\" height=\"403\" srcset=\"https:\/\/panontech.com\/wp-content\/uploads\/2015\/12\/Geogrid2.jpg 800w, https:\/\/panontech.com\/wp-content\/uploads\/2015\/12\/Geogrid2-300x200.jpg 300w, https:\/\/panontech.com\/wp-content\/uploads\/2015\/12\/Geogrid2-768x513.jpg 768w, https:\/\/panontech.com\/wp-content\/uploads\/2015\/12\/Geogrid2-230x154.jpg 230w, https:\/\/panontech.com\/wp-content\/uploads\/2015\/12\/Geogrid2-350x234.jpg 350w, https:\/\/panontech.com\/wp-content\/uploads\/2015\/12\/Geogrid2-272x182.jpg 272w\" sizes=\"(max-width: 604px) 100vw, 604px\" \/><\/a><\/p>\n<p><strong>Bentonitni geokompozit<\/strong><\/p>\n<p><a href=\"http:\/\/panontech.com\/wp-content\/uploads\/2015\/12\/Bentonitni-geokompozit.jpg\"><img loading=\"lazy\" class=\" wp-image-1477 aligncenter\" src=\"http:\/\/panontech.com\/wp-content\/uploads\/2015\/12\/Bentonitni-geokompozit.jpg\" alt=\"\" width=\"604\" height=\"403\" srcset=\"https:\/\/panontech.com\/wp-content\/uploads\/2015\/12\/Bentonitni-geokompozit.jpg 800w, https:\/\/panontech.com\/wp-content\/uploads\/2015\/12\/Bentonitni-geokompozit-300x200.jpg 300w, https:\/\/panontech.com\/wp-content\/uploads\/2015\/12\/Bentonitni-geokompozit-768x513.jpg 768w, https:\/\/panontech.com\/wp-content\/uploads\/2015\/12\/Bentonitni-geokompozit-230x154.jpg 230w, https:\/\/panontech.com\/wp-content\/uploads\/2015\/12\/Bentonitni-geokompozit-350x234.jpg 350w, https:\/\/panontech.com\/wp-content\/uploads\/2015\/12\/Bentonitni-geokompozit-272x182.jpg 272w\" sizes=\"(max-width: 604px) 100vw, 604px\" \/><\/a><\/p>","protected":false},"excerpt":{"rendered":"Specijalisti smo za oblaganje laguna za skladi\u0161tenje teku\u0107eg gnoja, digestata, pitke i otpadne vode. Nakon vi\u0161egodi\u0161njeg direktnog iskustva i nekoliko projekata iza nas, mo\u017eemo slobodno re\u0107i sa smo u potpunosti kompetentni dizajnirati, izraditi\/izvesti i oblo\u017eiti hidroizolacijom sve vrste i dimenzije laguna. Tako\u0111er nudimo i sve potrebne glavne i pomo\u0107ne materijale od renomiranih europskih proizvo\u0111a\u010da. Geotekstili, [&hellip;]","protected":false},"author":1,"featured_media":0,"parent":10,"menu_order":0,"comment_status":"closed","ping_status":"closed","template":"","meta":{"ngg_post_thumbnail":0},"categories":[],"tags":[],"_links":{"self":[{"href":"https:\/\/panontech.com\/index.php?rest_route=\/wp\/v2\/pages\/72"}],"collection":[{"href":"https:\/\/panontech.com\/index.php?rest_route=\/wp\/v2\/pages"}],"about":[{"href":"https:\/\/panontech.com\/index.php?rest_route=\/wp\/v2\/types\/page"}],"author":[{"embeddable":true,"href":"https:\/\/panontech.com\/index.php?rest_route=\/wp\/v2\/users\/1"}],"replies":[{"embeddable":true,"href":"https:\/\/panontech.com\/index.php?rest_route=%2Fwp%2Fv2%2Fcomments&post=72"}],"version-history":[{"count":146,"href":"https:\/\/panontech.com\/index.php?rest_route=\/wp\/v2\/pages\/72\/revisions"}],"predecessor-version":[{"id":1712,"href":"https:\/\/panontech.com\/index.php?rest_route=\/wp\/v2\/pages\/72\/revisions\/1712"}],"up":[{"embeddable":true,"href":"https:\/\/panontech.com\/index.php?rest_route=\/wp\/v2\/pages\/10"}],"wp:attachment":[{"href":"https:\/\/panontech.com\/index.php?rest_route=%2Fwp%2Fv2%2Fmedia&parent=72"}],"wp:term":[{"taxonomy":"category","embeddable":true,"href":"https:\/\/panontech.com\/index.php?rest_route=%2Fwp%2Fv2%2Fcategories&post=72"},{"taxonomy":"post_tag","embeddable":true,"href":"https:\/\/panontech.com\/index.php?rest_route=%2Fwp%2Fv2%2Ftags&post=72"}],"curies":[{"name":"wp","href":"https:\/\/api.w.org\/{rel}","templated":true}]}}