{"id":1687,"date":"2017-01-17T12:37:37","date_gmt":"2017-01-17T12:37:37","guid":{"rendered":"http:\/\/panontech.com\/?page_id=1687"},"modified":"2017-01-17T14:25:20","modified_gmt":"2017-01-17T14:25:20","slug":"cow-mattress","status":"publish","type":"page","link":"https:\/\/panontech.com\/?page_id=1687","title":{"rendered":"Madraci za krave"},"content":{"rendered":"<p>Visokokvalitetna i dugotrajna le\u017ei\u0161ta za krave u obliku madraca na\u010dinjenih od posebne mje\u0161avine<\/p>\n<p>poliuretana i lateksa, te koja se tako\u0111er odlikuju iznimno visokom udobno\u0161\u0107u za \u017eivotinje.<\/p>\n<p><a href=\"http:\/\/panontech.com\/wp-content\/uploads\/2017\/01\/Mad1.jpg\"><img loading=\"lazy\" class=\"alignnone size-full wp-image-1688\" src=\"http:\/\/panontech.com\/wp-content\/uploads\/2017\/01\/Mad1.jpg\" alt=\"\" width=\"971\" height=\"349\" srcset=\"https:\/\/panontech.com\/wp-content\/uploads\/2017\/01\/Mad1.jpg 971w, https:\/\/panontech.com\/wp-content\/uploads\/2017\/01\/Mad1-300x108.jpg 300w, https:\/\/panontech.com\/wp-content\/uploads\/2017\/01\/Mad1-768x276.jpg 768w, https:\/\/panontech.com\/wp-content\/uploads\/2017\/01\/Mad1-830x298.jpg 830w, https:\/\/panontech.com\/wp-content\/uploads\/2017\/01\/Mad1-230x83.jpg 230w, https:\/\/panontech.com\/wp-content\/uploads\/2017\/01\/Mad1-350x126.jpg 350w\" sizes=\"(max-width: 971px) 100vw, 971px\" \/><\/a><\/p>\n<p>Meko\u0107a: madrac je dizajniran kako bi se osigurao pravi kompromis izme\u0111u meko\u0107e, udobnosti i otpornosti na optere\u0107enja,<\/p>\n<p>\u010dime se izbjegavaju gubitak ravnote\u017ee i slu\u010dajni padovi \u017eivotinja.<\/p>\n<p>&nbsp;<\/p>\n<p>Elasti\u010dnost: zahvaljuju\u0107i posebnoj stani\u010dnoj strukturi, madrac se uvijek vra\u0107a na svoju izvornu debljinu,<\/p>\n<p>dr\u017ee\u0107i tkaninu napetom i spre\u010dava stvaranja rupa i ulegnu\u0107a, te onemogu\u0107ava stagnaciju teku\u0107ine i urina.<\/p>\n<p>&nbsp;<\/p>\n<p>Otpornost: visoka kvaliteta materijala i sustav pri\u010dvr\u0161\u0107ivanja su garancija otpornosti i u\u010dinkovitosti madraca<\/p>\n<p>tijekom vremena. Prvi madraci, proizvedeni i instalirani u 2001, jo\u0161 su uvijek u uporabi i netaknuti.<\/p>\n<p>&nbsp;<\/p>\n<p>Toplinska izolacija: madrac je izra\u0111en od mje\u0161avine poliuretanske pjene i lateksa, materijal visoke<\/p>\n<p>toplinske izolacije, koji spre\u010dava prijenos hladno\u0107e s betonskih povr\u0161ina na tijelo \u017eivotinje<\/p>\n<p>u zimskim mjesecima, te topline u ljetnim mjesecima.<\/p>\n<p>&nbsp;<\/p>\n<p>Higijena: Slijevanje urina sa povr\u0161ini bez ulegnu\u0107a vam omogu\u0107uje da se \u017eivotinju zadr\u017ei uvijek<\/p>\n<p>\u010distom i time smanjuje vrijeme potrebno za \u010di\u0161\u0107enje i uklanjanje.<\/p>\n<p>&nbsp;<\/p>\n<p>Smanjenje tro\u0161kova: u slu\u010daju znakova tro\u0161enja tijekom godina, gornja za\u0161titna prostirka je brzo<\/p>\n<p>zamjenjiva, bez potrebe za zamjenom podlo\u017enog madraca. Ova zna\u010dajka bitno smanjuje tro\u0161kove<\/p>\n<p>odr\u017eavanja le\u017ei\u0161ta za krave u savr\u0161enim uvjetima. <a href=\"http:\/\/panontech.com\/wp-content\/uploads\/2017\/01\/Mad2.jpg\"><img loading=\"lazy\" class=\"alignnone size-full wp-image-1689\" src=\"http:\/\/panontech.com\/wp-content\/uploads\/2017\/01\/Mad2.jpg\" alt=\"\" width=\"1075\" height=\"345\" srcset=\"https:\/\/panontech.com\/wp-content\/uploads\/2017\/01\/Mad2.jpg 1075w, https:\/\/panontech.com\/wp-content\/uploads\/2017\/01\/Mad2-300x96.jpg 300w, https:\/\/panontech.com\/wp-content\/uploads\/2017\/01\/Mad2-768x246.jpg 768w, https:\/\/panontech.com\/wp-content\/uploads\/2017\/01\/Mad2-1024x329.jpg 1024w, https:\/\/panontech.com\/wp-content\/uploads\/2017\/01\/Mad2-830x266.jpg 830w, https:\/\/panontech.com\/wp-content\/uploads\/2017\/01\/Mad2-230x74.jpg 230w, https:\/\/panontech.com\/wp-content\/uploads\/2017\/01\/Mad2-350x112.jpg 350w\" sizes=\"(max-width: 1075px) 100vw, 1075px\" \/><\/a><\/p>","protected":false},"excerpt":{"rendered":"Visokokvalitetna i dugotrajna le\u017ei\u0161ta za krave u obliku madraca na\u010dinjenih od posebne mje\u0161avine poliuretana i lateksa, te koja se tako\u0111er odlikuju iznimno visokom udobno\u0161\u0107u za \u017eivotinje. Meko\u0107a: madrac je dizajniran kako bi se osigurao pravi kompromis izme\u0111u meko\u0107e, udobnosti i otpornosti na optere\u0107enja, \u010dime se izbjegavaju gubitak ravnote\u017ee i slu\u010dajni padovi \u017eivotinja. &nbsp; Elasti\u010dnost: zahvaljuju\u0107i [&hellip;]","protected":false},"author":1,"featured_media":0,"parent":10,"menu_order":0,"comment_status":"closed","ping_status":"closed","template":"","meta":{"ngg_post_thumbnail":0},"categories":[],"tags":[],"_links":{"self":[{"href":"https:\/\/panontech.com\/index.php?rest_route=\/wp\/v2\/pages\/1687"}],"collection":[{"href":"https:\/\/panontech.com\/index.php?rest_route=\/wp\/v2\/pages"}],"about":[{"href":"https:\/\/panontech.com\/index.php?rest_route=\/wp\/v2\/types\/page"}],"author":[{"embeddable":true,"href":"https:\/\/panontech.com\/index.php?rest_route=\/wp\/v2\/users\/1"}],"replies":[{"embeddable":true,"href":"https:\/\/panontech.com\/index.php?rest_route=%2Fwp%2Fv2%2Fcomments&post=1687"}],"version-history":[{"count":1,"href":"https:\/\/panontech.com\/index.php?rest_route=\/wp\/v2\/pages\/1687\/revisions"}],"predecessor-version":[{"id":1691,"href":"https:\/\/panontech.com\/index.php?rest_route=\/wp\/v2\/pages\/1687\/revisions\/1691"}],"up":[{"embeddable":true,"href":"https:\/\/panontech.com\/index.php?rest_route=\/wp\/v2\/pages\/10"}],"wp:attachment":[{"href":"https:\/\/panontech.com\/index.php?rest_route=%2Fwp%2Fv2%2Fmedia&parent=1687"}],"wp:term":[{"taxonomy":"category","embeddable":true,"href":"https:\/\/panontech.com\/index.php?rest_route=%2Fwp%2Fv2%2Fcategories&post=1687"},{"taxonomy":"post_tag","embeddable":true,"href":"https:\/\/panontech.com\/index.php?rest_route=%2Fwp%2Fv2%2Ftags&post=1687"}],"curies":[{"name":"wp","href":"https:\/\/api.w.org\/{rel}","templated":true}]}}