{"id":1649,"date":"2017-01-16T15:38:43","date_gmt":"2017-01-16T15:38:43","guid":{"rendered":"http:\/\/panontech.com\/?page_id=1649"},"modified":"2017-01-18T13:44:38","modified_gmt":"2017-01-18T13:44:38","slug":"polymer-cement-waterproofing","status":"publish","type":"page","link":"https:\/\/panontech.com\/?page_id=1649","title":{"rendered":"Za\u0161tita konstrukcija"},"content":{"rendered":"<p>Unutar skladi\u0161nih komora (izra\u0111enih od betona), gdje se stavljaju otpadne tvari od kojih prirodnim procesom nastaju bioplinovi, koji se transformiraju u energiju, potrebno je izvesti za\u0161titu unutarnje obloge betona. Za\u0161tita je potrebna zbog toga jer se pri stvaranju bioplina razvijaju izuzetno agresivni spojevi, koji znaju &#8220;izgristi&#8221; beton \u010dak do nosive armature.<\/p>\n<p style=\"text-align: left;\">Kako bi se to sprije\u010dilo koristimo specijalne sustav za\u0161tite od svjetski renomiranog proizvo\u0111a\u010da koji onemogu\u0107ava, kako o\u0161te\u0107enje betonske posteljice, tako i prolaz \u0161tetnih tvari u okolinu te zaga\u0111enje iste.<\/p>\n<p style=\"text-align: center;\"><img loading=\"lazy\" class=\"img-responsive alignright\" src=\"http:\/\/www.koster.hr\/files\/5-Korrosionsschutz-auf-Beton.JPG\" height=\"252\" width=\"364\"><a href=\"http:\/\/panontech.com\/wp-content\/uploads\/2017\/01\/1.png\"><img loading=\"lazy\" class=\"alignnone wp-image-1702\" src=\"http:\/\/panontech.com\/wp-content\/uploads\/2017\/01\/1.png\" alt=\"\" height=\"260\" width=\"347\" srcset=\"https:\/\/panontech.com\/wp-content\/uploads\/2017\/01\/1.png 704w, https:\/\/panontech.com\/wp-content\/uploads\/2017\/01\/1-300x225.png 300w, https:\/\/panontech.com\/wp-content\/uploads\/2017\/01\/1-230x172.png 230w, https:\/\/panontech.com\/wp-content\/uploads\/2017\/01\/1-350x262.png 350w\" sizes=\"(max-width: 347px) 100vw, 347px\" \/><\/a> &nbsp;<\/p>\n<ul>\n<li>Epoksidni sustavi (za dekorativnu za\u0161titu ili za ja\u010da kemijska i mehani\u010dka optere\u0107enja u industrijskim pogonima)\n<ul>\n<li>Protupra\u0161ni premazi<\/li>\n<li>Samoniveliraju\u0107e smole<\/li>\n<li>Transparentni premazi<\/li>\n<li>Parne brane<\/li>\n<\/ul>\n<\/li>\n<\/ul>\n<ul>\n<li>Reparaturni mortovi, brzovezuju\u0107i cement i specijalni mortovi\n<ul>\n<li>Reparaturni mortovi (za fine popravke, brzosu\u0161e\u0107i, brzovezuju\u0107i itd.)<br \/>\nSanacijske \u017ebuke<\/li>\n<li>Trokomponentni mortovi za velika kemijska optere\u0107enja<\/li>\n<li>Mortovi za podvodne sanacije<\/li>\n<li>Mortovi za za\u0161titu od korozije<\/li>\n<li>Fini mortovi za injektiranja i strukturno oja\u010danje<\/li>\n<\/ul>\n<\/li>\n<\/ul>\n<ul>\n<li>&nbsp;Proizvodi za brtvljenje vode pod pritiskom i bez pritiska, horizontalne barijere, sustavi protiv plijesni\n<ul>\n<li>Polimer-cementne hidroizolacije<\/li>\n<li>Hidroizolacijski premazi otporni na negativan pritisak do 13 bara<\/li>\n<li>Aditivi za postizanje fleksibilnosti hidroizolacijskih premaza<\/li>\n<li>Reparaturni mortovi<\/li>\n<li>Brzovezuju\u0107a brtvila<\/li>\n<\/ul>\n<\/li>\n<\/ul>\n<ul>\n<li>Bitumenski hidroizolacijski premazi\n<ul>\n<li>&nbsp;Visoko elasti\u010dni bitumenski premazi (proizvodi specifi\u010dnih karakteristika \u2013 npr. svojstva izdu\u017eenja prije sloma 900%)<\/li>\n<\/ul>\n<\/li>\n<\/ul>\n<ul>\n<li>Krovne i podzemne hidroizolacije\n<ul>\n<li>Sinteti\u010dki premazi<\/li>\n<li>Samoljepive bitumenske membrane&nbsp;<\/li>\n<li>Samoljepive parne brane<\/li>\n<li>Brtvene trake i armaturne mre\u017eice<\/li>\n<li>FPO i ECB folije<\/li>\n<\/ul>\n<\/li>\n<\/ul>\n<ul>\n<li>Otopine za prekid kapilarne vlage (proizvodi za gravitacijska injektiranja)\n<ul>\n<li>Teku\u0107ine i sav popratni materijal (nosa\u010di, kapilarni \u0161tapi\u0107i itd.)<\/li>\n<\/ul>\n<\/li>\n<\/ul>\n<ul>\n<li>&nbsp;Injekcijska sredstva \u2013 smole i pjene za injektiranje\n<ul>\n<li>&nbsp;Smole za injektiranje pukotina<\/li>\n<li>&nbsp;Smole za konstrukcijska lijepljenja<\/li>\n<li>Gelovi za izradu hidroizolacijskih zavjesa ili brtvljenje dilatacija<\/li>\n<\/ul>\n<\/li>\n<\/ul>\n<ul>\n<li>Dodaci za izradu betona i morta\n<ul>\n<li>Dodaci za pove\u0107anje plasti\u010dnosti mortova<\/li>\n<li>Dodaci za pove\u0107anje elasti\u010dnosti i smanjenje upojivosti<\/li>\n<li>Dodaci za vodonepropusnost betona<\/li>\n<\/ul>\n<\/li>\n<\/ul>\n<ul>\n<li>Elasti\u010dna brtvila, trake za spojeve \/ dilatacije\n<ul>\n<li>Poliuretanska brtvila za podove i zidove<\/li>\n<li>Brtvila za prodore kablova i cijevi<\/li>\n<li>Trake za spojeve \/ dilatacije<\/li>\n<\/ul>\n<\/li>\n<\/ul>\n<ul>\n<li>Impregnacija za fasade i premazi za za\u0161titu podloge\n<ul>\n<li>Hidrofobne impregnacije za mineralne podloge<\/li>\n<li>Za\u0161titne silikonske boje<\/li>\n<li>Kreme za \u010di\u0161\u0107enje fasade<\/li>\n<\/ul>\n<\/li>\n<\/ul>\n<ul>\n<li>Razni alati, pribori i oprema za ugradnju gra\u0111evinskih materijala\n<ul>\n<li>Pumpe za injektiranje (prodaja i najam)<\/li>\n<li>Pakeri za injektiranje<\/li>\n<li>Injekcijska koplja<\/li>\n<li>Zamjenski dijelovi<\/li>\n<\/ul>\n<\/li>\n<\/ul>\n<ul>\n<li>Sredstva za \u010di\u0161\u0107enje\n<ul>\n<li>Sredstva za odstranjivanje epoksidnih smola i bitumena<\/li>\n<\/ul>\n<\/li>\n<\/ul>\n<p><img loading=\"lazy\" class=\"img-responsive aligncenter\" title=\"\" src=\"http:\/\/www.koster.hr\/files\/_btnSystemsProducts\/W-Abdichtungssysteme.jpg\" alt=\"\" height=\"149\" width=\"477\"><\/p>\n<p><a href=\"http:\/\/panontech.com\/wp-content\/uploads\/2017\/01\/4.png\"><img loading=\"lazy\" class=\"wp-image-1704 aligncenter\" src=\"http:\/\/panontech.com\/wp-content\/uploads\/2017\/01\/4.png\" alt=\"\" height=\"347\" width=\"480\" srcset=\"https:\/\/panontech.com\/wp-content\/uploads\/2017\/01\/4.png 527w, https:\/\/panontech.com\/wp-content\/uploads\/2017\/01\/4-300x217.png 300w, https:\/\/panontech.com\/wp-content\/uploads\/2017\/01\/4-230x166.png 230w, https:\/\/panontech.com\/wp-content\/uploads\/2017\/01\/4-350x253.png 350w\" sizes=\"(max-width: 480px) 100vw, 480px\" \/><\/a><\/p>\n<p>&nbsp;<\/p>\n<p>&nbsp;<\/p>","protected":false},"excerpt":{"rendered":"Unutar skladi\u0161nih komora (izra\u0111enih od betona), gdje se stavljaju otpadne tvari od kojih prirodnim procesom nastaju bioplinovi, koji se transformiraju u energiju, potrebno je izvesti za\u0161titu unutarnje obloge betona. Za\u0161tita je potrebna zbog toga jer se pri stvaranju bioplina razvijaju izuzetno agresivni spojevi, koji znaju &#8220;izgristi&#8221; beton \u010dak do nosive armature. Kako bi se to [&hellip;]","protected":false},"author":1,"featured_media":0,"parent":0,"menu_order":0,"comment_status":"closed","ping_status":"closed","template":"","meta":{"ngg_post_thumbnail":0},"categories":[],"tags":[],"_links":{"self":[{"href":"https:\/\/panontech.com\/index.php?rest_route=\/wp\/v2\/pages\/1649"}],"collection":[{"href":"https:\/\/panontech.com\/index.php?rest_route=\/wp\/v2\/pages"}],"about":[{"href":"https:\/\/panontech.com\/index.php?rest_route=\/wp\/v2\/types\/page"}],"author":[{"embeddable":true,"href":"https:\/\/panontech.com\/index.php?rest_route=\/wp\/v2\/users\/1"}],"replies":[{"embeddable":true,"href":"https:\/\/panontech.com\/index.php?rest_route=%2Fwp%2Fv2%2Fcomments&post=1649"}],"version-history":[{"count":20,"href":"https:\/\/panontech.com\/index.php?rest_route=\/wp\/v2\/pages\/1649\/revisions"}],"predecessor-version":[{"id":1707,"href":"https:\/\/panontech.com\/index.php?rest_route=\/wp\/v2\/pages\/1649\/revisions\/1707"}],"wp:attachment":[{"href":"https:\/\/panontech.com\/index.php?rest_route=%2Fwp%2Fv2%2Fmedia&parent=1649"}],"wp:term":[{"taxonomy":"category","embeddable":true,"href":"https:\/\/panontech.com\/index.php?rest_route=%2Fwp%2Fv2%2Fcategories&post=1649"},{"taxonomy":"post_tag","embeddable":true,"href":"https:\/\/panontech.com\/index.php?rest_route=%2Fwp%2Fv2%2Ftags&post=1649"}],"curies":[{"name":"wp","href":"https:\/\/api.w.org\/{rel}","templated":true}]}}