{"id":1557,"date":"2017-01-13T15:53:16","date_gmt":"2017-01-13T15:53:16","guid":{"rendered":"http:\/\/panontech.com\/?page_id=1557"},"modified":"2017-01-16T15:37:18","modified_gmt":"2017-01-16T15:37:18","slug":"manure-scrapers","status":"publish","type":"page","link":"https:\/\/panontech.com\/?page_id=1557","title":{"rendered":"Skreperi za gnoj"},"content":{"rendered":"<p><span id=\"result_box\" class=\"\" lang=\"hr\"><span class=\"\">\u010cesto<\/span> <span class=\"\">\u010di\u0161\u0107enje<\/span> blatnih hodnika u stajama doprinosi higijeni i dobrobiti \u017eivotinja.<\/span><\/p>\n<p>\u010ciste \u017eivotinje i suhi papci rezultiraju \u010distijim le\u017ei\u0161tima i boljim zdravljem papaka.<\/p>\n<p>\u010ciste i zdrave krave tako\u0111er se muzu br\u017ee i na vi\u0161e higijenski na\u010din.<\/p>\n<p>Panontech nudi \u0161iroku paletu sustava skrepera koji efikasno obavljaju posao \u010di\u0161\u0107enja prostora, \u0161tede vrijeme i rad,<\/p>\n<p><span id=\"result_box\" class=\"\" lang=\"hr\">te imaju minimalno odr\u017eavanje.<\/span><\/p>\n<p>Kao rezultat dugogodi\u0161njeg iskustva u mogu\u0107nosti smo ponuditi na\u0161im kupcima sustave i proizvode visoke kvalitete u svakom pogledu.<\/p>\n<p>\n\n<div class=\"ngg-galleryoverview ngg-slideshow\"\n\t id=\"ngg-slideshow-5ad73d2eb9f2133d6b59952c4931ccaf-8581140530\"\n     data-gallery-id=\"5ad73d2eb9f2133d6b59952c4931ccaf\"\n     style=\"max-width: 600px; max-height: 400px;\">\n\n \t<div id=\"ngg-image-0\" class=\"ngg-gallery-slideshow-image\" style=\"height:400px\">\n\n        <a href=\"https:\/\/panontech.com\/wp-content\/gallery\/scrapers\/20150617_141740-Medium.jpg\"\n           title=\"\"\n           data-src=\"https:\/\/panontech.com\/wp-content\/gallery\/scrapers\/20150617_141740-Medium.jpg\"\n           data-thumbnail=\"https:\/\/panontech.com\/wp-content\/gallery\/scrapers\/thumbs\/thumbs_20150617_141740-Medium.jpg\"\n           data-image-id=\"94\"\n           data-title=\"20150617_141740 (Medium)\"\n           data-description=\"\"\n           class=\"ngg-fancybox\" rel=\"5ad73d2eb9f2133d6b59952c4931ccaf\">\n\n            <img data-image-id='94'\n                 title=\"\"\n                 alt=\"20150617_141740 (Medium)\"\n                 src=\"https:\/\/panontech.com\/wp-content\/gallery\/scrapers\/20150617_141740-Medium.jpg\"\n                 style=\"max-height: 380px;\"\/>\n        <\/a>\n\n        <\/div> \n<div id=\"ngg-image-1\" class=\"ngg-gallery-slideshow-image\" style=\"height:400px\">\n\n        <a href=\"https:\/\/panontech.com\/wp-content\/gallery\/scrapers\/20150620_083955-Medium.jpg\"\n           title=\"\"\n           data-src=\"https:\/\/panontech.com\/wp-content\/gallery\/scrapers\/20150620_083955-Medium.jpg\"\n           data-thumbnail=\"https:\/\/panontech.com\/wp-content\/gallery\/scrapers\/thumbs\/thumbs_20150620_083955-Medium.jpg\"\n           data-image-id=\"95\"\n           data-title=\"20150620_083955 (Medium)\"\n           data-description=\"\"\n           class=\"ngg-fancybox\" rel=\"5ad73d2eb9f2133d6b59952c4931ccaf\">\n\n            <img data-image-id='95'\n                 title=\"\"\n                 alt=\"20150620_083955 (Medium)\"\n                 src=\"https:\/\/panontech.com\/wp-content\/gallery\/scrapers\/20150620_083955-Medium.jpg\"\n                 style=\"max-height: 380px;\"\/>\n        <\/a>\n\n        <\/div> \n<div id=\"ngg-image-2\" class=\"ngg-gallery-slideshow-image\" style=\"height:400px\">\n\n        <a href=\"https:\/\/panontech.com\/wp-content\/gallery\/scrapers\/20150620_110023-Medium.jpg\"\n           title=\"\"\n           data-src=\"https:\/\/panontech.com\/wp-content\/gallery\/scrapers\/20150620_110023-Medium.jpg\"\n           data-thumbnail=\"https:\/\/panontech.com\/wp-content\/gallery\/scrapers\/thumbs\/thumbs_20150620_110023-Medium.jpg\"\n           data-image-id=\"96\"\n           data-title=\"20150620_110023 (Medium)\"\n           data-description=\"\"\n           class=\"ngg-fancybox\" rel=\"5ad73d2eb9f2133d6b59952c4931ccaf\">\n\n            <img data-image-id='96'\n                 title=\"\"\n                 alt=\"20150620_110023 (Medium)\"\n                 src=\"https:\/\/panontech.com\/wp-content\/gallery\/scrapers\/20150620_110023-Medium.jpg\"\n                 style=\"max-height: 380px;\"\/>\n        <\/a>\n\n        <\/div> \n<div id=\"ngg-image-3\" class=\"ngg-gallery-slideshow-image\" style=\"height:400px\">\n\n        <a href=\"https:\/\/panontech.com\/wp-content\/gallery\/scrapers\/20150620_125403-Medium.jpg\"\n           title=\"M\"\n           data-src=\"https:\/\/panontech.com\/wp-content\/gallery\/scrapers\/20150620_125403-Medium.jpg\"\n           data-thumbnail=\"https:\/\/panontech.com\/wp-content\/gallery\/scrapers\/thumbs\/thumbs_20150620_125403-Medium.jpg\"\n           data-image-id=\"97\"\n           data-title=\"20150620_125403 (Medium)\"\n           data-description=\"M\"\n           class=\"ngg-fancybox\" rel=\"5ad73d2eb9f2133d6b59952c4931ccaf\">\n\n            <img data-image-id='97'\n                 title=\"M\"\n                 alt=\"20150620_125403 (Medium)\"\n                 src=\"https:\/\/panontech.com\/wp-content\/gallery\/scrapers\/20150620_125403-Medium.jpg\"\n                 style=\"max-height: 380px;\"\/>\n        <\/a>\n\n        <\/div> \n<div id=\"ngg-image-4\" class=\"ngg-gallery-slideshow-image\" style=\"height:400px\">\n\n        <a href=\"https:\/\/panontech.com\/wp-content\/gallery\/scrapers\/20150620_130111-Medium.jpg\"\n           title=\"\"\n           data-src=\"https:\/\/panontech.com\/wp-content\/gallery\/scrapers\/20150620_130111-Medium.jpg\"\n           data-thumbnail=\"https:\/\/panontech.com\/wp-content\/gallery\/scrapers\/thumbs\/thumbs_20150620_130111-Medium.jpg\"\n           data-image-id=\"98\"\n           data-title=\"20150620_130111 (Medium)\"\n           data-description=\"\"\n           class=\"ngg-fancybox\" rel=\"5ad73d2eb9f2133d6b59952c4931ccaf\">\n\n            <img data-image-id='98'\n                 title=\"\"\n                 alt=\"20150620_130111 (Medium)\"\n                 src=\"https:\/\/panontech.com\/wp-content\/gallery\/scrapers\/20150620_130111-Medium.jpg\"\n                 style=\"max-height: 380px;\"\/>\n        <\/a>\n\n        <\/div> \n<div id=\"ngg-image-5\" class=\"ngg-gallery-slideshow-image\" style=\"height:400px\">\n\n        <a href=\"https:\/\/panontech.com\/wp-content\/gallery\/scrapers\/scrap1-Medium.jpg\"\n           title=\"\"\n           data-src=\"https:\/\/panontech.com\/wp-content\/gallery\/scrapers\/scrap1-Medium.jpg\"\n           data-thumbnail=\"https:\/\/panontech.com\/wp-content\/gallery\/scrapers\/thumbs\/thumbs_scrap1-Medium.jpg\"\n           data-image-id=\"99\"\n           data-title=\"scrap1 (Medium)\"\n           data-description=\"\"\n           class=\"ngg-fancybox\" rel=\"5ad73d2eb9f2133d6b59952c4931ccaf\">\n\n            <img data-image-id='99'\n                 title=\"\"\n                 alt=\"scrap1 (Medium)\"\n                 src=\"https:\/\/panontech.com\/wp-content\/gallery\/scrapers\/scrap1-Medium.jpg\"\n                 style=\"max-height: 380px;\"\/>\n        <\/a>\n\n        <\/div> \n<\/div>\n\n\n\n<\/p>","protected":false},"excerpt":{"rendered":"\u010cesto \u010di\u0161\u0107enje blatnih hodnika u stajama doprinosi higijeni i dobrobiti \u017eivotinja. \u010ciste \u017eivotinje i suhi papci rezultiraju \u010distijim le\u017ei\u0161tima i boljim zdravljem papaka. \u010ciste i zdrave krave tako\u0111er se muzu br\u017ee i na vi\u0161e higijenski na\u010din. Panontech nudi \u0161iroku paletu sustava skrepera koji efikasno obavljaju posao \u010di\u0161\u0107enja prostora, \u0161tede vrijeme i rad, te imaju minimalno [&hellip;]","protected":false},"author":1,"featured_media":0,"parent":85,"menu_order":0,"comment_status":"closed","ping_status":"closed","template":"","meta":{"ngg_post_thumbnail":0},"categories":[],"tags":[],"_links":{"self":[{"href":"https:\/\/panontech.com\/index.php?rest_route=\/wp\/v2\/pages\/1557"}],"collection":[{"href":"https:\/\/panontech.com\/index.php?rest_route=\/wp\/v2\/pages"}],"about":[{"href":"https:\/\/panontech.com\/index.php?rest_route=\/wp\/v2\/types\/page"}],"author":[{"embeddable":true,"href":"https:\/\/panontech.com\/index.php?rest_route=\/wp\/v2\/users\/1"}],"replies":[{"embeddable":true,"href":"https:\/\/panontech.com\/index.php?rest_route=%2Fwp%2Fv2%2Fcomments&post=1557"}],"version-history":[{"count":3,"href":"https:\/\/panontech.com\/index.php?rest_route=\/wp\/v2\/pages\/1557\/revisions"}],"predecessor-version":[{"id":1670,"href":"https:\/\/panontech.com\/index.php?rest_route=\/wp\/v2\/pages\/1557\/revisions\/1670"}],"up":[{"embeddable":true,"href":"https:\/\/panontech.com\/index.php?rest_route=\/wp\/v2\/pages\/85"}],"wp:attachment":[{"href":"https:\/\/panontech.com\/index.php?rest_route=%2Fwp%2Fv2%2Fmedia&parent=1557"}],"wp:term":[{"taxonomy":"category","embeddable":true,"href":"https:\/\/panontech.com\/index.php?rest_route=%2Fwp%2Fv2%2Fcategories&post=1557"},{"taxonomy":"post_tag","embeddable":true,"href":"https:\/\/panontech.com\/index.php?rest_route=%2Fwp%2Fv2%2Ftags&post=1557"}],"curies":[{"name":"wp","href":"https:\/\/api.w.org\/{rel}","templated":true}]}}