{"id":1548,"date":"2017-01-13T13:37:46","date_gmt":"2017-01-13T13:37:46","guid":{"rendered":"http:\/\/panontech.com\/?page_id=1548"},"modified":"2017-01-16T09:06:48","modified_gmt":"2017-01-16T09:06:48","slug":"metal-girders","status":"publish","type":"page","link":"https:\/\/panontech.com\/?page_id=1548","title":{"rendered":"\u010celi\u010dni nosa\u010di"},"content":{"rendered":"<p>Proizvodimo i postavljamo sve vrste \u010deli\u010dnih stupova i nosa\u010da.<\/p>\n<p><a href=\"http:\/\/panontech.com\/wp-content\/uploads\/2017\/01\/20150629_123841.jpg\"><img loading=\"lazy\" class=\" wp-image-1608 aligncenter\" src=\"http:\/\/panontech.com\/wp-content\/uploads\/2017\/01\/20150629_123841.jpg\" alt=\"\" width=\"565\" height=\"318\" srcset=\"https:\/\/panontech.com\/wp-content\/uploads\/2017\/01\/20150629_123841.jpg 3264w, https:\/\/panontech.com\/wp-content\/uploads\/2017\/01\/20150629_123841-300x169.jpg 300w, https:\/\/panontech.com\/wp-content\/uploads\/2017\/01\/20150629_123841-768x432.jpg 768w, https:\/\/panontech.com\/wp-content\/uploads\/2017\/01\/20150629_123841-1024x576.jpg 1024w, https:\/\/panontech.com\/wp-content\/uploads\/2017\/01\/20150629_123841-830x467.jpg 830w, https:\/\/panontech.com\/wp-content\/uploads\/2017\/01\/20150629_123841-230x129.jpg 230w, https:\/\/panontech.com\/wp-content\/uploads\/2017\/01\/20150629_123841-350x197.jpg 350w\" sizes=\"(max-width: 565px) 100vw, 565px\" \/><\/a><\/p>\n<p><a href=\"http:\/\/panontech.com\/wp-content\/uploads\/2017\/01\/20150716_140451.jpg\"><img loading=\"lazy\" class=\"wp-image-1610 aligncenter\" src=\"http:\/\/panontech.com\/wp-content\/uploads\/2017\/01\/20150716_140451.jpg\" alt=\"\" width=\"568\" height=\"1010\" srcset=\"https:\/\/panontech.com\/wp-content\/uploads\/2017\/01\/20150716_140451.jpg 1152w, https:\/\/panontech.com\/wp-content\/uploads\/2017\/01\/20150716_140451-169x300.jpg 169w, https:\/\/panontech.com\/wp-content\/uploads\/2017\/01\/20150716_140451-768x1365.jpg 768w, https:\/\/panontech.com\/wp-content\/uploads\/2017\/01\/20150716_140451-576x1024.jpg 576w, https:\/\/panontech.com\/wp-content\/uploads\/2017\/01\/20150716_140451-830x1476.jpg 830w, https:\/\/panontech.com\/wp-content\/uploads\/2017\/01\/20150716_140451-230x409.jpg 230w, https:\/\/panontech.com\/wp-content\/uploads\/2017\/01\/20150716_140451-350x622.jpg 350w\" sizes=\"(max-width: 568px) 100vw, 568px\" \/><\/a><\/p>\n<p><a href=\"http:\/\/panontech.com\/wp-content\/uploads\/2017\/01\/20150716_142317.jpg\"><img loading=\"lazy\" class=\"wp-image-1611 aligncenter\" src=\"http:\/\/panontech.com\/wp-content\/uploads\/2017\/01\/20150716_142317.jpg\" alt=\"\" width=\"573\" height=\"322\" srcset=\"https:\/\/panontech.com\/wp-content\/uploads\/2017\/01\/20150716_142317.jpg 2048w, https:\/\/panontech.com\/wp-content\/uploads\/2017\/01\/20150716_142317-300x169.jpg 300w, https:\/\/panontech.com\/wp-content\/uploads\/2017\/01\/20150716_142317-768x432.jpg 768w, https:\/\/panontech.com\/wp-content\/uploads\/2017\/01\/20150716_142317-1024x576.jpg 1024w, https:\/\/panontech.com\/wp-content\/uploads\/2017\/01\/20150716_142317-830x467.jpg 830w, https:\/\/panontech.com\/wp-content\/uploads\/2017\/01\/20150716_142317-230x129.jpg 230w, https:\/\/panontech.com\/wp-content\/uploads\/2017\/01\/20150716_142317-350x197.jpg 350w\" sizes=\"(max-width: 573px) 100vw, 573px\" \/><\/a><\/p>\n<p>&nbsp;<\/p>","protected":false},"excerpt":{"rendered":"Proizvodimo i postavljamo sve vrste \u010deli\u010dnih stupova i nosa\u010da. &nbsp;","protected":false},"author":1,"featured_media":0,"parent":94,"menu_order":0,"comment_status":"closed","ping_status":"closed","template":"","meta":{"ngg_post_thumbnail":0},"categories":[],"tags":[],"_links":{"self":[{"href":"https:\/\/panontech.com\/index.php?rest_route=\/wp\/v2\/pages\/1548"}],"collection":[{"href":"https:\/\/panontech.com\/index.php?rest_route=\/wp\/v2\/pages"}],"about":[{"href":"https:\/\/panontech.com\/index.php?rest_route=\/wp\/v2\/types\/page"}],"author":[{"embeddable":true,"href":"https:\/\/panontech.com\/index.php?rest_route=\/wp\/v2\/users\/1"}],"replies":[{"embeddable":true,"href":"https:\/\/panontech.com\/index.php?rest_route=%2Fwp%2Fv2%2Fcomments&post=1548"}],"version-history":[{"count":4,"href":"https:\/\/panontech.com\/index.php?rest_route=\/wp\/v2\/pages\/1548\/revisions"}],"predecessor-version":[{"id":1614,"href":"https:\/\/panontech.com\/index.php?rest_route=\/wp\/v2\/pages\/1548\/revisions\/1614"}],"up":[{"embeddable":true,"href":"https:\/\/panontech.com\/index.php?rest_route=\/wp\/v2\/pages\/94"}],"wp:attachment":[{"href":"https:\/\/panontech.com\/index.php?rest_route=%2Fwp%2Fv2%2Fmedia&parent=1548"}],"wp:term":[{"taxonomy":"category","embeddable":true,"href":"https:\/\/panontech.com\/index.php?rest_route=%2Fwp%2Fv2%2Fcategories&post=1548"},{"taxonomy":"post_tag","embeddable":true,"href":"https:\/\/panontech.com\/index.php?rest_route=%2Fwp%2Fv2%2Ftags&post=1548"}],"curies":[{"name":"wp","href":"https:\/\/api.w.org\/{rel}","templated":true}]}}