{"id":1320,"date":"2017-01-11T15:21:36","date_gmt":"2017-01-11T15:21:36","guid":{"rendered":"http:\/\/panontech.com\/?page_id=1320"},"modified":"2017-01-16T09:45:40","modified_gmt":"2017-01-16T09:45:40","slug":"cleaning-of-tanks","status":"publish","type":"page","link":"https:\/\/panontech.com\/?page_id=1320","title":{"rendered":"\u010ci\u0161\u0107enje spremnika"},"content":{"rendered":"<p><span id=\"result_box\" class=\"\" tabindex=\"-1\" lang=\"en\">Vr\u0161imo usluge \u010di\u0161\u0107enja svih vrsta spremnika, fermentora i laguna.<\/span><\/p>\n<ul>\n<li>Pripremni radovi &#8211; planiranje, priprema cjevovoda za prepumpavanje\/pra\u017enjenje, demonta\u017ea otvora za zra\u010denje<\/li>\n<li>Pra\u017enjenje spremnika pomo\u0107u specijalnih pumpi velikog protoka ili slobodnim padom<\/li>\n<li>Prozra\u010divanje prirodnim putem i prisilnom ventilacijom<\/li>\n<li>Strojno (Vakuumski kamion) i ru\u010dno \u010di\u0161\u0107enje sedimenta i stranih tijela iz spremnika<\/li>\n<li>\u010ci\u0161\u0107enje priklju\u010daka, senzora, nosa\u010da, stijenki, toplovoda, mje\u0161a\u010da i ostale opreme<\/li>\n<li>Zavr\u0161no ispiranje i ispumpavanje<\/li>\n<li>Zatvaranje pristupnih i ostalih otvora te njihovo brtvljenje adekvatnim materijalima<\/li>\n<li>Ponovno punjenje spremnika sa teku\u0107inom &#8211; vodom, gnojnicom, biomasom&#8230;<\/li>\n<li>Izvedba vanjskih izolacija po potrebi<\/li>\n<\/ul>\n<p>&nbsp;<\/p>\n<p><a href=\"http:\/\/panontech.com\/wp-content\/uploads\/2017\/01\/IMG_20161212_195233-Medium.jpg\"><img loading=\"lazy\" class=\"wp-image-1366 aligncenter\" src=\"http:\/\/panontech.com\/wp-content\/uploads\/2017\/01\/IMG_20161212_195233-Medium.jpg\" alt=\"\" width=\"597\" height=\"336\" srcset=\"https:\/\/panontech.com\/wp-content\/uploads\/2017\/01\/IMG_20161212_195233-Medium.jpg 1363w, https:\/\/panontech.com\/wp-content\/uploads\/2017\/01\/IMG_20161212_195233-Medium-300x169.jpg 300w, https:\/\/panontech.com\/wp-content\/uploads\/2017\/01\/IMG_20161212_195233-Medium-768x433.jpg 768w, https:\/\/panontech.com\/wp-content\/uploads\/2017\/01\/IMG_20161212_195233-Medium-1024x577.jpg 1024w, https:\/\/panontech.com\/wp-content\/uploads\/2017\/01\/IMG_20161212_195233-Medium-830x468.jpg 830w, https:\/\/panontech.com\/wp-content\/uploads\/2017\/01\/IMG_20161212_195233-Medium-230x130.jpg 230w, https:\/\/panontech.com\/wp-content\/uploads\/2017\/01\/IMG_20161212_195233-Medium-350x197.jpg 350w\" sizes=\"(max-width: 597px) 100vw, 597px\" \/><\/a><\/p>\n<p>Sediment u fermentoru promjera 26.00m i visine 8.00m &#8211; 90m3 kamena, pijeska i taloga biomase<\/p>\n<p>&nbsp;<\/p>\n<p><a href=\"http:\/\/panontech.com\/wp-content\/uploads\/2017\/01\/IMG_20161211_162646-Medium.jpg\"><img loading=\"lazy\" class=\"wp-image-1363 aligncenter\" src=\"http:\/\/panontech.com\/wp-content\/uploads\/2017\/01\/IMG_20161211_162646-Medium.jpg\" alt=\"\" width=\"593\" height=\"334\" srcset=\"https:\/\/panontech.com\/wp-content\/uploads\/2017\/01\/IMG_20161211_162646-Medium.jpg 1363w, https:\/\/panontech.com\/wp-content\/uploads\/2017\/01\/IMG_20161211_162646-Medium-300x169.jpg 300w, https:\/\/panontech.com\/wp-content\/uploads\/2017\/01\/IMG_20161211_162646-Medium-768x433.jpg 768w, https:\/\/panontech.com\/wp-content\/uploads\/2017\/01\/IMG_20161211_162646-Medium-1024x577.jpg 1024w, https:\/\/panontech.com\/wp-content\/uploads\/2017\/01\/IMG_20161211_162646-Medium-830x468.jpg 830w, https:\/\/panontech.com\/wp-content\/uploads\/2017\/01\/IMG_20161211_162646-Medium-230x130.jpg 230w, https:\/\/panontech.com\/wp-content\/uploads\/2017\/01\/IMG_20161211_162646-Medium-350x197.jpg 350w\" sizes=\"(max-width: 593px) 100vw, 593px\" \/><\/a><\/p>\n<p>Nakupljena strana tijela na mje\u0161a\u010dima &#8211; najloni, \u0161page, trake&#8230;<\/p>\n<p>&nbsp;<\/p>\n<p>&nbsp;<a href=\"http:\/\/panontech.com\/wp-content\/uploads\/2017\/01\/20161207_135555-Medium.jpg\"><img loading=\"lazy\" class=\"wp-image-1420 aligncenter\" src=\"http:\/\/panontech.com\/wp-content\/uploads\/2017\/01\/20161207_135555-Medium.jpg\" alt=\"\" width=\"587\" height=\"440\" srcset=\"https:\/\/panontech.com\/wp-content\/uploads\/2017\/01\/20161207_135555-Medium.jpg 1024w, https:\/\/panontech.com\/wp-content\/uploads\/2017\/01\/20161207_135555-Medium-300x225.jpg 300w, https:\/\/panontech.com\/wp-content\/uploads\/2017\/01\/20161207_135555-Medium-768x576.jpg 768w, https:\/\/panontech.com\/wp-content\/uploads\/2017\/01\/20161207_135555-Medium-830x623.jpg 830w, https:\/\/panontech.com\/wp-content\/uploads\/2017\/01\/20161207_135555-Medium-230x173.jpg 230w, https:\/\/panontech.com\/wp-content\/uploads\/2017\/01\/20161207_135555-Medium-350x263.jpg 350w\" sizes=\"(max-width: 587px) 100vw, 587px\" \/><\/a><\/p>\n<p>Proces ispumpavanja teku\u0107eg dijela iz fermentora<\/p>\n<p><a href=\"http:\/\/panontech.com\/wp-content\/uploads\/2017\/01\/IMG_20161212_151841-Medium.jpg\"><img loading=\"lazy\" class=\"wp-image-1365 aligncenter\" src=\"http:\/\/panontech.com\/wp-content\/uploads\/2017\/01\/IMG_20161212_151841-Medium.jpg\" alt=\"\" width=\"573\" height=\"323\" srcset=\"https:\/\/panontech.com\/wp-content\/uploads\/2017\/01\/IMG_20161212_151841-Medium.jpg 1363w, https:\/\/panontech.com\/wp-content\/uploads\/2017\/01\/IMG_20161212_151841-Medium-300x169.jpg 300w, https:\/\/panontech.com\/wp-content\/uploads\/2017\/01\/IMG_20161212_151841-Medium-768x433.jpg 768w, https:\/\/panontech.com\/wp-content\/uploads\/2017\/01\/IMG_20161212_151841-Medium-1024x577.jpg 1024w, https:\/\/panontech.com\/wp-content\/uploads\/2017\/01\/IMG_20161212_151841-Medium-830x468.jpg 830w, https:\/\/panontech.com\/wp-content\/uploads\/2017\/01\/IMG_20161212_151841-Medium-230x130.jpg 230w, https:\/\/panontech.com\/wp-content\/uploads\/2017\/01\/IMG_20161212_151841-Medium-350x197.jpg 350w\" sizes=\"(max-width: 573px) 100vw, 573px\" \/><\/a><\/p>\n<p><a href=\"http:\/\/panontech.com\/wp-content\/uploads\/2017\/01\/IMG_1831-Medium.jpg\"><img loading=\"lazy\" class=\"wp-image-1488 aligncenter\" src=\"http:\/\/panontech.com\/wp-content\/uploads\/2017\/01\/IMG_1831-Medium.jpg\" alt=\"\" width=\"569\" height=\"427\" srcset=\"https:\/\/panontech.com\/wp-content\/uploads\/2017\/01\/IMG_1831-Medium.jpg 1024w, https:\/\/panontech.com\/wp-content\/uploads\/2017\/01\/IMG_1831-Medium-300x225.jpg 300w, https:\/\/panontech.com\/wp-content\/uploads\/2017\/01\/IMG_1831-Medium-768x576.jpg 768w, https:\/\/panontech.com\/wp-content\/uploads\/2017\/01\/IMG_1831-Medium-830x623.jpg 830w, https:\/\/panontech.com\/wp-content\/uploads\/2017\/01\/IMG_1831-Medium-230x173.jpg 230w, https:\/\/panontech.com\/wp-content\/uploads\/2017\/01\/IMG_1831-Medium-350x263.jpg 350w\" sizes=\"(max-width: 569px) 100vw, 569px\" \/><\/a><\/p>\n<p>Usisavanje taloga\/sedimenta pomo\u0107u vakuumskog kamiona &#8211; Saugbagera<\/p>\n<p>&nbsp;<\/p>\n<p><a href=\"http:\/\/panontech.com\/wp-content\/uploads\/2017\/01\/20161216_171737-Medium.jpg\"><img loading=\"lazy\" class=\"wp-image-1367 aligncenter\" src=\"http:\/\/panontech.com\/wp-content\/uploads\/2017\/01\/20161216_171737-Medium-e1484212243333.jpg\" width=\"557\" height=\"418\" srcset=\"https:\/\/panontech.com\/wp-content\/uploads\/2017\/01\/20161216_171737-Medium-e1484212243333.jpg 1024w, https:\/\/panontech.com\/wp-content\/uploads\/2017\/01\/20161216_171737-Medium-e1484212243333-300x225.jpg 300w, https:\/\/panontech.com\/wp-content\/uploads\/2017\/01\/20161216_171737-Medium-e1484212243333-768x576.jpg 768w, https:\/\/panontech.com\/wp-content\/uploads\/2017\/01\/20161216_171737-Medium-e1484212243333-830x623.jpg 830w, https:\/\/panontech.com\/wp-content\/uploads\/2017\/01\/20161216_171737-Medium-e1484212243333-230x173.jpg 230w, https:\/\/panontech.com\/wp-content\/uploads\/2017\/01\/20161216_171737-Medium-e1484212243333-350x263.jpg 350w\" sizes=\"(max-width: 557px) 100vw, 557px\" \/><\/a><\/p>\n<p>Prikaz toplovodnih cijevi o\u010di\u0161\u0107enih od naslaga<\/p>\n<p>&nbsp;<\/p>\n<p><a href=\"http:\/\/panontech.com\/wp-content\/uploads\/2017\/01\/20161216_171556-Medium.jpg\"><img loading=\"lazy\" class=\"wp-image-1419 aligncenter\" src=\"http:\/\/panontech.com\/wp-content\/uploads\/2017\/01\/20161216_171556-Medium-e1484226341788.jpg\" width=\"562\" height=\"422\" srcset=\"https:\/\/panontech.com\/wp-content\/uploads\/2017\/01\/20161216_171556-Medium-e1484226341788.jpg 1024w, https:\/\/panontech.com\/wp-content\/uploads\/2017\/01\/20161216_171556-Medium-e1484226341788-300x225.jpg 300w, https:\/\/panontech.com\/wp-content\/uploads\/2017\/01\/20161216_171556-Medium-e1484226341788-768x576.jpg 768w, https:\/\/panontech.com\/wp-content\/uploads\/2017\/01\/20161216_171556-Medium-e1484226341788-830x623.jpg 830w, https:\/\/panontech.com\/wp-content\/uploads\/2017\/01\/20161216_171556-Medium-e1484226341788-230x173.jpg 230w, https:\/\/panontech.com\/wp-content\/uploads\/2017\/01\/20161216_171556-Medium-e1484226341788-350x263.jpg 350w\" sizes=\"(max-width: 562px) 100vw, 562px\" \/><\/a><\/p>","protected":false},"excerpt":{"rendered":"Vr\u0161imo usluge \u010di\u0161\u0107enja svih vrsta spremnika, fermentora i laguna. Pripremni radovi &#8211; planiranje, priprema cjevovoda za prepumpavanje\/pra\u017enjenje, demonta\u017ea otvora za zra\u010denje Pra\u017enjenje spremnika pomo\u0107u specijalnih pumpi velikog protoka ili slobodnim padom Prozra\u010divanje prirodnim putem i prisilnom ventilacijom Strojno (Vakuumski kamion) i ru\u010dno \u010di\u0161\u0107enje sedimenta i stranih tijela iz spremnika \u010ci\u0161\u0107enje priklju\u010daka, senzora, nosa\u010da, stijenki, toplovoda, [&hellip;]","protected":false},"author":1,"featured_media":0,"parent":12,"menu_order":0,"comment_status":"closed","ping_status":"closed","template":"","meta":{"ngg_post_thumbnail":0},"categories":[],"tags":[],"_links":{"self":[{"href":"https:\/\/panontech.com\/index.php?rest_route=\/wp\/v2\/pages\/1320"}],"collection":[{"href":"https:\/\/panontech.com\/index.php?rest_route=\/wp\/v2\/pages"}],"about":[{"href":"https:\/\/panontech.com\/index.php?rest_route=\/wp\/v2\/types\/page"}],"author":[{"embeddable":true,"href":"https:\/\/panontech.com\/index.php?rest_route=\/wp\/v2\/users\/1"}],"replies":[{"embeddable":true,"href":"https:\/\/panontech.com\/index.php?rest_route=%2Fwp%2Fv2%2Fcomments&post=1320"}],"version-history":[{"count":21,"href":"https:\/\/panontech.com\/index.php?rest_route=\/wp\/v2\/pages\/1320\/revisions"}],"predecessor-version":[{"id":1620,"href":"https:\/\/panontech.com\/index.php?rest_route=\/wp\/v2\/pages\/1320\/revisions\/1620"}],"up":[{"embeddable":true,"href":"https:\/\/panontech.com\/index.php?rest_route=\/wp\/v2\/pages\/12"}],"wp:attachment":[{"href":"https:\/\/panontech.com\/index.php?rest_route=%2Fwp%2Fv2%2Fmedia&parent=1320"}],"wp:term":[{"taxonomy":"category","embeddable":true,"href":"https:\/\/panontech.com\/index.php?rest_route=%2Fwp%2Fv2%2Fcategories&post=1320"},{"taxonomy":"post_tag","embeddable":true,"href":"https:\/\/panontech.com\/index.php?rest_route=%2Fwp%2Fv2%2Ftags&post=1320"}],"curies":[{"name":"wp","href":"https:\/\/api.w.org\/{rel}","templated":true}]}}