{"id":124,"date":"2015-12-07T13:11:25","date_gmt":"2015-12-07T13:11:25","guid":{"rendered":"http:\/\/panontech.com\/wordpress\/?page_id=124"},"modified":"2017-01-11T14:02:00","modified_gmt":"2017-01-11T14:02:00","slug":"future","status":"publish","type":"page","link":"https:\/\/panontech.com\/?page_id=124","title":{"rendered":"Budu\u0107nost"},"content":{"rendered":"<p>Na\u0161 cilj za budu\u0107nost je:<br \/>\n1. U potpunosti udovoljiti zahtjevima na\u0161ih korisnika ostvarivanjem usluga zahtijevane kvalitete, optimalnom cijenom te obavljanjem usluga na vrijeme.<br \/>\n2. Kontinuirano pove\u0107avati u\u010dinkovitost izvr\u0161avanja usluga smanjenjem tro\u0161kova njihovog obavljanja.<br \/>\n3. Stalno unapre\u0111ivati kvalitetu na\u0161ih usluga pridr\u017eavaju\u0107i se tehni\u010dkih standarda i normi, te zakonskih propisa.<br \/>\n4. Zadr\u017eati sada\u0161nju poziciju na doma\u0107em tr\u017ei\u0161tu i unaprijediti poslovanje razvijanjem novih proizvoda i usluga.<br \/>\n5. Osigurati siguran rad i zadovoljstvo korisnika i djelatnika.<\/p>","protected":false},"excerpt":{"rendered":"Na\u0161 cilj za budu\u0107nost je: 1. U potpunosti udovoljiti zahtjevima na\u0161ih korisnika ostvarivanjem usluga zahtijevane kvalitete, optimalnom cijenom te obavljanjem usluga na vrijeme. 2. Kontinuirano pove\u0107avati u\u010dinkovitost izvr\u0161avanja usluga smanjenjem tro\u0161kova njihovog obavljanja. 3. Stalno unapre\u0111ivati kvalitetu na\u0161ih usluga pridr\u017eavaju\u0107i se tehni\u010dkih standarda i normi, te zakonskih propisa. 4. Zadr\u017eati sada\u0161nju poziciju na doma\u0107em tr\u017ei\u0161tu [&hellip;]","protected":false},"author":1,"featured_media":0,"parent":14,"menu_order":0,"comment_status":"closed","ping_status":"closed","template":"","meta":{"ngg_post_thumbnail":0},"categories":[],"tags":[],"_links":{"self":[{"href":"https:\/\/panontech.com\/index.php?rest_route=\/wp\/v2\/pages\/124"}],"collection":[{"href":"https:\/\/panontech.com\/index.php?rest_route=\/wp\/v2\/pages"}],"about":[{"href":"https:\/\/panontech.com\/index.php?rest_route=\/wp\/v2\/types\/page"}],"author":[{"embeddable":true,"href":"https:\/\/panontech.com\/index.php?rest_route=\/wp\/v2\/users\/1"}],"replies":[{"embeddable":true,"href":"https:\/\/panontech.com\/index.php?rest_route=%2Fwp%2Fv2%2Fcomments&post=124"}],"version-history":[{"count":4,"href":"https:\/\/panontech.com\/index.php?rest_route=\/wp\/v2\/pages\/124\/revisions"}],"predecessor-version":[{"id":558,"href":"https:\/\/panontech.com\/index.php?rest_route=\/wp\/v2\/pages\/124\/revisions\/558"}],"up":[{"embeddable":true,"href":"https:\/\/panontech.com\/index.php?rest_route=\/wp\/v2\/pages\/14"}],"wp:attachment":[{"href":"https:\/\/panontech.com\/index.php?rest_route=%2Fwp%2Fv2%2Fmedia&parent=124"}],"wp:term":[{"taxonomy":"category","embeddable":true,"href":"https:\/\/panontech.com\/index.php?rest_route=%2Fwp%2Fv2%2Fcategories&post=124"},{"taxonomy":"post_tag","embeddable":true,"href":"https:\/\/panontech.com\/index.php?rest_route=%2Fwp%2Fv2%2Ftags&post=124"}],"curies":[{"name":"wp","href":"https:\/\/api.w.org\/{rel}","templated":true}]}}