{"id":121,"date":"2015-12-07T13:10:49","date_gmt":"2015-12-07T13:10:49","guid":{"rendered":"http:\/\/panontech.com\/wordpress\/?page_id=121"},"modified":"2016-09-09T11:14:43","modified_gmt":"2016-09-09T11:14:43","slug":"history","status":"publish","type":"page","link":"https:\/\/panontech.com\/?page_id=121","title":{"rendered":"Povijest"},"content":{"rendered":"<p>Panontech je mlada tvrtka nastala iz tvrtke Panon Agro.<\/p>\n<p>Na\u0161a iskustva u prodaji, izradi, ugradnji i odr\u017eavanju raznih vrsta opreme se\u017eu unazad vi\u0161e od 10 godina.<\/p>\n<p>Tijekom tog perioda usvajali smo nove na\u010dine poslovanja, tehnologije i opremu, educirali osoblje za razne tipove zadataka i radili na ukupnom napretku i boljitku tvrtke i uposlenih.<\/p>\n<p>Na\u0161e iskustvo ste\u010deno u raznim uvjetima i raznim projektima omogu\u0107uje nam da pristupimo novim zadacima sa lako\u0107om i sigurno\u0161\u0107u.<\/p>\n<p>Nadamo se kako \u0107ete i Vi prepoznati na\u0161e kompetencije!<br \/>\n<\/p>","protected":false},"excerpt":{"rendered":"Panontech je mlada tvrtka nastala iz tvrtke Panon Agro. Na\u0161a iskustva u prodaji, izradi, ugradnji i odr\u017eavanju raznih vrsta opreme se\u017eu unazad vi\u0161e od 10 godina. Tijekom tog perioda usvajali smo nove na\u010dine poslovanja, tehnologije i opremu, educirali osoblje za razne tipove zadataka i radili na ukupnom napretku i boljitku tvrtke i uposlenih. Na\u0161e iskustvo [&hellip;]","protected":false},"author":1,"featured_media":0,"parent":14,"menu_order":0,"comment_status":"closed","ping_status":"closed","template":"","meta":{"ngg_post_thumbnail":0},"categories":[],"tags":[],"_links":{"self":[{"href":"https:\/\/panontech.com\/index.php?rest_route=\/wp\/v2\/pages\/121"}],"collection":[{"href":"https:\/\/panontech.com\/index.php?rest_route=\/wp\/v2\/pages"}],"about":[{"href":"https:\/\/panontech.com\/index.php?rest_route=\/wp\/v2\/types\/page"}],"author":[{"embeddable":true,"href":"https:\/\/panontech.com\/index.php?rest_route=\/wp\/v2\/users\/1"}],"replies":[{"embeddable":true,"href":"https:\/\/panontech.com\/index.php?rest_route=%2Fwp%2Fv2%2Fcomments&post=121"}],"version-history":[{"count":3,"href":"https:\/\/panontech.com\/index.php?rest_route=\/wp\/v2\/pages\/121\/revisions"}],"predecessor-version":[{"id":1701,"href":"https:\/\/panontech.com\/index.php?rest_route=\/wp\/v2\/pages\/121\/revisions\/1701"}],"up":[{"embeddable":true,"href":"https:\/\/panontech.com\/index.php?rest_route=\/wp\/v2\/pages\/14"}],"wp:attachment":[{"href":"https:\/\/panontech.com\/index.php?rest_route=%2Fwp%2Fv2%2Fmedia&parent=121"}],"wp:term":[{"taxonomy":"category","embeddable":true,"href":"https:\/\/panontech.com\/index.php?rest_route=%2Fwp%2Fv2%2Fcategories&post=121"},{"taxonomy":"post_tag","embeddable":true,"href":"https:\/\/panontech.com\/index.php?rest_route=%2Fwp%2Fv2%2Ftags&post=121"}],"curies":[{"name":"wp","href":"https:\/\/api.w.org\/{rel}","templated":true}]}}