{"id":1203,"date":"2016-12-07T14:24:10","date_gmt":"2016-12-07T14:24:10","guid":{"rendered":"http:\/\/panontech.com\/?page_id=1203"},"modified":"2016-12-07T14:55:26","modified_gmt":"2016-12-07T14:55:26","slug":"prorain-system","status":"publish","type":"page","link":"https:\/\/panontech.com\/?page_id=1203","title":{"rendered":"PRORAIN sustav"},"content":{"rendered":"<p><span id=\"result_box\" class=\"\" lang=\"hr\"><span title=\"Extraordinary price-performance ratio \">Izvanredan omjer cijene i performansi.<\/span><\/span><\/p>\n<p><span title=\"Highly economical due to low energy required \">Vrlo ekonomi\u010dan zbog niske potrebne energije.<\/span><\/p>\n<p><span title=\"Fully automatic irrigation by computer \">Potpuno automatsko navodnjavanje.<\/span><\/p>\n<p><span title=\"Operating reliability through use of high-quality components &nbsp;\">Pouzdanost u radu&nbsp; upotrebom visokokvalitetnih komponenti.<\/span><\/p>\n<p><span title=\"All steel parts are galvanized.\">Svi dijelovi od \u010delika su galvanizirani. <\/span><span title=\"This means optimal corrosion protection for our machine which is reflected in the stable value and long lifespan. &nbsp;\">To zna\u010di optimalnu za\u0161titu od korozije za stroj koji se ogleda u stabilnoj postojanosti&nbsp; i dugom vijeku trajanja.<\/span><\/p>\n<p><span title=\"Wall-thickness adjusted of every single PE-pipe in order to achieve low pressure loss and to save energy. \">Debljina stjenke svake pojedine PE-cijevi je&nbsp; prilago\u0111ena kako bi se postigao nizak gubitak tlaka te u\u0161teda energije.<\/span><\/p>\n<p><span title=\"The machine is immovably anchored to the ground \u2013 even with retraction forces up to 20% higher than those of similar machines. \">Stroj je fiksno usidrena na zemlju &#8211; \u010dak i uz sile povla\u010denja ve\u0107e do 20%&nbsp; od one od sli\u010dnih strojeva.<\/span><\/p>\n<p><span title=\"By using coated, high-performance chains, a maintenance-free operation and a long lifespan are guaranteed even with high retraction power. \">Kori\u0161tenjem obli\u017eenih visoko performansih lanaca,&nbsp; zajam\u010dena je niska razina odr\u017eavanja i dugi vijek trajanja&nbsp; \u010dak i uz velike sile povla\u010denja.<\/span><\/p>\n<p><span title=\"The first layer of the PE pipe is the layer exposed to the highest retraction forces and therefore it is important that no edges or small supporting points damage the PE pipe and eventually reduce its lifespan.\">Prvi sloj PE cijevi je najvi\u0161e izlo\u017een silama povla\u010denja&nbsp; i zato je va\u017eno da nema rubova ili male izbo\u010dine o\u0161tetite PE cijevi i na kraju im smanje \u017eivotni vijek. <\/span><span title=\"To prevent such wear, each reel core of the PRORAIN drum is completely closed and equipped with a special pipe guard.\">Da bi se sprije\u010dilo takvo tro\u0161enje, svaki kolut PRORAIN bubnja je potpuno zatvoren i opremljen posebnom za\u0161titom cijevi. <\/span><span title=\"The first layer of the PE pipe sits on the drum evenly and without distortion.\">Prvi sloj PE cijevi sjedi na bubanu ravnomjerno i bez izobli\u010denja. <\/span><span title=\"The pipe is gently guided into the right position for each layer. \">Cijev se lagano uvodi u pravilnom polo\u017eaju za svaki sloj.<\/span><\/p>\n<p><span title=\"Level-wind works gently and nearly maintenance-free through a double guided winding mechanism and a precisely driven helically grooved spindle.\">Sustav za postavljanje djeluje nje\u017eno i gotovo bez odr\u017eavanja kroz dvostruko vo\u0111en mehanizam za navijanje&nbsp; i <span class=\"\">precizno<\/span> <span class=\"\">upravljanim<\/span> <span class=\"\">spiralnim<\/span> <span class=\"\">\u017eljebovima<\/span> <span class=\"\">vretena.<\/span><br \/>\n<\/span><\/p>\n<p><a href=\"http:\/\/panontech.com\/wp-content\/uploads\/2016\/12\/600_530144455b0b416e121c82ceaa7c4bdb.jpg\"><img loading=\"lazy\" class=\"alignnone size-full wp-image-1207\" src=\"http:\/\/panontech.com\/wp-content\/uploads\/2016\/12\/600_530144455b0b416e121c82ceaa7c4bdb.jpg\" alt=\"\" height=\"767\" width=\"1024\" srcset=\"https:\/\/panontech.com\/wp-content\/uploads\/2016\/12\/600_530144455b0b416e121c82ceaa7c4bdb.jpg 1024w, https:\/\/panontech.com\/wp-content\/uploads\/2016\/12\/600_530144455b0b416e121c82ceaa7c4bdb-300x225.jpg 300w, https:\/\/panontech.com\/wp-content\/uploads\/2016\/12\/600_530144455b0b416e121c82ceaa7c4bdb-768x575.jpg 768w, https:\/\/panontech.com\/wp-content\/uploads\/2016\/12\/600_530144455b0b416e121c82ceaa7c4bdb-830x622.jpg 830w, https:\/\/panontech.com\/wp-content\/uploads\/2016\/12\/600_530144455b0b416e121c82ceaa7c4bdb-230x172.jpg 230w, https:\/\/panontech.com\/wp-content\/uploads\/2016\/12\/600_530144455b0b416e121c82ceaa7c4bdb-350x262.jpg 350w\" sizes=\"(max-width: 1024px) 100vw, 1024px\" \/><\/a><\/p>","protected":false},"excerpt":{"rendered":"Izvanredan omjer cijene i performansi. Vrlo ekonomi\u010dan zbog niske potrebne energije. Potpuno automatsko navodnjavanje. Pouzdanost u radu&nbsp; upotrebom visokokvalitetnih komponenti. Svi dijelovi od \u010delika su galvanizirani. To zna\u010di optimalnu za\u0161titu od korozije za stroj koji se ogleda u stabilnoj postojanosti&nbsp; i dugom vijeku trajanja. Debljina stjenke svake pojedine PE-cijevi je&nbsp; prilago\u0111ena kako bi se postigao [&hellip;]","protected":false},"author":1,"featured_media":0,"parent":1051,"menu_order":0,"comment_status":"closed","ping_status":"closed","template":"","meta":{"ngg_post_thumbnail":0},"categories":[],"tags":[],"_links":{"self":[{"href":"https:\/\/panontech.com\/index.php?rest_route=\/wp\/v2\/pages\/1203"}],"collection":[{"href":"https:\/\/panontech.com\/index.php?rest_route=\/wp\/v2\/pages"}],"about":[{"href":"https:\/\/panontech.com\/index.php?rest_route=\/wp\/v2\/types\/page"}],"author":[{"embeddable":true,"href":"https:\/\/panontech.com\/index.php?rest_route=\/wp\/v2\/users\/1"}],"replies":[{"embeddable":true,"href":"https:\/\/panontech.com\/index.php?rest_route=%2Fwp%2Fv2%2Fcomments&post=1203"}],"version-history":[{"count":4,"href":"https:\/\/panontech.com\/index.php?rest_route=\/wp\/v2\/pages\/1203\/revisions"}],"predecessor-version":[{"id":1209,"href":"https:\/\/panontech.com\/index.php?rest_route=\/wp\/v2\/pages\/1203\/revisions\/1209"}],"up":[{"embeddable":true,"href":"https:\/\/panontech.com\/index.php?rest_route=\/wp\/v2\/pages\/1051"}],"wp:attachment":[{"href":"https:\/\/panontech.com\/index.php?rest_route=%2Fwp%2Fv2%2Fmedia&parent=1203"}],"wp:term":[{"taxonomy":"category","embeddable":true,"href":"https:\/\/panontech.com\/index.php?rest_route=%2Fwp%2Fv2%2Fcategories&post=1203"},{"taxonomy":"post_tag","embeddable":true,"href":"https:\/\/panontech.com\/index.php?rest_route=%2Fwp%2Fv2%2Ftags&post=1203"}],"curies":[{"name":"wp","href":"https:\/\/api.w.org\/{rel}","templated":true}]}}