{"id":1185,"date":"2016-12-07T13:57:59","date_gmt":"2016-12-07T13:57:59","guid":{"rendered":"http:\/\/panontech.com\/?page_id=1185"},"modified":"2016-12-07T13:59:34","modified_gmt":"2016-12-07T13:59:34","slug":"rainstar-t","status":"publish","type":"page","link":"https:\/\/panontech.com\/?page_id=1185","title":{"rendered":"RAINSTAR T"},"content":{"rendered":"<p><span id=\"source-is\" class=\"goog-textarea short_text\" dir=\"ltr\" spellcheck=\"false\" lang=\"hr\">Ekonomski u\u010dinkovito <span class=\"\">navodnjavanje koje<\/span> <span class=\"\">\u0161tedi<\/span> energiju i vrijeme, lagane upravljivost i operativne sigurnosti, \u010dak i u ekstremnim uvjetima samo su neke od mnogih prednosti <span class=\"\">ove generacije<\/span> <span class=\"\">strojeva.<\/span><\/span><br \/>\n<span id=\"result_box\" class=\"\" lang=\"hr\"><\/span><\/p>\n<div id=\"gt-res-c\" class=\"g-unit\">\n<div id=\"gt-res-p\">\n<div id=\"gt-res-data\">\n<div id=\"gt-res-wrap\">\n<div id=\"gt-res-content\">\n<div dir=\"ltr\">\n<p><span id=\"result_box\" class=\"\" lang=\"hr\"><span class=\"\">RAINSTAR<\/span> <span class=\"\">T<\/span> <span class=\"\">s novim<\/span> <span class=\"\">TVR-<\/span> radijalne punog <span class=\"\">protoka<\/span> turbine je dostupan s ECOSTAR <span class=\"\">ra\u010dunalom za <\/span><span class=\"\">navodnjavanje<\/span> <span class=\"\">.<\/span><\/span><\/p>\n<p>Bez obzira na v<span class=\"\">eli\u010dinu ili oblik polja<\/span> , <span class=\"\">inovativni<\/span> modularni dizajn RAINSTAR T lako se&nbsp; prilago\u0111ava svim <span class=\"\">uvjetima <\/span><span class=\"\">i nudi<\/span> specifi\u010dnu opremu za svaki proces navodnjavanja.<\/p>\n<p>Posebno je <span class=\"\">atraktivan odnos cijene i<\/span> <span class=\"\">performanse<\/span> koji <span class=\"\">jam\u010di u<\/span> <span class=\"\">prvom redu<\/span> isplativost ovog sustava <span class=\"\">za navodnjavanje.<\/span><\/p>\n<\/div>\n<\/div>\n<div dir=\"ltr\">&nbsp;<\/div>\n<div dir=\"ltr\"><a href=\"http:\/\/panontech.com\/wp-content\/uploads\/2016\/12\/402_530144455b0b416e121c82ceaa7c4bdb.jpg\"><img loading=\"lazy\" class=\"alignnone size-full wp-image-1186\" src=\"http:\/\/panontech.com\/wp-content\/uploads\/2016\/12\/402_530144455b0b416e121c82ceaa7c4bdb.jpg\" alt=\"\" height=\"896\" width=\"1024\" srcset=\"https:\/\/panontech.com\/wp-content\/uploads\/2016\/12\/402_530144455b0b416e121c82ceaa7c4bdb.jpg 1024w, https:\/\/panontech.com\/wp-content\/uploads\/2016\/12\/402_530144455b0b416e121c82ceaa7c4bdb-300x263.jpg 300w, https:\/\/panontech.com\/wp-content\/uploads\/2016\/12\/402_530144455b0b416e121c82ceaa7c4bdb-768x672.jpg 768w, https:\/\/panontech.com\/wp-content\/uploads\/2016\/12\/402_530144455b0b416e121c82ceaa7c4bdb-830x726.jpg 830w, https:\/\/panontech.com\/wp-content\/uploads\/2016\/12\/402_530144455b0b416e121c82ceaa7c4bdb-230x201.jpg 230w, https:\/\/panontech.com\/wp-content\/uploads\/2016\/12\/402_530144455b0b416e121c82ceaa7c4bdb-350x306.jpg 350w\" sizes=\"(max-width: 1024px) 100vw, 1024px\" \/><\/a><\/div>\n<\/div>\n<\/div>\n<\/div>\n<\/div>\n<p><\/p>","protected":false},"excerpt":{"rendered":"Ekonomski u\u010dinkovito navodnjavanje koje \u0161tedi energiju i vrijeme, lagane upravljivost i operativne sigurnosti, \u010dak i u ekstremnim uvjetima samo su neke od mnogih prednosti ove generacije strojeva. RAINSTAR T s novim TVR- radijalne punog protoka turbine je dostupan s ECOSTAR ra\u010dunalom za navodnjavanje . Bez obzira na veli\u010dinu ili oblik polja , inovativni modularni dizajn [&hellip;]","protected":false},"author":1,"featured_media":0,"parent":1171,"menu_order":0,"comment_status":"closed","ping_status":"closed","template":"","meta":{"ngg_post_thumbnail":0},"categories":[],"tags":[],"_links":{"self":[{"href":"https:\/\/panontech.com\/index.php?rest_route=\/wp\/v2\/pages\/1185"}],"collection":[{"href":"https:\/\/panontech.com\/index.php?rest_route=\/wp\/v2\/pages"}],"about":[{"href":"https:\/\/panontech.com\/index.php?rest_route=\/wp\/v2\/types\/page"}],"author":[{"embeddable":true,"href":"https:\/\/panontech.com\/index.php?rest_route=\/wp\/v2\/users\/1"}],"replies":[{"embeddable":true,"href":"https:\/\/panontech.com\/index.php?rest_route=%2Fwp%2Fv2%2Fcomments&post=1185"}],"version-history":[{"count":2,"href":"https:\/\/panontech.com\/index.php?rest_route=\/wp\/v2\/pages\/1185\/revisions"}],"predecessor-version":[{"id":1189,"href":"https:\/\/panontech.com\/index.php?rest_route=\/wp\/v2\/pages\/1185\/revisions\/1189"}],"up":[{"embeddable":true,"href":"https:\/\/panontech.com\/index.php?rest_route=\/wp\/v2\/pages\/1171"}],"wp:attachment":[{"href":"https:\/\/panontech.com\/index.php?rest_route=%2Fwp%2Fv2%2Fmedia&parent=1185"}],"wp:term":[{"taxonomy":"category","embeddable":true,"href":"https:\/\/panontech.com\/index.php?rest_route=%2Fwp%2Fv2%2Fcategories&post=1185"},{"taxonomy":"post_tag","embeddable":true,"href":"https:\/\/panontech.com\/index.php?rest_route=%2Fwp%2Fv2%2Ftags&post=1185"}],"curies":[{"name":"wp","href":"https:\/\/api.w.org\/{rel}","templated":true}]}}