{"id":1181,"date":"2016-12-07T13:32:11","date_gmt":"2016-12-07T13:32:11","guid":{"rendered":"http:\/\/panontech.com\/?page_id=1181"},"modified":"2016-12-07T14:01:54","modified_gmt":"2016-12-07T14:01:54","slug":"rainstar-a","status":"publish","type":"page","link":"https:\/\/panontech.com\/?page_id=1181","title":{"rendered":"RAINSTAR A"},"content":{"rendered":"<p><\/p>\n<div class=\"detailArticle clear\">\n<div class=\"left\">\n<div class=\"articleContent \">\n<div id=\"gt-res-p\">\n<div id=\"gt-res-data\">\n<div id=\"gt-res-wrap\">\n<div id=\"gt-res-content\">\n<div dir=\"ltr\"><span id=\"result_box\" class=\"\" lang=\"hr\"><span class=\"\">Jednostavno rukovanje<\/span>, optimalni izlaz i inovativna tehnologija \u010dine novu A seriju strojeva <span class=\"\">za navodnjavanje<\/span>, idealnu za razne <span class=\"\">aplikacije kao \u0161to su<\/span>:<\/span><\/div>\n<\/div>\n<\/div>\n<\/div>\n<\/div>\n<ul>\n<li>sportske objekte<\/li>\n<li>parkove<\/li>\n<li>\u0161kole<\/li>\n<li>golf terene<\/li>\n<li>rasadnike<\/li>\n<li>groblja<\/li>\n<\/ul>\n<p><a href=\"http:\/\/panontech.com\/wp-content\/uploads\/2016\/12\/369_530144455b0b416e121c82ceaa7c4bdb.jpg\"><img loading=\"lazy\" class=\"alignnone size-full wp-image-1177\" src=\"http:\/\/panontech.com\/wp-content\/uploads\/2016\/12\/369_530144455b0b416e121c82ceaa7c4bdb.jpg\" alt=\"\" height=\"767\" width=\"1024\" srcset=\"https:\/\/panontech.com\/wp-content\/uploads\/2016\/12\/369_530144455b0b416e121c82ceaa7c4bdb.jpg 1024w, https:\/\/panontech.com\/wp-content\/uploads\/2016\/12\/369_530144455b0b416e121c82ceaa7c4bdb-300x225.jpg 300w, https:\/\/panontech.com\/wp-content\/uploads\/2016\/12\/369_530144455b0b416e121c82ceaa7c4bdb-768x575.jpg 768w, https:\/\/panontech.com\/wp-content\/uploads\/2016\/12\/369_530144455b0b416e121c82ceaa7c4bdb-830x622.jpg 830w, https:\/\/panontech.com\/wp-content\/uploads\/2016\/12\/369_530144455b0b416e121c82ceaa7c4bdb-230x172.jpg 230w, https:\/\/panontech.com\/wp-content\/uploads\/2016\/12\/369_530144455b0b416e121c82ceaa7c4bdb-350x262.jpg 350w\" sizes=\"(max-width: 1024px) 100vw, 1024px\" \/><\/a><\/p>\n<\/div>\n<\/div>\n<\/div>\n<p><\/p>","protected":false},"excerpt":{"rendered":"Jednostavno rukovanje, optimalni izlaz i inovativna tehnologija \u010dine novu A seriju strojeva za navodnjavanje, idealnu za razne aplikacije kao \u0161to su: sportske objekte parkove \u0161kole golf terene rasadnike groblja","protected":false},"author":1,"featured_media":0,"parent":1171,"menu_order":0,"comment_status":"closed","ping_status":"closed","template":"","meta":{"ngg_post_thumbnail":0},"categories":[],"tags":[],"_links":{"self":[{"href":"https:\/\/panontech.com\/index.php?rest_route=\/wp\/v2\/pages\/1181"}],"collection":[{"href":"https:\/\/panontech.com\/index.php?rest_route=\/wp\/v2\/pages"}],"about":[{"href":"https:\/\/panontech.com\/index.php?rest_route=\/wp\/v2\/types\/page"}],"author":[{"embeddable":true,"href":"https:\/\/panontech.com\/index.php?rest_route=\/wp\/v2\/users\/1"}],"replies":[{"embeddable":true,"href":"https:\/\/panontech.com\/index.php?rest_route=%2Fwp%2Fv2%2Fcomments&post=1181"}],"version-history":[{"count":3,"href":"https:\/\/panontech.com\/index.php?rest_route=\/wp\/v2\/pages\/1181\/revisions"}],"predecessor-version":[{"id":1191,"href":"https:\/\/panontech.com\/index.php?rest_route=\/wp\/v2\/pages\/1181\/revisions\/1191"}],"up":[{"embeddable":true,"href":"https:\/\/panontech.com\/index.php?rest_route=\/wp\/v2\/pages\/1171"}],"wp:attachment":[{"href":"https:\/\/panontech.com\/index.php?rest_route=%2Fwp%2Fv2%2Fmedia&parent=1181"}],"wp:term":[{"taxonomy":"category","embeddable":true,"href":"https:\/\/panontech.com\/index.php?rest_route=%2Fwp%2Fv2%2Fcategories&post=1181"},{"taxonomy":"post_tag","embeddable":true,"href":"https:\/\/panontech.com\/index.php?rest_route=%2Fwp%2Fv2%2Ftags&post=1181"}],"curies":[{"name":"wp","href":"https:\/\/api.w.org\/{rel}","templated":true}]}}