{"id":118,"date":"2015-12-07T13:10:20","date_gmt":"2015-12-07T13:10:20","guid":{"rendered":"http:\/\/panontech.com\/wordpress\/?page_id=118"},"modified":"2023-05-04T12:27:20","modified_gmt":"2023-05-04T11:27:20","slug":"company-info","status":"publish","type":"page","link":"https:\/\/panontech.com\/?page_id=118","title":{"rendered":"Informacije"},"content":{"rendered":"<p>Panontech d.o.o.<\/p>\n<p>Tvr\u0111avica 130<br \/>\n31000 Osijek<br \/>\nHrvatska<\/p>\n<p>Registriran kod trgova\u010dkog suda u Osijeku<\/p>\n<p>Temeljni kapital: 2.654,46 \u20ac upla\u0107en u cijelosti<\/p>\n<p>MBS: 4325893<br \/>\nOIB: 55048758666<\/p>\n<p>\u017diro ra\u010dun otvoren kod: Addiko Bank d.d.<br \/>\nIBAN: HR44 2500 0091 1014 5628 7<\/p>\n<p>Direktor<br \/>\nIlija Kesed\u017ei\u0107<\/p>","protected":false},"excerpt":{"rendered":"Panontech d.o.o. Tvr\u0111avica 130 31000 Osijek Hrvatska Registriran kod trgova\u010dkog suda u Osijeku Temeljni kapital: 2.654,46 \u20ac upla\u0107en u cijelosti MBS: 4325893 OIB: 55048758666 \u017diro ra\u010dun otvoren kod: Addiko Bank d.d. IBAN: HR44 2500 0091 1014 5628 7 Direktor Ilija Kesed\u017ei\u0107","protected":false},"author":1,"featured_media":0,"parent":14,"menu_order":0,"comment_status":"closed","ping_status":"closed","template":"","meta":{"ngg_post_thumbnail":0},"categories":[],"tags":[],"_links":{"self":[{"href":"https:\/\/panontech.com\/index.php?rest_route=\/wp\/v2\/pages\/118"}],"collection":[{"href":"https:\/\/panontech.com\/index.php?rest_route=\/wp\/v2\/pages"}],"about":[{"href":"https:\/\/panontech.com\/index.php?rest_route=\/wp\/v2\/types\/page"}],"author":[{"embeddable":true,"href":"https:\/\/panontech.com\/index.php?rest_route=\/wp\/v2\/users\/1"}],"replies":[{"embeddable":true,"href":"https:\/\/panontech.com\/index.php?rest_route=%2Fwp%2Fv2%2Fcomments&post=118"}],"version-history":[{"count":7,"href":"https:\/\/panontech.com\/index.php?rest_route=\/wp\/v2\/pages\/118\/revisions"}],"predecessor-version":[{"id":1897,"href":"https:\/\/panontech.com\/index.php?rest_route=\/wp\/v2\/pages\/118\/revisions\/1897"}],"up":[{"embeddable":true,"href":"https:\/\/panontech.com\/index.php?rest_route=\/wp\/v2\/pages\/14"}],"wp:attachment":[{"href":"https:\/\/panontech.com\/index.php?rest_route=%2Fwp%2Fv2%2Fmedia&parent=118"}],"wp:term":[{"taxonomy":"category","embeddable":true,"href":"https:\/\/panontech.com\/index.php?rest_route=%2Fwp%2Fv2%2Fcategories&post=118"},{"taxonomy":"post_tag","embeddable":true,"href":"https:\/\/panontech.com\/index.php?rest_route=%2Fwp%2Fv2%2Ftags&post=118"}],"curies":[{"name":"wp","href":"https:\/\/api.w.org\/{rel}","templated":true}]}}