{"id":115,"date":"2015-12-07T13:09:19","date_gmt":"2015-12-07T13:09:19","guid":{"rendered":"http:\/\/panontech.com\/wordpress\/?page_id=115"},"modified":"2017-01-12T14:37:57","modified_gmt":"2017-01-12T14:37:57","slug":"mixersagitators-2","status":"publish","type":"page","link":"https:\/\/panontech.com\/?page_id=115","title":{"rendered":"Mje\u0161a\u010di"},"content":{"rendered":"<p>U ponudi imamo elektri\u010dne mje\u0161a\u010de snage od 1 do 22kW renomiranih europskih proizvo\u0111a\u010da,<\/p>\n<p>sa svom pripadaju\u0107om opremom i dijelovima za potrebu mije\u0161anja i homogenizacije gnoja te ostalih<\/p>\n<p>te\u010dnosti u raznim spremnicima i jamama. Sve mje\u0161a\u010de odlikuje velika izdr\u017eljivost te otpornost,<\/p>\n<p>stupanj za\u0161tite IP68, termi\u010dka za\u0161tita, svi vanjski dijelovi na\u010dinjeni su od nehr\u0111aju\u0107eg \u010delika.<\/p>\n<p>Isporu\u010dujemo i razne vrste nosa\u010da, dr\u017ea\u010da, vitla, vodilica,<\/p>\n<p>sve \u0161to je potrebno da bi rje\u0161enje bilo kompletno i kvalitetno.<\/p>\n<p><a href=\"http:\/\/panontech.com\/wp-content\/uploads\/2015\/12\/TMR.jpg\"><img loading=\"lazy\" class=\"alignnone wp-image-1221\" src=\"http:\/\/panontech.com\/wp-content\/uploads\/2015\/12\/TMR.jpg\" alt=\"\" width=\"337\" height=\"247\" srcset=\"https:\/\/panontech.com\/wp-content\/uploads\/2015\/12\/TMR.jpg 518w, https:\/\/panontech.com\/wp-content\/uploads\/2015\/12\/TMR-300x220.jpg 300w, https:\/\/panontech.com\/wp-content\/uploads\/2015\/12\/TMR-230x169.jpg 230w, https:\/\/panontech.com\/wp-content\/uploads\/2015\/12\/TMR-350x257.jpg 350w\" sizes=\"(max-width: 337px) 100vw, 337px\" \/><\/a><\/p>\n<p>Model TMR<\/p>\n<p>Osnovni model sa naj\u0161irim spektrom primjena<\/p>\n<p>Snage od 4-22 kW, kapaciteta od 19-88 m3\/h.<\/p>\n<p><a href=\"http:\/\/panontech.com\/wp-content\/uploads\/2015\/12\/TMRz.jpg\"><img loading=\"lazy\" class=\"alignnone wp-image-1222\" src=\"http:\/\/panontech.com\/wp-content\/uploads\/2015\/12\/TMRz.jpg\" alt=\"\" width=\"287\" height=\"243\" srcset=\"https:\/\/panontech.com\/wp-content\/uploads\/2015\/12\/TMRz.jpg 942w, https:\/\/panontech.com\/wp-content\/uploads\/2015\/12\/TMRz-300x254.jpg 300w, https:\/\/panontech.com\/wp-content\/uploads\/2015\/12\/TMRz-768x651.jpg 768w, https:\/\/panontech.com\/wp-content\/uploads\/2015\/12\/TMRz-830x703.jpg 830w, https:\/\/panontech.com\/wp-content\/uploads\/2015\/12\/TMRz-230x195.jpg 230w, https:\/\/panontech.com\/wp-content\/uploads\/2015\/12\/TMRz-350x296.jpg 350w\" sizes=\"(max-width: 287px) 100vw, 287px\" \/><\/a><\/p>\n<p>Model TMRz<\/p>\n<p>Specijalni model sa okvirom, za ugradnju u kanale<\/p>\n<p>Snage 7.5-22 kW, kapaciteta od 42-88 m3\/h<\/p>\n<p><a href=\"http:\/\/panontech.com\/wp-content\/uploads\/2015\/12\/GFR.jpg\"><img loading=\"lazy\" class=\"alignnone wp-image-1223\" src=\"http:\/\/panontech.com\/wp-content\/uploads\/2015\/12\/GFR.jpg\" alt=\"\" width=\"327\" height=\"264\" srcset=\"https:\/\/panontech.com\/wp-content\/uploads\/2015\/12\/GFR.jpg 491w, https:\/\/panontech.com\/wp-content\/uploads\/2015\/12\/GFR-300x243.jpg 300w, https:\/\/panontech.com\/wp-content\/uploads\/2015\/12\/GFR-230x186.jpg 230w, https:\/\/panontech.com\/wp-content\/uploads\/2015\/12\/GFR-350x283.jpg 350w\" sizes=\"(max-width: 327px) 100vw, 327px\" \/><\/a><\/p>\n<p>Model GFR<\/p>\n<p>Model sa velikim propelerom i maslim brojem okretaja<\/p>\n<p>Veliki u\u010dinak uz mali utro\u0161ak energije<\/p>\n<p>Primjena za biomasu i otpadne vode<\/p>\n<p><a href=\"http:\/\/panontech.com\/wp-content\/uploads\/2015\/12\/LAR.jpg\"><img loading=\"lazy\" class=\"alignnone wp-image-1224\" src=\"http:\/\/panontech.com\/wp-content\/uploads\/2015\/12\/LAR.jpg\" alt=\"\" width=\"356\" height=\"332\" srcset=\"https:\/\/panontech.com\/wp-content\/uploads\/2015\/12\/LAR.jpg 428w, https:\/\/panontech.com\/wp-content\/uploads\/2015\/12\/LAR-300x280.jpg 300w, https:\/\/panontech.com\/wp-content\/uploads\/2015\/12\/LAR-230x214.jpg 230w, https:\/\/panontech.com\/wp-content\/uploads\/2015\/12\/LAR-350x326.jpg 350w\" sizes=\"(max-width: 356px) 100vw, 356px\" \/><\/a><\/p>\n<p>Model LAR<\/p>\n<p>Model sa duga\u010dkom kosom osovinom<\/p>\n<p>Veliki u\u010dinak uz mali utro\u0161ak energije<\/p>\n<p>Primjena za biomasu i otpadne vode<\/p>\n<p><a href=\"http:\/\/panontech.com\/wp-content\/uploads\/2015\/12\/TMR3i.jpg\"><img loading=\"lazy\" class=\"alignnone wp-image-1225\" src=\"http:\/\/panontech.com\/wp-content\/uploads\/2015\/12\/TMR3i.jpg\" alt=\"\" width=\"288\" height=\"284\" srcset=\"https:\/\/panontech.com\/wp-content\/uploads\/2015\/12\/TMR3i.jpg 413w, https:\/\/panontech.com\/wp-content\/uploads\/2015\/12\/TMR3i-300x296.jpg 300w, https:\/\/panontech.com\/wp-content\/uploads\/2015\/12\/TMR3i-230x227.jpg 230w, https:\/\/panontech.com\/wp-content\/uploads\/2015\/12\/TMR3i-350x345.jpg 350w\" sizes=\"(max-width: 288px) 100vw, 288px\" \/><\/a><\/p>\n<p>Model TMR3i<\/p>\n<p>Specijalni model otporan na agresivne medije<\/p>\n<p>Snage od 11-22 kW<\/p>\n<p><a href=\"http:\/\/panontech.com\/wp-content\/uploads\/2015\/12\/TMR3m.jpg\"><img loading=\"lazy\" class=\"alignnone wp-image-1226\" src=\"http:\/\/panontech.com\/wp-content\/uploads\/2015\/12\/TMR3m.jpg\" alt=\"\" width=\"279\" height=\"259\" srcset=\"https:\/\/panontech.com\/wp-content\/uploads\/2015\/12\/TMR3m.jpg 449w, https:\/\/panontech.com\/wp-content\/uploads\/2015\/12\/TMR3m-300x279.jpg 300w, https:\/\/panontech.com\/wp-content\/uploads\/2015\/12\/TMR3m-230x214.jpg 230w, https:\/\/panontech.com\/wp-content\/uploads\/2015\/12\/TMR3m-350x326.jpg 350w\" sizes=\"(max-width: 279px) 100vw, 279px\" \/><\/a><\/p>\n<p>Model TMR3m<\/p>\n<p>Model sa 3 lopatice<\/p>\n<p>Snage od 11-17kW<\/p>\n<p>&nbsp;<\/p>\n<p><a href=\"http:\/\/panontech.com\/wp-content\/uploads\/2015\/12\/batmix.jpg\"><img loading=\"lazy\" class=\"alignnone  wp-image-1451\" src=\"http:\/\/panontech.com\/wp-content\/uploads\/2015\/12\/batmix.jpg\" alt=\"\" width=\"340\" height=\"235\" srcset=\"https:\/\/panontech.com\/wp-content\/uploads\/2015\/12\/batmix.jpg 1024w, https:\/\/panontech.com\/wp-content\/uploads\/2015\/12\/batmix-300x207.jpg 300w, https:\/\/panontech.com\/wp-content\/uploads\/2015\/12\/batmix-768x531.jpg 768w, https:\/\/panontech.com\/wp-content\/uploads\/2015\/12\/batmix-830x574.jpg 830w, https:\/\/panontech.com\/wp-content\/uploads\/2015\/12\/batmix-230x159.jpg 230w, https:\/\/panontech.com\/wp-content\/uploads\/2015\/12\/batmix-350x242.jpg 350w\" sizes=\"(max-width: 340px) 100vw, 340px\" \/><\/a><\/p>\n<p>Razni potopni mje\u0161a\u010di 5.5 &#8211; 15kW<\/p>\n<p><a href=\"http:\/\/panontech.com\/wp-content\/uploads\/2015\/12\/batmix2.jpg\"><img loading=\"lazy\" class=\"alignnone  wp-image-1452\" src=\"http:\/\/panontech.com\/wp-content\/uploads\/2015\/12\/batmix2.jpg\" alt=\"\" width=\"336\" height=\"322\" srcset=\"https:\/\/panontech.com\/wp-content\/uploads\/2015\/12\/batmix2.jpg 1024w, https:\/\/panontech.com\/wp-content\/uploads\/2015\/12\/batmix2-300x288.jpg 300w, https:\/\/panontech.com\/wp-content\/uploads\/2015\/12\/batmix2-768x737.jpg 768w, https:\/\/panontech.com\/wp-content\/uploads\/2015\/12\/batmix2-830x796.jpg 830w, https:\/\/panontech.com\/wp-content\/uploads\/2015\/12\/batmix2-230x221.jpg 230w, https:\/\/panontech.com\/wp-content\/uploads\/2015\/12\/batmix2-350x336.jpg 350w\" sizes=\"(max-width: 336px) 100vw, 336px\" \/><\/a><a href=\"http:\/\/panontech.com\/wp-content\/uploads\/2015\/12\/rec1.jpg\"><img loading=\"lazy\" class=\"alignnone  wp-image-1453\" src=\"http:\/\/panontech.com\/wp-content\/uploads\/2015\/12\/rec1.jpg\" alt=\"\" width=\"484\" height=\"256\" srcset=\"https:\/\/panontech.com\/wp-content\/uploads\/2015\/12\/rec1.jpg 2118w, https:\/\/panontech.com\/wp-content\/uploads\/2015\/12\/rec1-300x159.jpg 300w, https:\/\/panontech.com\/wp-content\/uploads\/2015\/12\/rec1-768x406.jpg 768w, https:\/\/panontech.com\/wp-content\/uploads\/2015\/12\/rec1-1024x541.jpg 1024w, https:\/\/panontech.com\/wp-content\/uploads\/2015\/12\/rec1-830x439.jpg 830w, https:\/\/panontech.com\/wp-content\/uploads\/2015\/12\/rec1-230x122.jpg 230w, https:\/\/panontech.com\/wp-content\/uploads\/2015\/12\/rec1-350x185.jpg 350w\" sizes=\"(max-width: 484px) 100vw, 484px\" \/><\/a><a href=\"http:\/\/panontech.com\/wp-content\/uploads\/2015\/12\/rec2.jpg\"><img loading=\"lazy\" class=\"alignnone  wp-image-1454\" src=\"http:\/\/panontech.com\/wp-content\/uploads\/2015\/12\/rec2.jpg\" alt=\"\" width=\"384\" height=\"202\" srcset=\"https:\/\/panontech.com\/wp-content\/uploads\/2015\/12\/rec2.jpg 640w, https:\/\/panontech.com\/wp-content\/uploads\/2015\/12\/rec2-300x158.jpg 300w, https:\/\/panontech.com\/wp-content\/uploads\/2015\/12\/rec2-230x121.jpg 230w, https:\/\/panontech.com\/wp-content\/uploads\/2015\/12\/rec2-350x184.jpg 350w\" sizes=\"(max-width: 384px) 100vw, 384px\" \/><\/a><\/p>\n<p>Traktorski pogonjeni mje\u0161a\u010di raznih veli\u010dina<\/p>","protected":false},"excerpt":{"rendered":"U ponudi imamo elektri\u010dne mje\u0161a\u010de snage od 1 do 22kW renomiranih europskih proizvo\u0111a\u010da, sa svom pripadaju\u0107om opremom i dijelovima za potrebu mije\u0161anja i homogenizacije gnoja te ostalih te\u010dnosti u raznim spremnicima i jamama. Sve mje\u0161a\u010de odlikuje velika izdr\u017eljivost te otpornost, stupanj za\u0161tite IP68, termi\u010dka za\u0161tita, svi vanjski dijelovi na\u010dinjeni su od nehr\u0111aju\u0107eg \u010delika. Isporu\u010dujemo i [&hellip;]","protected":false},"author":1,"featured_media":0,"parent":10,"menu_order":0,"comment_status":"closed","ping_status":"closed","template":"","meta":{"ngg_post_thumbnail":0},"categories":[],"tags":[],"_links":{"self":[{"href":"https:\/\/panontech.com\/index.php?rest_route=\/wp\/v2\/pages\/115"}],"collection":[{"href":"https:\/\/panontech.com\/index.php?rest_route=\/wp\/v2\/pages"}],"about":[{"href":"https:\/\/panontech.com\/index.php?rest_route=\/wp\/v2\/types\/page"}],"author":[{"embeddable":true,"href":"https:\/\/panontech.com\/index.php?rest_route=\/wp\/v2\/users\/1"}],"replies":[{"embeddable":true,"href":"https:\/\/panontech.com\/index.php?rest_route=%2Fwp%2Fv2%2Fcomments&post=115"}],"version-history":[{"count":9,"href":"https:\/\/panontech.com\/index.php?rest_route=\/wp\/v2\/pages\/115\/revisions"}],"predecessor-version":[{"id":1455,"href":"https:\/\/panontech.com\/index.php?rest_route=\/wp\/v2\/pages\/115\/revisions\/1455"}],"up":[{"embeddable":true,"href":"https:\/\/panontech.com\/index.php?rest_route=\/wp\/v2\/pages\/10"}],"wp:attachment":[{"href":"https:\/\/panontech.com\/index.php?rest_route=%2Fwp%2Fv2%2Fmedia&parent=115"}],"wp:term":[{"taxonomy":"category","embeddable":true,"href":"https:\/\/panontech.com\/index.php?rest_route=%2Fwp%2Fv2%2Fcategories&post=115"},{"taxonomy":"post_tag","embeddable":true,"href":"https:\/\/panontech.com\/index.php?rest_route=%2Fwp%2Fv2%2Ftags&post=115"}],"curies":[{"name":"wp","href":"https:\/\/api.w.org\/{rel}","templated":true}]}}