{"id":112,"date":"2015-12-07T13:08:02","date_gmt":"2015-12-07T13:08:02","guid":{"rendered":"http:\/\/panontech.com\/wordpress\/?page_id=112"},"modified":"2017-01-16T11:07:15","modified_gmt":"2017-01-16T11:07:15","slug":"maintenance","status":"publish","type":"page","link":"https:\/\/panontech.com\/?page_id=112","title":{"rendered":"Servisi i odr\u017eavanje"},"content":{"rendered":"<p>Klijentima i korisnicima na\u0161ih usluga i proizvoda pru\u017eamo kompletnu podr\u0161ku, savjetovanje, edukaciju djelatnika, instalaciju i monta\u017eu, servisne usluge, isporuku rezervnih djelova u najkra\u0107em mogu\u0107em roku, odr\u017eavanje opreme, kontrolne preglede i popravke, sve na jednom mjestu.<\/p>\n<p><a href=\"http:\/\/panontech.com\/wp-content\/uploads\/2015\/12\/IMG_20160513_162728-Medium.jpg\"><img loading=\"lazy\" class=\"wp-image-1627 aligncenter\" src=\"http:\/\/panontech.com\/wp-content\/uploads\/2015\/12\/IMG_20160513_162728-Medium-1024x573.jpg\" width=\"622\" height=\"348\" srcset=\"https:\/\/panontech.com\/wp-content\/uploads\/2015\/12\/IMG_20160513_162728-Medium-1024x573.jpg 1024w, https:\/\/panontech.com\/wp-content\/uploads\/2015\/12\/IMG_20160513_162728-Medium-300x168.jpg 300w, https:\/\/panontech.com\/wp-content\/uploads\/2015\/12\/IMG_20160513_162728-Medium-768x430.jpg 768w, https:\/\/panontech.com\/wp-content\/uploads\/2015\/12\/IMG_20160513_162728-Medium-830x464.jpg 830w, https:\/\/panontech.com\/wp-content\/uploads\/2015\/12\/IMG_20160513_162728-Medium-230x129.jpg 230w, https:\/\/panontech.com\/wp-content\/uploads\/2015\/12\/IMG_20160513_162728-Medium-350x196.jpg 350w, https:\/\/panontech.com\/wp-content\/uploads\/2015\/12\/IMG_20160513_162728-Medium.jpg 1366w\" sizes=\"(max-width: 622px) 100vw, 622px\" \/><\/a><\/p>\n<p><a href=\"http:\/\/panontech.com\/wp-content\/uploads\/2015\/12\/IMG_20160427_082735-Medium.jpg\"><img loading=\"lazy\" class=\"wp-image-1626 aligncenter\" src=\"http:\/\/panontech.com\/wp-content\/uploads\/2015\/12\/IMG_20160427_082735-Medium.jpg\" alt=\"\" width=\"623\" height=\"349\" srcset=\"https:\/\/panontech.com\/wp-content\/uploads\/2015\/12\/IMG_20160427_082735-Medium.jpg 1366w, https:\/\/panontech.com\/wp-content\/uploads\/2015\/12\/IMG_20160427_082735-Medium-300x168.jpg 300w, https:\/\/panontech.com\/wp-content\/uploads\/2015\/12\/IMG_20160427_082735-Medium-768x430.jpg 768w, https:\/\/panontech.com\/wp-content\/uploads\/2015\/12\/IMG_20160427_082735-Medium-1024x573.jpg 1024w, https:\/\/panontech.com\/wp-content\/uploads\/2015\/12\/IMG_20160427_082735-Medium-830x464.jpg 830w, https:\/\/panontech.com\/wp-content\/uploads\/2015\/12\/IMG_20160427_082735-Medium-230x129.jpg 230w, https:\/\/panontech.com\/wp-content\/uploads\/2015\/12\/IMG_20160427_082735-Medium-350x196.jpg 350w\" sizes=\"(max-width: 623px) 100vw, 623px\" \/><\/a><\/p>\n<p><a href=\"http:\/\/panontech.com\/wp-content\/uploads\/2015\/12\/IMG_20160128_092842-Medium.jpg\"><img loading=\"lazy\" class=\"wp-image-1625 aligncenter\" src=\"http:\/\/panontech.com\/wp-content\/uploads\/2015\/12\/IMG_20160128_092842-Medium.jpg\" alt=\"\" width=\"625\" height=\"352\" srcset=\"https:\/\/panontech.com\/wp-content\/uploads\/2015\/12\/IMG_20160128_092842-Medium.jpg 1363w, https:\/\/panontech.com\/wp-content\/uploads\/2015\/12\/IMG_20160128_092842-Medium-300x169.jpg 300w, https:\/\/panontech.com\/wp-content\/uploads\/2015\/12\/IMG_20160128_092842-Medium-768x433.jpg 768w, https:\/\/panontech.com\/wp-content\/uploads\/2015\/12\/IMG_20160128_092842-Medium-1024x577.jpg 1024w, https:\/\/panontech.com\/wp-content\/uploads\/2015\/12\/IMG_20160128_092842-Medium-830x468.jpg 830w, https:\/\/panontech.com\/wp-content\/uploads\/2015\/12\/IMG_20160128_092842-Medium-230x130.jpg 230w, https:\/\/panontech.com\/wp-content\/uploads\/2015\/12\/IMG_20160128_092842-Medium-350x197.jpg 350w\" sizes=\"(max-width: 625px) 100vw, 625px\" \/><\/a><\/p>","protected":false},"excerpt":{"rendered":"Klijentima i korisnicima na\u0161ih usluga i proizvoda pru\u017eamo kompletnu podr\u0161ku, savjetovanje, edukaciju djelatnika, instalaciju i monta\u017eu, servisne usluge, isporuku rezervnih djelova u najkra\u0107em mogu\u0107em roku, odr\u017eavanje opreme, kontrolne preglede i popravke, sve na jednom mjestu.","protected":false},"author":1,"featured_media":0,"parent":12,"menu_order":0,"comment_status":"closed","ping_status":"closed","template":"","meta":{"ngg_post_thumbnail":0},"categories":[],"tags":[],"_links":{"self":[{"href":"https:\/\/panontech.com\/index.php?rest_route=\/wp\/v2\/pages\/112"}],"collection":[{"href":"https:\/\/panontech.com\/index.php?rest_route=\/wp\/v2\/pages"}],"about":[{"href":"https:\/\/panontech.com\/index.php?rest_route=\/wp\/v2\/types\/page"}],"author":[{"embeddable":true,"href":"https:\/\/panontech.com\/index.php?rest_route=\/wp\/v2\/users\/1"}],"replies":[{"embeddable":true,"href":"https:\/\/panontech.com\/index.php?rest_route=%2Fwp%2Fv2%2Fcomments&post=112"}],"version-history":[{"count":6,"href":"https:\/\/panontech.com\/index.php?rest_route=\/wp\/v2\/pages\/112\/revisions"}],"predecessor-version":[{"id":1645,"href":"https:\/\/panontech.com\/index.php?rest_route=\/wp\/v2\/pages\/112\/revisions\/1645"}],"up":[{"embeddable":true,"href":"https:\/\/panontech.com\/index.php?rest_route=\/wp\/v2\/pages\/12"}],"wp:attachment":[{"href":"https:\/\/panontech.com\/index.php?rest_route=%2Fwp%2Fv2%2Fmedia&parent=112"}],"wp:term":[{"taxonomy":"category","embeddable":true,"href":"https:\/\/panontech.com\/index.php?rest_route=%2Fwp%2Fv2%2Fcategories&post=112"},{"taxonomy":"post_tag","embeddable":true,"href":"https:\/\/panontech.com\/index.php?rest_route=%2Fwp%2Fv2%2Ftags&post=112"}],"curies":[{"name":"wp","href":"https:\/\/api.w.org\/{rel}","templated":true}]}}