{"id":1103,"date":"2016-12-06T12:09:08","date_gmt":"2016-12-06T12:09:08","guid":{"rendered":"http:\/\/panontech.com\/?page_id=1103"},"modified":"2016-12-07T08:36:27","modified_gmt":"2016-12-07T08:36:27","slug":"linestar-9000","status":"publish","type":"page","link":"https:\/\/panontech.com\/?page_id=1103","title":{"rendered":"Linestar 9000"},"content":{"rendered":"<p><span id=\"result_box\" class=\"\" lang=\"hr\"> Linestar&nbsp; 9000 sustav je idealno prilago\u0111en za navodnjavanje pravokutnih podru\u010dja kako bi mogao jam\u010diti sigurno i kontinuirano navodnjavanje. Zadr\u017eava savr\u0161enu stabilnost i neovisno ispravljanje odstupanja kretanja izme\u0111u pogonskih jedinica i na zahtjevnom te te\u0161kom terenu. Robustan, izdr\u017eljiv, to\u010dan i pogodan za povr\u0161ine razli\u010ditih veli\u010dina.<\/span><\/p>\n<p><strong><span class=\"\">Prednosti<\/span> Linestar sustava:<\/strong><br \/>\n&nbsp;&nbsp;&nbsp;&nbsp;&nbsp; &nbsp;&nbsp;&nbsp; &nbsp;&nbsp;&nbsp;&nbsp;<\/p>\n<ul>\n<li><span id=\"result_box\" class=\"\" lang=\"hr\">Optimalno kori\u0161tenje prostora na pravokutnim <span class=\"\">poljima<\/span> (do 100%)<\/span><\/li>\n<li><span id=\"result_box\" class=\"\" lang=\"hr\">Navodnjavanje koje je nje\u017eno prema tlu i usjevima<\/span><\/li>\n<li><span id=\"result_box\" class=\"\" lang=\"hr\">Sustav s niskim tlakom sa niskom potro\u0161njom energije<\/span><\/li>\n<li><span id=\"result_box\" class=\"\" lang=\"hr\">Visoka razina u\u010dinkovitosti <span class=\"\">navodnjavanja <\/span>zahvaljuju\u0107i&nbsp; kori\u0161tenju nadzemnih voda<\/span><\/li>\n<li><span id=\"result_box\" class=\"\" lang=\"hr\">Visoka razina fleksibilnosti s obzirom na vu\u010du i&nbsp;<span class=\"\">mogu\u0107nosti<\/span> rotacije&nbsp;<\/span><\/li>\n<\/ul>\n<p><a href=\"http:\/\/panontech.com\/wp-content\/uploads\/2016\/12\/463_530144455b0b416e121c82ceaa7c4bdb.jpg\"><img loading=\"lazy\" class=\"alignnone size-full wp-image-1105\" src=\"http:\/\/panontech.com\/wp-content\/uploads\/2016\/12\/463_530144455b0b416e121c82ceaa7c4bdb.jpg\" alt=\"463_530144455b0b416e121c82ceaa7c4bdb\" height=\"768\" width=\"1024\" srcset=\"https:\/\/panontech.com\/wp-content\/uploads\/2016\/12\/463_530144455b0b416e121c82ceaa7c4bdb.jpg 1024w, https:\/\/panontech.com\/wp-content\/uploads\/2016\/12\/463_530144455b0b416e121c82ceaa7c4bdb-300x225.jpg 300w, https:\/\/panontech.com\/wp-content\/uploads\/2016\/12\/463_530144455b0b416e121c82ceaa7c4bdb-768x576.jpg 768w, https:\/\/panontech.com\/wp-content\/uploads\/2016\/12\/463_530144455b0b416e121c82ceaa7c4bdb-830x623.jpg 830w, https:\/\/panontech.com\/wp-content\/uploads\/2016\/12\/463_530144455b0b416e121c82ceaa7c4bdb-230x173.jpg 230w, https:\/\/panontech.com\/wp-content\/uploads\/2016\/12\/463_530144455b0b416e121c82ceaa7c4bdb-350x263.jpg 350w\" sizes=\"(max-width: 1024px) 100vw, 1024px\" \/><\/a><\/p>\n<p><a href=\"http:\/\/panontech.com\/wp-content\/uploads\/2016\/12\/498_530144455b0b416e121c82ceaa7c4bdb.jpg\"><img loading=\"lazy\" class=\"alignnone size-full wp-image-1090\" src=\"http:\/\/panontech.com\/wp-content\/uploads\/2016\/12\/498_530144455b0b416e121c82ceaa7c4bdb.jpg\" alt=\"498_530144455b0b416e121c82ceaa7c4bdb\" height=\"764\" width=\"1024\" srcset=\"https:\/\/panontech.com\/wp-content\/uploads\/2016\/12\/498_530144455b0b416e121c82ceaa7c4bdb.jpg 1024w, https:\/\/panontech.com\/wp-content\/uploads\/2016\/12\/498_530144455b0b416e121c82ceaa7c4bdb-300x224.jpg 300w, https:\/\/panontech.com\/wp-content\/uploads\/2016\/12\/498_530144455b0b416e121c82ceaa7c4bdb-768x573.jpg 768w, https:\/\/panontech.com\/wp-content\/uploads\/2016\/12\/498_530144455b0b416e121c82ceaa7c4bdb-830x619.jpg 830w, https:\/\/panontech.com\/wp-content\/uploads\/2016\/12\/498_530144455b0b416e121c82ceaa7c4bdb-230x172.jpg 230w, https:\/\/panontech.com\/wp-content\/uploads\/2016\/12\/498_530144455b0b416e121c82ceaa7c4bdb-350x261.jpg 350w\" sizes=\"(max-width: 1024px) 100vw, 1024px\" \/><\/a><\/p>","protected":false},"excerpt":{"rendered":"Linestar&nbsp; 9000 sustav je idealno prilago\u0111en za navodnjavanje pravokutnih podru\u010dja kako bi mogao jam\u010diti sigurno i kontinuirano navodnjavanje. Zadr\u017eava savr\u0161enu stabilnost i neovisno ispravljanje odstupanja kretanja izme\u0111u pogonskih jedinica i na zahtjevnom te te\u0161kom terenu. Robustan, izdr\u017eljiv, to\u010dan i pogodan za povr\u0161ine razli\u010ditih veli\u010dina. Prednosti Linestar sustava: &nbsp;&nbsp;&nbsp;&nbsp;&nbsp; &nbsp;&nbsp;&nbsp; &nbsp;&nbsp;&nbsp;&nbsp; Optimalno kori\u0161tenje prostora na pravokutnim [&hellip;]","protected":false},"author":1,"featured_media":0,"parent":1051,"menu_order":0,"comment_status":"closed","ping_status":"closed","template":"","meta":{"ngg_post_thumbnail":0},"categories":[],"tags":[],"_links":{"self":[{"href":"https:\/\/panontech.com\/index.php?rest_route=\/wp\/v2\/pages\/1103"}],"collection":[{"href":"https:\/\/panontech.com\/index.php?rest_route=\/wp\/v2\/pages"}],"about":[{"href":"https:\/\/panontech.com\/index.php?rest_route=\/wp\/v2\/types\/page"}],"author":[{"embeddable":true,"href":"https:\/\/panontech.com\/index.php?rest_route=\/wp\/v2\/users\/1"}],"replies":[{"embeddable":true,"href":"https:\/\/panontech.com\/index.php?rest_route=%2Fwp%2Fv2%2Fcomments&post=1103"}],"version-history":[{"count":5,"href":"https:\/\/panontech.com\/index.php?rest_route=\/wp\/v2\/pages\/1103\/revisions"}],"predecessor-version":[{"id":1151,"href":"https:\/\/panontech.com\/index.php?rest_route=\/wp\/v2\/pages\/1103\/revisions\/1151"}],"up":[{"embeddable":true,"href":"https:\/\/panontech.com\/index.php?rest_route=\/wp\/v2\/pages\/1051"}],"wp:attachment":[{"href":"https:\/\/panontech.com\/index.php?rest_route=%2Fwp%2Fv2%2Fmedia&parent=1103"}],"wp:term":[{"taxonomy":"category","embeddable":true,"href":"https:\/\/panontech.com\/index.php?rest_route=%2Fwp%2Fv2%2Fcategories&post=1103"},{"taxonomy":"post_tag","embeddable":true,"href":"https:\/\/panontech.com\/index.php?rest_route=%2Fwp%2Fv2%2Ftags&post=1103"}],"curies":[{"name":"wp","href":"https:\/\/api.w.org\/{rel}","templated":true}]}}