{"id":1097,"date":"2016-12-05T15:52:18","date_gmt":"2016-12-05T15:52:18","guid":{"rendered":"http:\/\/panontech.com\/?page_id=1097"},"modified":"2016-12-07T08:23:36","modified_gmt":"2016-12-07T08:23:36","slug":"polystar-9000","status":"publish","type":"page","link":"https:\/\/panontech.com\/?page_id=1097","title":{"rendered":"Polystar 9000"},"content":{"rendered":"<p><span id=\"source-is\" class=\"goog-textarea short_text\" dir=\"ltr\" spellcheck=\"false\" lang=\"hr\">Sa Polystar sustavom nudimo sveobuhvatnu za\u0161titu od korozije elemenata za prijenos vode. To zna\u010di da ne postoje ograni\u010denja za kori\u0161tenje <span class=\"\">otpadne vode<\/span>, odvojenog teku\u0107eg gnojiva i agresivne vode.<\/span><br \/>\n<span id=\"result_box\" class=\"\" lang=\"hr\"><\/span><\/p>\n<div id=\"gt-res-c\" class=\"g-unit\">\n<div id=\"gt-res-p\">\n<div id=\"gt-res-data\">\n<div id=\"gt-res-wrap\">\n<p><span id=\"result_box\" class=\"\" lang=\"hr\"><strong><span class=\"\">Prednosti<\/span> Polystar sustava:<\/strong><br \/>\n<\/span><\/p>\n<ul>\n<li><span id=\"result_box\" class=\"\" lang=\"hr\">Sveobuhvatna za\u0161tita od korozije<\/span><\/li>\n<li><span id=\"result_box\" class=\"\" lang=\"hr\">Du\u017ei \u017eivotni vijek<\/span><\/li>\n<li><span id=\"result_box\" class=\"\" lang=\"hr\">Visoka <span class=\"\">razina u\u010dinkovitosti<\/span><\/span><\/li>\n<li><span id=\"result_box\" class=\"\" lang=\"hr\"><span class=\"\">Pouzdano<\/span><span class=\"\"> navodnjavanje<\/span><\/span><\/li>\n<li><span id=\"result_box\" class=\"\" lang=\"hr\"><span class=\"\">Optimalna<\/span> <span class=\"\">svojstva te\u010denja<\/span><\/span><\/li>\n<\/ul>\n<\/div>\n<\/div>\n<\/div>\n<\/div>\n<p>&nbsp;<\/p>\n<div class=\"articleContent leftSpacer\">\n<p><a href=\"http:\/\/panontech.com\/wp-content\/uploads\/2016\/12\/480_530144455b0b416e121c82ceaa7c4bdb.jpg\"><img loading=\"lazy\" class=\"alignnone size-full wp-image-1100\" src=\"http:\/\/panontech.com\/wp-content\/uploads\/2016\/12\/480_530144455b0b416e121c82ceaa7c4bdb.jpg\" alt=\"480_530144455b0b416e121c82ceaa7c4bdb\" height=\"768\" width=\"1024\" srcset=\"https:\/\/panontech.com\/wp-content\/uploads\/2016\/12\/480_530144455b0b416e121c82ceaa7c4bdb.jpg 1024w, https:\/\/panontech.com\/wp-content\/uploads\/2016\/12\/480_530144455b0b416e121c82ceaa7c4bdb-300x225.jpg 300w, https:\/\/panontech.com\/wp-content\/uploads\/2016\/12\/480_530144455b0b416e121c82ceaa7c4bdb-768x576.jpg 768w, https:\/\/panontech.com\/wp-content\/uploads\/2016\/12\/480_530144455b0b416e121c82ceaa7c4bdb-830x623.jpg 830w, https:\/\/panontech.com\/wp-content\/uploads\/2016\/12\/480_530144455b0b416e121c82ceaa7c4bdb-230x173.jpg 230w, https:\/\/panontech.com\/wp-content\/uploads\/2016\/12\/480_530144455b0b416e121c82ceaa7c4bdb-350x263.jpg 350w\" sizes=\"(max-width: 1024px) 100vw, 1024px\" \/><\/a><\/p>\n<p><a href=\"http:\/\/panontech.com\/wp-content\/uploads\/2016\/12\/6704_530144455b0b416e121c82ceaa7c4bdb.jpg\"><img loading=\"lazy\" class=\"alignnone size-full wp-image-1134\" src=\"http:\/\/panontech.com\/wp-content\/uploads\/2016\/12\/6704_530144455b0b416e121c82ceaa7c4bdb.jpg\" alt=\"\" height=\"768\" width=\"1024\" srcset=\"https:\/\/panontech.com\/wp-content\/uploads\/2016\/12\/6704_530144455b0b416e121c82ceaa7c4bdb.jpg 1024w, https:\/\/panontech.com\/wp-content\/uploads\/2016\/12\/6704_530144455b0b416e121c82ceaa7c4bdb-300x225.jpg 300w, https:\/\/panontech.com\/wp-content\/uploads\/2016\/12\/6704_530144455b0b416e121c82ceaa7c4bdb-768x576.jpg 768w, https:\/\/panontech.com\/wp-content\/uploads\/2016\/12\/6704_530144455b0b416e121c82ceaa7c4bdb-830x623.jpg 830w, https:\/\/panontech.com\/wp-content\/uploads\/2016\/12\/6704_530144455b0b416e121c82ceaa7c4bdb-230x173.jpg 230w, https:\/\/panontech.com\/wp-content\/uploads\/2016\/12\/6704_530144455b0b416e121c82ceaa7c4bdb-350x263.jpg 350w\" sizes=\"(max-width: 1024px) 100vw, 1024px\" \/><\/a> <a href=\"http:\/\/panontech.com\/wp-content\/uploads\/2016\/12\/6702_530144455b0b416e121c82ceaa7c4bdb.jpg\"><img loading=\"lazy\" class=\"alignnone size-full wp-image-1136\" src=\"http:\/\/panontech.com\/wp-content\/uploads\/2016\/12\/6702_530144455b0b416e121c82ceaa7c4bdb.jpg\" alt=\"\" height=\"761\" width=\"1024\" srcset=\"https:\/\/panontech.com\/wp-content\/uploads\/2016\/12\/6702_530144455b0b416e121c82ceaa7c4bdb.jpg 1024w, https:\/\/panontech.com\/wp-content\/uploads\/2016\/12\/6702_530144455b0b416e121c82ceaa7c4bdb-300x223.jpg 300w, https:\/\/panontech.com\/wp-content\/uploads\/2016\/12\/6702_530144455b0b416e121c82ceaa7c4bdb-768x571.jpg 768w, https:\/\/panontech.com\/wp-content\/uploads\/2016\/12\/6702_530144455b0b416e121c82ceaa7c4bdb-830x617.jpg 830w, https:\/\/panontech.com\/wp-content\/uploads\/2016\/12\/6702_530144455b0b416e121c82ceaa7c4bdb-230x171.jpg 230w, https:\/\/panontech.com\/wp-content\/uploads\/2016\/12\/6702_530144455b0b416e121c82ceaa7c4bdb-350x260.jpg 350w\" sizes=\"(max-width: 1024px) 100vw, 1024px\" \/><\/a><\/p>\n<\/div>\n<p><\/p>","protected":false},"excerpt":{"rendered":"Sa Polystar sustavom nudimo sveobuhvatnu za\u0161titu od korozije elemenata za prijenos vode. To zna\u010di da ne postoje ograni\u010denja za kori\u0161tenje otpadne vode, odvojenog teku\u0107eg gnojiva i agresivne vode. Prednosti Polystar sustava: Sveobuhvatna za\u0161tita od korozije Du\u017ei \u017eivotni vijek Visoka razina u\u010dinkovitosti Pouzdano navodnjavanje Optimalna svojstva te\u010denja &nbsp;","protected":false},"author":1,"featured_media":0,"parent":1051,"menu_order":0,"comment_status":"closed","ping_status":"closed","template":"","meta":{"ngg_post_thumbnail":0},"categories":[],"tags":[],"_links":{"self":[{"href":"https:\/\/panontech.com\/index.php?rest_route=\/wp\/v2\/pages\/1097"}],"collection":[{"href":"https:\/\/panontech.com\/index.php?rest_route=\/wp\/v2\/pages"}],"about":[{"href":"https:\/\/panontech.com\/index.php?rest_route=\/wp\/v2\/types\/page"}],"author":[{"embeddable":true,"href":"https:\/\/panontech.com\/index.php?rest_route=\/wp\/v2\/users\/1"}],"replies":[{"embeddable":true,"href":"https:\/\/panontech.com\/index.php?rest_route=%2Fwp%2Fv2%2Fcomments&post=1097"}],"version-history":[{"count":7,"href":"https:\/\/panontech.com\/index.php?rest_route=\/wp\/v2\/pages\/1097\/revisions"}],"predecessor-version":[{"id":1142,"href":"https:\/\/panontech.com\/index.php?rest_route=\/wp\/v2\/pages\/1097\/revisions\/1142"}],"up":[{"embeddable":true,"href":"https:\/\/panontech.com\/index.php?rest_route=\/wp\/v2\/pages\/1051"}],"wp:attachment":[{"href":"https:\/\/panontech.com\/index.php?rest_route=%2Fwp%2Fv2%2Fmedia&parent=1097"}],"wp:term":[{"taxonomy":"category","embeddable":true,"href":"https:\/\/panontech.com\/index.php?rest_route=%2Fwp%2Fv2%2Fcategories&post=1097"},{"taxonomy":"post_tag","embeddable":true,"href":"https:\/\/panontech.com\/index.php?rest_route=%2Fwp%2Fv2%2Ftags&post=1097"}],"curies":[{"name":"wp","href":"https:\/\/api.w.org\/{rel}","templated":true}]}}