{"id":109,"date":"2015-12-07T13:07:39","date_gmt":"2015-12-07T13:07:39","guid":{"rendered":"http:\/\/panontech.com\/wordpress\/?page_id=109"},"modified":"2017-01-17T11:29:28","modified_gmt":"2017-01-17T11:29:28","slug":"design-consulting","status":"publish","type":"page","link":"https:\/\/panontech.com\/?page_id=109","title":{"rendered":"Savjetovanje i dizajn"},"content":{"rendered":"<p>Na\u0161 stru\u010dni tim stoji klijentima na raspolaganju kako bi svojim bogatim znanjem i iskustvom pridonio pronala\u017eenju optimalnih rje\u0161enja na obostrano zadovoljstvo.<\/p>\n<p><img loading=\"lazy\" class=\"irc_mi ihgtIDLMDGc0-pQOPx8XEepE aligncenter\" src=\"http:\/\/www.jelstima-projekt.hr\/portals\/0\/Slike\/plc.jpg\" alt=\"Slikovni rezultat za Savjetovanje i dizajn\" width=\"681\" height=\"414\"><\/p>","protected":false},"excerpt":{"rendered":"Na\u0161 stru\u010dni tim stoji klijentima na raspolaganju kako bi svojim bogatim znanjem i iskustvom pridonio pronala\u017eenju optimalnih rje\u0161enja na obostrano zadovoljstvo.","protected":false},"author":1,"featured_media":0,"parent":12,"menu_order":0,"comment_status":"closed","ping_status":"closed","template":"","meta":{"ngg_post_thumbnail":0},"categories":[],"tags":[],"_links":{"self":[{"href":"https:\/\/panontech.com\/index.php?rest_route=\/wp\/v2\/pages\/109"}],"collection":[{"href":"https:\/\/panontech.com\/index.php?rest_route=\/wp\/v2\/pages"}],"about":[{"href":"https:\/\/panontech.com\/index.php?rest_route=\/wp\/v2\/types\/page"}],"author":[{"embeddable":true,"href":"https:\/\/panontech.com\/index.php?rest_route=\/wp\/v2\/users\/1"}],"replies":[{"embeddable":true,"href":"https:\/\/panontech.com\/index.php?rest_route=%2Fwp%2Fv2%2Fcomments&post=109"}],"version-history":[{"count":8,"href":"https:\/\/panontech.com\/index.php?rest_route=\/wp\/v2\/pages\/109\/revisions"}],"predecessor-version":[{"id":1682,"href":"https:\/\/panontech.com\/index.php?rest_route=\/wp\/v2\/pages\/109\/revisions\/1682"}],"up":[{"embeddable":true,"href":"https:\/\/panontech.com\/index.php?rest_route=\/wp\/v2\/pages\/12"}],"wp:attachment":[{"href":"https:\/\/panontech.com\/index.php?rest_route=%2Fwp%2Fv2%2Fmedia&parent=109"}],"wp:term":[{"taxonomy":"category","embeddable":true,"href":"https:\/\/panontech.com\/index.php?rest_route=%2Fwp%2Fv2%2Fcategories&post=109"},{"taxonomy":"post_tag","embeddable":true,"href":"https:\/\/panontech.com\/index.php?rest_route=%2Fwp%2Fv2%2Ftags&post=109"}],"curies":[{"name":"wp","href":"https:\/\/api.w.org\/{rel}","templated":true}]}}