{"id":1089,"date":"2016-12-05T15:41:24","date_gmt":"2016-12-05T15:41:24","guid":{"rendered":"http:\/\/panontech.com\/?page_id=1089"},"modified":"2016-12-07T08:30:11","modified_gmt":"2016-12-07T08:30:11","slug":"centerliner-9000","status":"publish","type":"page","link":"https:\/\/panontech.com\/?page_id=1089","title":{"rendered":"Centerliner 9000"},"content":{"rendered":"<p><span id=\"source-is\" class=\"goog-textarea short_text\" dir=\"ltr\" spellcheck=\"false\" lang=\"hr\"><span class=\"\">Ekonnomi\u010dno rje\u0161enje <\/span>za sve <span class=\"\">poljoprivredne povr\u0161ine<\/span> i vrste usjeva. <span class=\"\">Optimalna iskoristivost<\/span> <span class=\"\">prostora<\/span> zahvaljuju\u0107i <span class=\"\">inteligentnom<\/span> sustavu kontrole i visokoj razini <span class=\"\">fleksibilnosti<\/span><span class=\"\">, \u010dak i na<\/span> <span class=\"\">neravnim terenima.<\/span> Centerliner 9000 odlikuje se vrhunskoim <span class=\"\">navodnjavanjem i<\/span> <span class=\"\">niskom potro\u0161njom energije.<\/span><\/span><span id=\"result_box\" class=\"\" lang=\"hr\"><\/span><br \/>\n<span id=\"result_box\" class=\"\" lang=\"hr\"><\/span><\/p>\n<div id=\"gt-res-c\" class=\"g-unit\">\n<div id=\"gt-res-p\">\n<div id=\"gt-res-data\">\n<div id=\"gt-res-wrap\">\n<div id=\"gt-res-content\">\n<p><span id=\"result_box\" class=\"\" lang=\"hr\"><strong><span class=\"\">Prednosti&nbsp;<\/span> <span class=\"\">Centerliner<\/span> sustava:<\/strong><br \/>\n<\/span><\/p>\n<ul>\n<li><span id=\"result_box\" class=\"\" lang=\"hr\"><span class=\"\">Optimalno kori\u0161tenje<\/span> <span class=\"\">povr\u0161ina,<\/span> <span class=\"\">uklju\u010duju\u0107i i<\/span> <span class=\"\">neravnom terenu<\/span><\/span><\/li>\n<li><span id=\"result_box\" class=\"\" lang=\"hr\"><span class=\"\">Inteligentna kontrola<\/span> s jednostavnim unosom operacija <span class=\"\">potrebnih <\/span>za kontrolu sustava<\/span><\/li>\n<li><span id=\"result_box\" class=\"\" lang=\"hr\"><span class=\"\">Postavljanje<\/span> <span class=\"\">razli\u010ditih<\/span> <span class=\"\">stopa<\/span> <span class=\"\">oborina<\/span> <span class=\"\">preko<\/span> jednog podru\u010dja<\/span><\/li>\n<li><span id=\"result_box\" class=\"\" lang=\"hr\"><span class=\"\">Energetski u\u010dinkovit<\/span> <span class=\"\">sustav<\/span> <span class=\"\">niskog tlaka<\/span><\/span><\/li>\n<li>Mo\u017ee se premje\u0161tati poljoprivrednim strojevima<\/li>\n<li>Visoka razina prilagodljivosti<\/li>\n<\/ul>\n<p><a href=\"http:\/\/panontech.com\/wp-content\/uploads\/2016\/12\/2342_530144455b0b416e121c82ceaa7c4bdb-1.jpg\"><img loading=\"lazy\" class=\"alignnone size-full wp-image-1144\" src=\"http:\/\/panontech.com\/wp-content\/uploads\/2016\/12\/2342_530144455b0b416e121c82ceaa7c4bdb-1.jpg\" alt=\"\" height=\"768\" width=\"1023\" srcset=\"https:\/\/panontech.com\/wp-content\/uploads\/2016\/12\/2342_530144455b0b416e121c82ceaa7c4bdb-1.jpg 1023w, https:\/\/panontech.com\/wp-content\/uploads\/2016\/12\/2342_530144455b0b416e121c82ceaa7c4bdb-1-300x225.jpg 300w, https:\/\/panontech.com\/wp-content\/uploads\/2016\/12\/2342_530144455b0b416e121c82ceaa7c4bdb-1-768x577.jpg 768w, https:\/\/panontech.com\/wp-content\/uploads\/2016\/12\/2342_530144455b0b416e121c82ceaa7c4bdb-1-830x623.jpg 830w, https:\/\/panontech.com\/wp-content\/uploads\/2016\/12\/2342_530144455b0b416e121c82ceaa7c4bdb-1-230x173.jpg 230w, https:\/\/panontech.com\/wp-content\/uploads\/2016\/12\/2342_530144455b0b416e121c82ceaa7c4bdb-1-350x263.jpg 350w\" sizes=\"(max-width: 1023px) 100vw, 1023px\" \/><\/a><a href=\"http:\/\/panontech.com\/wp-content\/uploads\/2016\/12\/498_530144455b0b416e121c82ceaa7c4bdb.jpg\"><img loading=\"lazy\" class=\"alignnone size-full wp-image-1090\" src=\"http:\/\/panontech.com\/wp-content\/uploads\/2016\/12\/498_530144455b0b416e121c82ceaa7c4bdb.jpg\" alt=\"\" height=\"764\" width=\"1024\" srcset=\"https:\/\/panontech.com\/wp-content\/uploads\/2016\/12\/498_530144455b0b416e121c82ceaa7c4bdb.jpg 1024w, https:\/\/panontech.com\/wp-content\/uploads\/2016\/12\/498_530144455b0b416e121c82ceaa7c4bdb-300x224.jpg 300w, https:\/\/panontech.com\/wp-content\/uploads\/2016\/12\/498_530144455b0b416e121c82ceaa7c4bdb-768x573.jpg 768w, https:\/\/panontech.com\/wp-content\/uploads\/2016\/12\/498_530144455b0b416e121c82ceaa7c4bdb-830x619.jpg 830w, https:\/\/panontech.com\/wp-content\/uploads\/2016\/12\/498_530144455b0b416e121c82ceaa7c4bdb-230x172.jpg 230w, https:\/\/panontech.com\/wp-content\/uploads\/2016\/12\/498_530144455b0b416e121c82ceaa7c4bdb-350x261.jpg 350w\" sizes=\"(max-width: 1024px) 100vw, 1024px\" \/><\/a><a href=\"http:\/\/panontech.com\/wp-content\/uploads\/2016\/12\/2346_530144455b0b416e121c82ceaa7c4bdb.jpg\"><img loading=\"lazy\" class=\"alignnone size-full wp-image-1145\" src=\"http:\/\/panontech.com\/wp-content\/uploads\/2016\/12\/2346_530144455b0b416e121c82ceaa7c4bdb.jpg\" alt=\"\" height=\"764\" width=\"1024\" srcset=\"https:\/\/panontech.com\/wp-content\/uploads\/2016\/12\/2346_530144455b0b416e121c82ceaa7c4bdb.jpg 1024w, https:\/\/panontech.com\/wp-content\/uploads\/2016\/12\/2346_530144455b0b416e121c82ceaa7c4bdb-300x224.jpg 300w, https:\/\/panontech.com\/wp-content\/uploads\/2016\/12\/2346_530144455b0b416e121c82ceaa7c4bdb-768x573.jpg 768w, https:\/\/panontech.com\/wp-content\/uploads\/2016\/12\/2346_530144455b0b416e121c82ceaa7c4bdb-830x619.jpg 830w, https:\/\/panontech.com\/wp-content\/uploads\/2016\/12\/2346_530144455b0b416e121c82ceaa7c4bdb-230x172.jpg 230w, https:\/\/panontech.com\/wp-content\/uploads\/2016\/12\/2346_530144455b0b416e121c82ceaa7c4bdb-350x261.jpg 350w\" sizes=\"(max-width: 1024px) 100vw, 1024px\" \/><\/a><\/p>\n<\/div>\n<\/div>\n<\/div>\n<\/div>\n<\/div>\n<p><\/p>","protected":false},"excerpt":{"rendered":"Ekonnomi\u010dno rje\u0161enje za sve poljoprivredne povr\u0161ine i vrste usjeva. Optimalna iskoristivost prostora zahvaljuju\u0107i inteligentnom sustavu kontrole i visokoj razini fleksibilnosti, \u010dak i na neravnim terenima. Centerliner 9000 odlikuje se vrhunskoim navodnjavanjem i niskom potro\u0161njom energije. Prednosti&nbsp; Centerliner sustava: Optimalno kori\u0161tenje povr\u0161ina, uklju\u010duju\u0107i i neravnom terenu Inteligentna kontrola s jednostavnim unosom operacija potrebnih za kontrolu sustava [&hellip;]","protected":false},"author":1,"featured_media":0,"parent":1051,"menu_order":0,"comment_status":"closed","ping_status":"closed","template":"","meta":{"ngg_post_thumbnail":0},"categories":[],"tags":[],"_links":{"self":[{"href":"https:\/\/panontech.com\/index.php?rest_route=\/wp\/v2\/pages\/1089"}],"collection":[{"href":"https:\/\/panontech.com\/index.php?rest_route=\/wp\/v2\/pages"}],"about":[{"href":"https:\/\/panontech.com\/index.php?rest_route=\/wp\/v2\/types\/page"}],"author":[{"embeddable":true,"href":"https:\/\/panontech.com\/index.php?rest_route=\/wp\/v2\/users\/1"}],"replies":[{"embeddable":true,"href":"https:\/\/panontech.com\/index.php?rest_route=%2Fwp%2Fv2%2Fcomments&post=1089"}],"version-history":[{"count":6,"href":"https:\/\/panontech.com\/index.php?rest_route=\/wp\/v2\/pages\/1089\/revisions"}],"predecessor-version":[{"id":1148,"href":"https:\/\/panontech.com\/index.php?rest_route=\/wp\/v2\/pages\/1089\/revisions\/1148"}],"up":[{"embeddable":true,"href":"https:\/\/panontech.com\/index.php?rest_route=\/wp\/v2\/pages\/1051"}],"wp:attachment":[{"href":"https:\/\/panontech.com\/index.php?rest_route=%2Fwp%2Fv2%2Fmedia&parent=1089"}],"wp:term":[{"taxonomy":"category","embeddable":true,"href":"https:\/\/panontech.com\/index.php?rest_route=%2Fwp%2Fv2%2Fcategories&post=1089"},{"taxonomy":"post_tag","embeddable":true,"href":"https:\/\/panontech.com\/index.php?rest_route=%2Fwp%2Fv2%2Ftags&post=1089"}],"curies":[{"name":"wp","href":"https:\/\/api.w.org\/{rel}","templated":true}]}}