{"id":1086,"date":"2016-12-05T15:38:34","date_gmt":"2016-12-05T15:38:34","guid":{"rendered":"http:\/\/panontech.com\/?page_id=1086"},"modified":"2016-12-07T12:51:44","modified_gmt":"2016-12-07T12:51:44","slug":"precision-corner-system","status":"publish","type":"page","link":"https:\/\/panontech.com\/?page_id=1086","title":{"rendered":"Precision Corner sustav"},"content":{"rendered":"<p><span id=\"result_box\" class=\"\" lang=\"hr\">Kutni sustavi omogu\u0107uju navodnjavanje kru\u017enih povr\u0161ina kao pravokutnih i na taj na\u010din osiguravaju optimalno navodnjavanje <span class=\"\">usjeva<\/span><span class=\"\">.<\/span><\/span>&nbsp;<span id=\"result_box\" class=\"\" lang=\"hr\">Kutni <span class=\"\">sustavi<\/span> <span class=\"\">tako\u0111er se mogu dodati<\/span> <span class=\"\">postoje\u0107im<\/span> <span class=\"\">sustavima.<\/span><\/span><\/p>\n<div class=\"articleContent leftSpacer\">\n<p><strong>Prednosti Precision Corner sustava:<br \/>\n<\/strong><\/p>\n<ul>\n<li><span id=\"result_box\" class=\"\" lang=\"hr\"> <span class=\"\">Potpuno<\/span> <span class=\"\">automatizirani sustav<\/span> <span class=\"\">koji ne zahtijeva<\/span> <span class=\"\">radnu snagu<\/span><\/span><\/li>\n<li><span id=\"result_box\" class=\"\" lang=\"hr\">Do 98% postoje\u0107e <span class=\"\">povr\u0161ine<\/span> mo\u017ee navodnjavati<\/span><\/li>\n<li><span id=\"result_box\" class=\"\" lang=\"hr\"> Optimalna prilagodba povr\u0161inama<\/span><\/li>\n<li><span id=\"result_box\" class=\"\" lang=\"hr\"><span class=\"\">Precizna<\/span> <span class=\"\">raspodjela<\/span> <span class=\"\">vode<\/span> pomo\u0107u <span class=\"\">kontrole brzine<\/span> pogona<\/span><\/li>\n<li><span id=\"result_box\" class=\"\" lang=\"hr\"><span class=\"\">Savr\u0161eno<\/span> upravljanje navodnjavanjem<\/span><\/li>\n<li>Masivna konstrukcija<\/li>\n<li><span id=\"result_box\" class=\"\" lang=\"hr\">Kutani element du\u017eine do <span class=\"\">90 m<\/span><\/span><\/li>\n<\/ul>\n<p><a href=\"http:\/\/panontech.com\/wp-content\/uploads\/2016\/12\/446_530144455b0b416e121c82ceaa7c4bdb.jpg\"><img loading=\"lazy\" class=\"alignnone size-full wp-image-1087\" src=\"http:\/\/panontech.com\/wp-content\/uploads\/2016\/12\/446_530144455b0b416e121c82ceaa7c4bdb.jpg\" alt=\"446_530144455b0b416e121c82ceaa7c4bdb\" height=\"680\" width=\"1024\" srcset=\"https:\/\/panontech.com\/wp-content\/uploads\/2016\/12\/446_530144455b0b416e121c82ceaa7c4bdb.jpg 1024w, https:\/\/panontech.com\/wp-content\/uploads\/2016\/12\/446_530144455b0b416e121c82ceaa7c4bdb-300x199.jpg 300w, https:\/\/panontech.com\/wp-content\/uploads\/2016\/12\/446_530144455b0b416e121c82ceaa7c4bdb-768x510.jpg 768w, https:\/\/panontech.com\/wp-content\/uploads\/2016\/12\/446_530144455b0b416e121c82ceaa7c4bdb-830x551.jpg 830w, https:\/\/panontech.com\/wp-content\/uploads\/2016\/12\/446_530144455b0b416e121c82ceaa7c4bdb-230x153.jpg 230w, https:\/\/panontech.com\/wp-content\/uploads\/2016\/12\/446_530144455b0b416e121c82ceaa7c4bdb-350x232.jpg 350w, https:\/\/panontech.com\/wp-content\/uploads\/2016\/12\/446_530144455b0b416e121c82ceaa7c4bdb-272x182.jpg 272w\" sizes=\"(max-width: 1024px) 100vw, 1024px\" \/><\/a><\/p>\n<p><a href=\"http:\/\/panontech.com\/wp-content\/uploads\/2016\/12\/518_530144455b0b416e121c82ceaa7c4bdb.jpg\"><img loading=\"lazy\" class=\"alignnone size-full wp-image-1160\" src=\"http:\/\/panontech.com\/wp-content\/uploads\/2016\/12\/518_530144455b0b416e121c82ceaa7c4bdb.jpg\" alt=\"\" height=\"679\" width=\"1024\" srcset=\"https:\/\/panontech.com\/wp-content\/uploads\/2016\/12\/518_530144455b0b416e121c82ceaa7c4bdb.jpg 1024w, https:\/\/panontech.com\/wp-content\/uploads\/2016\/12\/518_530144455b0b416e121c82ceaa7c4bdb-300x199.jpg 300w, https:\/\/panontech.com\/wp-content\/uploads\/2016\/12\/518_530144455b0b416e121c82ceaa7c4bdb-768x509.jpg 768w, https:\/\/panontech.com\/wp-content\/uploads\/2016\/12\/518_530144455b0b416e121c82ceaa7c4bdb-830x550.jpg 830w, https:\/\/panontech.com\/wp-content\/uploads\/2016\/12\/518_530144455b0b416e121c82ceaa7c4bdb-230x153.jpg 230w, https:\/\/panontech.com\/wp-content\/uploads\/2016\/12\/518_530144455b0b416e121c82ceaa7c4bdb-350x232.jpg 350w\" sizes=\"(max-width: 1024px) 100vw, 1024px\" \/><\/a> <a href=\"http:\/\/panontech.com\/wp-content\/uploads\/2016\/12\/520_530144455b0b416e121c82ceaa7c4bdb.jpg\"><img loading=\"lazy\" class=\"alignnone size-full wp-image-1161\" src=\"http:\/\/panontech.com\/wp-content\/uploads\/2016\/12\/520_530144455b0b416e121c82ceaa7c4bdb.jpg\" alt=\"\" height=\"679\" width=\"1024\" srcset=\"https:\/\/panontech.com\/wp-content\/uploads\/2016\/12\/520_530144455b0b416e121c82ceaa7c4bdb.jpg 1024w, https:\/\/panontech.com\/wp-content\/uploads\/2016\/12\/520_530144455b0b416e121c82ceaa7c4bdb-300x199.jpg 300w, https:\/\/panontech.com\/wp-content\/uploads\/2016\/12\/520_530144455b0b416e121c82ceaa7c4bdb-768x509.jpg 768w, https:\/\/panontech.com\/wp-content\/uploads\/2016\/12\/520_530144455b0b416e121c82ceaa7c4bdb-830x550.jpg 830w, https:\/\/panontech.com\/wp-content\/uploads\/2016\/12\/520_530144455b0b416e121c82ceaa7c4bdb-230x153.jpg 230w, https:\/\/panontech.com\/wp-content\/uploads\/2016\/12\/520_530144455b0b416e121c82ceaa7c4bdb-350x232.jpg 350w\" sizes=\"(max-width: 1024px) 100vw, 1024px\" \/><\/a> <a href=\"http:\/\/panontech.com\/wp-content\/uploads\/2016\/12\/521_530144455b0b416e121c82ceaa7c4bdb.jpg\"><img loading=\"lazy\" class=\"alignnone size-full wp-image-1162\" src=\"http:\/\/panontech.com\/wp-content\/uploads\/2016\/12\/521_530144455b0b416e121c82ceaa7c4bdb.jpg\" alt=\"\" height=\"679\" width=\"1024\" srcset=\"https:\/\/panontech.com\/wp-content\/uploads\/2016\/12\/521_530144455b0b416e121c82ceaa7c4bdb.jpg 1024w, https:\/\/panontech.com\/wp-content\/uploads\/2016\/12\/521_530144455b0b416e121c82ceaa7c4bdb-300x199.jpg 300w, https:\/\/panontech.com\/wp-content\/uploads\/2016\/12\/521_530144455b0b416e121c82ceaa7c4bdb-768x509.jpg 768w, https:\/\/panontech.com\/wp-content\/uploads\/2016\/12\/521_530144455b0b416e121c82ceaa7c4bdb-830x550.jpg 830w, https:\/\/panontech.com\/wp-content\/uploads\/2016\/12\/521_530144455b0b416e121c82ceaa7c4bdb-230x153.jpg 230w, https:\/\/panontech.com\/wp-content\/uploads\/2016\/12\/521_530144455b0b416e121c82ceaa7c4bdb-350x232.jpg 350w\" sizes=\"(max-width: 1024px) 100vw, 1024px\" \/><\/a> <a href=\"http:\/\/panontech.com\/wp-content\/uploads\/2016\/12\/522_530144455b0b416e121c82ceaa7c4bdb.jpg\"><img loading=\"lazy\" class=\"alignnone size-full wp-image-1163\" src=\"http:\/\/panontech.com\/wp-content\/uploads\/2016\/12\/522_530144455b0b416e121c82ceaa7c4bdb.jpg\" alt=\"\" height=\"679\" width=\"1024\" srcset=\"https:\/\/panontech.com\/wp-content\/uploads\/2016\/12\/522_530144455b0b416e121c82ceaa7c4bdb.jpg 1024w, https:\/\/panontech.com\/wp-content\/uploads\/2016\/12\/522_530144455b0b416e121c82ceaa7c4bdb-300x199.jpg 300w, https:\/\/panontech.com\/wp-content\/uploads\/2016\/12\/522_530144455b0b416e121c82ceaa7c4bdb-768x509.jpg 768w, https:\/\/panontech.com\/wp-content\/uploads\/2016\/12\/522_530144455b0b416e121c82ceaa7c4bdb-830x550.jpg 830w, https:\/\/panontech.com\/wp-content\/uploads\/2016\/12\/522_530144455b0b416e121c82ceaa7c4bdb-230x153.jpg 230w, https:\/\/panontech.com\/wp-content\/uploads\/2016\/12\/522_530144455b0b416e121c82ceaa7c4bdb-350x232.jpg 350w\" sizes=\"(max-width: 1024px) 100vw, 1024px\" \/><\/a> <a href=\"http:\/\/panontech.com\/wp-content\/uploads\/2016\/12\/523_530144455b0b416e121c82ceaa7c4bdb.jpg\"><img loading=\"lazy\" class=\"alignnone size-full wp-image-1164\" src=\"http:\/\/panontech.com\/wp-content\/uploads\/2016\/12\/523_530144455b0b416e121c82ceaa7c4bdb.jpg\" alt=\"\" height=\"679\" width=\"1024\" srcset=\"https:\/\/panontech.com\/wp-content\/uploads\/2016\/12\/523_530144455b0b416e121c82ceaa7c4bdb.jpg 1024w, https:\/\/panontech.com\/wp-content\/uploads\/2016\/12\/523_530144455b0b416e121c82ceaa7c4bdb-300x199.jpg 300w, https:\/\/panontech.com\/wp-content\/uploads\/2016\/12\/523_530144455b0b416e121c82ceaa7c4bdb-768x509.jpg 768w, https:\/\/panontech.com\/wp-content\/uploads\/2016\/12\/523_530144455b0b416e121c82ceaa7c4bdb-830x550.jpg 830w, https:\/\/panontech.com\/wp-content\/uploads\/2016\/12\/523_530144455b0b416e121c82ceaa7c4bdb-230x153.jpg 230w, https:\/\/panontech.com\/wp-content\/uploads\/2016\/12\/523_530144455b0b416e121c82ceaa7c4bdb-350x232.jpg 350w\" sizes=\"(max-width: 1024px) 100vw, 1024px\" \/><\/a><\/p>\n<\/div>\n<p><\/p>","protected":false},"excerpt":{"rendered":"Kutni sustavi omogu\u0107uju navodnjavanje kru\u017enih povr\u0161ina kao pravokutnih i na taj na\u010din osiguravaju optimalno navodnjavanje usjeva.&nbsp;Kutni sustavi tako\u0111er se mogu dodati postoje\u0107im sustavima. Prednosti Precision Corner sustava: Potpuno automatizirani sustav koji ne zahtijeva radnu snagu Do 98% postoje\u0107e povr\u0161ine mo\u017ee navodnjavati Optimalna prilagodba povr\u0161inama Precizna raspodjela vode pomo\u0107u kontrole brzine pogona Savr\u0161eno upravljanje navodnjavanjem Masivna [&hellip;]","protected":false},"author":1,"featured_media":0,"parent":1051,"menu_order":0,"comment_status":"closed","ping_status":"closed","template":"","meta":{"ngg_post_thumbnail":0},"categories":[],"tags":[],"_links":{"self":[{"href":"https:\/\/panontech.com\/index.php?rest_route=\/wp\/v2\/pages\/1086"}],"collection":[{"href":"https:\/\/panontech.com\/index.php?rest_route=\/wp\/v2\/pages"}],"about":[{"href":"https:\/\/panontech.com\/index.php?rest_route=\/wp\/v2\/types\/page"}],"author":[{"embeddable":true,"href":"https:\/\/panontech.com\/index.php?rest_route=\/wp\/v2\/users\/1"}],"replies":[{"embeddable":true,"href":"https:\/\/panontech.com\/index.php?rest_route=%2Fwp%2Fv2%2Fcomments&post=1086"}],"version-history":[{"count":4,"href":"https:\/\/panontech.com\/index.php?rest_route=\/wp\/v2\/pages\/1086\/revisions"}],"predecessor-version":[{"id":1165,"href":"https:\/\/panontech.com\/index.php?rest_route=\/wp\/v2\/pages\/1086\/revisions\/1165"}],"up":[{"embeddable":true,"href":"https:\/\/panontech.com\/index.php?rest_route=\/wp\/v2\/pages\/1051"}],"wp:attachment":[{"href":"https:\/\/panontech.com\/index.php?rest_route=%2Fwp%2Fv2%2Fmedia&parent=1086"}],"wp:term":[{"taxonomy":"category","embeddable":true,"href":"https:\/\/panontech.com\/index.php?rest_route=%2Fwp%2Fv2%2Fcategories&post=1086"},{"taxonomy":"post_tag","embeddable":true,"href":"https:\/\/panontech.com\/index.php?rest_route=%2Fwp%2Fv2%2Ftags&post=1086"}],"curies":[{"name":"wp","href":"https:\/\/api.w.org\/{rel}","templated":true}]}}