{"id":1081,"date":"2016-12-05T15:34:20","date_gmt":"2016-12-05T15:34:20","guid":{"rendered":"http:\/\/panontech.com\/?page_id=1081"},"modified":"2017-01-12T10:03:25","modified_gmt":"2017-01-12T10:03:25","slug":"centerstar-9000-2","status":"publish","type":"page","link":"https:\/\/panontech.com\/?page_id=1081","title":{"rendered":"Centerstar 9000"},"content":{"rendered":"<p><span id=\"result_box\" class=\"\" lang=\"hr\">Centerstar 9000 nudi inovativne zna\u010dajke koje omogu\u0107avaju lak\u0161i,<span class=\"\"> precizniji i ekonomi\u010dniji rad sustava<\/span>. Sve je usavr\u0161eno i optimizirano, od cijevi za punjenje do kutnih nosa\u010da. Dodani su elementi na pokretnim jedinicama kako bi se osigurao bolji prijenos snage, jednostavnije <span class=\"\">postavljanje i<\/span> kontrola sustava.<\/span><br \/>\n<span id=\"result_box\" class=\"\" lang=\"hr\"><\/span><span id=\"result_box\" class=\"\" lang=\"hr\"><\/span><br \/>\n<span id=\"result_box\" class=\"\" lang=\"hr\"><\/span><strong><span id=\"result_box\" class=\"\" lang=\"hr\">Prednosti Centerstar sustava<\/span><\/strong> <span id=\"result_box\" class=\"\" lang=\"hr\"><\/span><span id=\"result_box\" class=\"\" lang=\"hr\"><\/span><span id=\"result_box\" class=\"\" lang=\"hr\"><\/span><span id=\"result_box\" class=\"\" lang=\"hr\"><\/span><span id=\"result_box\" class=\"\" lang=\"hr\"><\/span><span id=\"result_box\" class=\"\" lang=\"hr\"><\/span><span id=\"result_box\" class=\"\" lang=\"hr\"><\/span><span id=\"result_box\" class=\"\" lang=\"hr\"><\/span><span id=\"result_box\" class=\"\" lang=\"hr\"><\/span><span id=\"result_box\" class=\"\" lang=\"hr\"><\/span><span id=\"result_box\" class=\"\" lang=\"hr\"><\/span><span id=\"result_box\" class=\"\" lang=\"hr\"><\/span><span id=\"result_box\" class=\"\" lang=\"hr\"><\/span><\/p>\n<ul>\n<li>Jednostavan unos podataka<\/li>\n<li><span id=\"result_box\" class=\"\" lang=\"hr\">Niska potro\u0161nja energije<\/span><\/li>\n<li><span id=\"result_box\" class=\"\" lang=\"hr\">Visoka razina u\u010dinkovitosti <span class=\"\">navodnjavanja<\/span><\/span><\/li>\n<li><span id=\"result_box\" class=\"\" lang=\"hr\"><span class=\"\">Sustav navodnjavanja<\/span> koji ne o\u0161te\u0107uje <span class=\"\">usjeve<\/span><\/span><\/li>\n<li><span id=\"result_box\" class=\"\" lang=\"hr\"><span class=\"\">Optimalna<\/span> prilagodba za <span class=\"\">razli\u010dite visine<\/span> <span class=\"\">usjeva<\/span><\/span><\/li>\n<li><span id=\"result_box\" class=\"\" lang=\"hr\"> <span class=\"\">Savr\u0161eno<\/span> upravljanje <span class=\"\">navodnjavanjem.<\/span><\/span><\/li>\n<\/ul>\n<p><a href=\"http:\/\/panontech.com\/wp-content\/uploads\/2016\/12\/418_530144455b0b416e121c82ceaa7c4bdb.jpg\"><img loading=\"lazy\" class=\"alignnone size-full wp-image-1070\" src=\"http:\/\/panontech.com\/wp-content\/uploads\/2016\/12\/418_530144455b0b416e121c82ceaa7c4bdb.jpg\" alt=\"418_530144455b0b416e121c82ceaa7c4bdb\" width=\"1024\" height=\"767\" srcset=\"https:\/\/panontech.com\/wp-content\/uploads\/2016\/12\/418_530144455b0b416e121c82ceaa7c4bdb.jpg 1024w, https:\/\/panontech.com\/wp-content\/uploads\/2016\/12\/418_530144455b0b416e121c82ceaa7c4bdb-300x225.jpg 300w, https:\/\/panontech.com\/wp-content\/uploads\/2016\/12\/418_530144455b0b416e121c82ceaa7c4bdb-768x575.jpg 768w, https:\/\/panontech.com\/wp-content\/uploads\/2016\/12\/418_530144455b0b416e121c82ceaa7c4bdb-830x622.jpg 830w, https:\/\/panontech.com\/wp-content\/uploads\/2016\/12\/418_530144455b0b416e121c82ceaa7c4bdb-230x172.jpg 230w, https:\/\/panontech.com\/wp-content\/uploads\/2016\/12\/418_530144455b0b416e121c82ceaa7c4bdb-350x262.jpg 350w\" sizes=\"(max-width: 1024px) 100vw, 1024px\" \/><\/a> <a href=\"http:\/\/panontech.com\/wp-content\/uploads\/2016\/12\/3518_530144455b0b416e121c82ceaa7c4bdb.jpg\"><img loading=\"lazy\" class=\"alignnone size-full wp-image-1082\" src=\"http:\/\/panontech.com\/wp-content\/uploads\/2016\/12\/3518_530144455b0b416e121c82ceaa7c4bdb.jpg\" alt=\"3518_530144455b0b416e121c82ceaa7c4bdb\" width=\"1024\" height=\"1365\" srcset=\"https:\/\/panontech.com\/wp-content\/uploads\/2016\/12\/3518_530144455b0b416e121c82ceaa7c4bdb.jpg 1024w, https:\/\/panontech.com\/wp-content\/uploads\/2016\/12\/3518_530144455b0b416e121c82ceaa7c4bdb-225x300.jpg 225w, https:\/\/panontech.com\/wp-content\/uploads\/2016\/12\/3518_530144455b0b416e121c82ceaa7c4bdb-768x1024.jpg 768w, https:\/\/panontech.com\/wp-content\/uploads\/2016\/12\/3518_530144455b0b416e121c82ceaa7c4bdb-830x1106.jpg 830w, https:\/\/panontech.com\/wp-content\/uploads\/2016\/12\/3518_530144455b0b416e121c82ceaa7c4bdb-230x307.jpg 230w, https:\/\/panontech.com\/wp-content\/uploads\/2016\/12\/3518_530144455b0b416e121c82ceaa7c4bdb-350x467.jpg 350w\" sizes=\"(max-width: 1024px) 100vw, 1024px\" \/><\/a><\/p>","protected":false},"excerpt":{"rendered":"Centerstar 9000 nudi inovativne zna\u010dajke koje omogu\u0107avaju lak\u0161i, precizniji i ekonomi\u010dniji rad sustava. Sve je usavr\u0161eno i optimizirano, od cijevi za punjenje do kutnih nosa\u010da. Dodani su elementi na pokretnim jedinicama kako bi se osigurao bolji prijenos snage, jednostavnije postavljanje i kontrola sustava. Prednosti Centerstar sustava Jednostavan unos podataka Niska potro\u0161nja energije Visoka razina u\u010dinkovitosti [&hellip;]","protected":false},"author":1,"featured_media":0,"parent":1051,"menu_order":0,"comment_status":"closed","ping_status":"closed","template":"","meta":{"ngg_post_thumbnail":0},"categories":[],"tags":[],"_links":{"self":[{"href":"https:\/\/panontech.com\/index.php?rest_route=\/wp\/v2\/pages\/1081"}],"collection":[{"href":"https:\/\/panontech.com\/index.php?rest_route=\/wp\/v2\/pages"}],"about":[{"href":"https:\/\/panontech.com\/index.php?rest_route=\/wp\/v2\/types\/page"}],"author":[{"embeddable":true,"href":"https:\/\/panontech.com\/index.php?rest_route=\/wp\/v2\/users\/1"}],"replies":[{"embeddable":true,"href":"https:\/\/panontech.com\/index.php?rest_route=%2Fwp%2Fv2%2Fcomments&post=1081"}],"version-history":[{"count":4,"href":"https:\/\/panontech.com\/index.php?rest_route=\/wp\/v2\/pages\/1081\/revisions"}],"predecessor-version":[{"id":1391,"href":"https:\/\/panontech.com\/index.php?rest_route=\/wp\/v2\/pages\/1081\/revisions\/1391"}],"up":[{"embeddable":true,"href":"https:\/\/panontech.com\/index.php?rest_route=\/wp\/v2\/pages\/1051"}],"wp:attachment":[{"href":"https:\/\/panontech.com\/index.php?rest_route=%2Fwp%2Fv2%2Fmedia&parent=1081"}],"wp:term":[{"taxonomy":"category","embeddable":true,"href":"https:\/\/panontech.com\/index.php?rest_route=%2Fwp%2Fv2%2Fcategories&post=1081"},{"taxonomy":"post_tag","embeddable":true,"href":"https:\/\/panontech.com\/index.php?rest_route=%2Fwp%2Fv2%2Ftags&post=1081"}],"curies":[{"name":"wp","href":"https:\/\/api.w.org\/{rel}","templated":true}]}}