{"id":106,"date":"2015-12-07T13:06:58","date_gmt":"2015-12-07T13:06:58","guid":{"rendered":"http:\/\/panontech.com\/wordpress\/?page_id=106"},"modified":"2017-01-16T09:23:46","modified_gmt":"2017-01-16T09:23:46","slug":"finished-products","status":"publish","type":"page","link":"https:\/\/panontech.com\/?page_id=106","title":{"rendered":"Gotovi proizvodi"},"content":{"rendered":"<p>Sukladno zahtjevima klijenta u mogu\u0107nosti smo ponuditi projektiranje, izradu i monta\u017eu<\/p>\n<p>raznih metalnih proizvoda poput spremnika, dozirnih kontejnera, platformi, ljestvi penjalica i sli\u010dno.<\/p>\n<p>&nbsp;<\/p>\n<p><a href=\"http:\/\/panontech.com\/wp-content\/uploads\/2015\/12\/slurry-tank-spremnik-rezervoar-30.jpg\"><img loading=\"lazy\" class=\"wp-image-1305 aligncenter\" src=\"http:\/\/panontech.com\/wp-content\/uploads\/2015\/12\/slurry-tank-spremnik-rezervoar-30.jpg\" alt=\"\" width=\"589\" height=\"786\" srcset=\"https:\/\/panontech.com\/wp-content\/uploads\/2015\/12\/slurry-tank-spremnik-rezervoar-30.jpg 450w, https:\/\/panontech.com\/wp-content\/uploads\/2015\/12\/slurry-tank-spremnik-rezervoar-30-225x300.jpg 225w, https:\/\/panontech.com\/wp-content\/uploads\/2015\/12\/slurry-tank-spremnik-rezervoar-30-230x307.jpg 230w, https:\/\/panontech.com\/wp-content\/uploads\/2015\/12\/slurry-tank-spremnik-rezervoar-30-350x467.jpg 350w\" sizes=\"(max-width: 589px) 100vw, 589px\" \/><\/a><\/p>\n<p><a href=\"http:\/\/panontech.com\/wp-content\/uploads\/2015\/12\/IMG_1001.jpg\"><img loading=\"lazy\" class=\"wp-image-1392 aligncenter\" src=\"http:\/\/panontech.com\/wp-content\/uploads\/2015\/12\/IMG_1001.jpg\" alt=\"\" width=\"591\" height=\"443\" srcset=\"https:\/\/panontech.com\/wp-content\/uploads\/2015\/12\/IMG_1001.jpg 2048w, https:\/\/panontech.com\/wp-content\/uploads\/2015\/12\/IMG_1001-300x225.jpg 300w, https:\/\/panontech.com\/wp-content\/uploads\/2015\/12\/IMG_1001-768x576.jpg 768w, https:\/\/panontech.com\/wp-content\/uploads\/2015\/12\/IMG_1001-1024x768.jpg 1024w, https:\/\/panontech.com\/wp-content\/uploads\/2015\/12\/IMG_1001-830x623.jpg 830w, https:\/\/panontech.com\/wp-content\/uploads\/2015\/12\/IMG_1001-230x173.jpg 230w, https:\/\/panontech.com\/wp-content\/uploads\/2015\/12\/IMG_1001-350x263.jpg 350w\" sizes=\"(max-width: 591px) 100vw, 591px\" \/><\/a><\/p>\n<p>&nbsp;<\/p>\n<p><a href=\"http:\/\/panontech.com\/wp-content\/uploads\/2015\/12\/image-1bd2b0a00acf6d01897e3fb08f0ef7c8348bf1c19a7e727b0862953ae0f400a9-V.jpg\"><img loading=\"lazy\" class=\"wp-image-1426 aligncenter\" src=\"http:\/\/panontech.com\/wp-content\/uploads\/2015\/12\/image-1bd2b0a00acf6d01897e3fb08f0ef7c8348bf1c19a7e727b0862953ae0f400a9-V.jpg\" alt=\"\" width=\"594\" height=\"334\" srcset=\"https:\/\/panontech.com\/wp-content\/uploads\/2015\/12\/image-1bd2b0a00acf6d01897e3fb08f0ef7c8348bf1c19a7e727b0862953ae0f400a9-V.jpg 1280w, https:\/\/panontech.com\/wp-content\/uploads\/2015\/12\/image-1bd2b0a00acf6d01897e3fb08f0ef7c8348bf1c19a7e727b0862953ae0f400a9-V-300x169.jpg 300w, https:\/\/panontech.com\/wp-content\/uploads\/2015\/12\/image-1bd2b0a00acf6d01897e3fb08f0ef7c8348bf1c19a7e727b0862953ae0f400a9-V-768x432.jpg 768w, https:\/\/panontech.com\/wp-content\/uploads\/2015\/12\/image-1bd2b0a00acf6d01897e3fb08f0ef7c8348bf1c19a7e727b0862953ae0f400a9-V-1024x576.jpg 1024w, https:\/\/panontech.com\/wp-content\/uploads\/2015\/12\/image-1bd2b0a00acf6d01897e3fb08f0ef7c8348bf1c19a7e727b0862953ae0f400a9-V-830x467.jpg 830w, https:\/\/panontech.com\/wp-content\/uploads\/2015\/12\/image-1bd2b0a00acf6d01897e3fb08f0ef7c8348bf1c19a7e727b0862953ae0f400a9-V-230x129.jpg 230w, https:\/\/panontech.com\/wp-content\/uploads\/2015\/12\/image-1bd2b0a00acf6d01897e3fb08f0ef7c8348bf1c19a7e727b0862953ae0f400a9-V-350x197.jpg 350w\" sizes=\"(max-width: 594px) 100vw, 594px\" \/><\/a><\/p>\n<p><a href=\"http:\/\/panontech.com\/wp-content\/uploads\/2015\/12\/20161007_151552.jpg\"><img loading=\"lazy\" class=\"wp-image-1427 aligncenter\" src=\"http:\/\/panontech.com\/wp-content\/uploads\/2015\/12\/20161007_151552.jpg\" alt=\"\" width=\"596\" height=\"447\" srcset=\"https:\/\/panontech.com\/wp-content\/uploads\/2015\/12\/20161007_151552.jpg 4032w, https:\/\/panontech.com\/wp-content\/uploads\/2015\/12\/20161007_151552-300x225.jpg 300w, https:\/\/panontech.com\/wp-content\/uploads\/2015\/12\/20161007_151552-768x576.jpg 768w, https:\/\/panontech.com\/wp-content\/uploads\/2015\/12\/20161007_151552-1024x768.jpg 1024w, https:\/\/panontech.com\/wp-content\/uploads\/2015\/12\/20161007_151552-830x623.jpg 830w, https:\/\/panontech.com\/wp-content\/uploads\/2015\/12\/20161007_151552-230x173.jpg 230w, https:\/\/panontech.com\/wp-content\/uploads\/2015\/12\/20161007_151552-350x263.jpg 350w\" sizes=\"(max-width: 596px) 100vw, 596px\" \/><\/a><\/p>\n<p>&nbsp;<\/p>\n<p><a href=\"http:\/\/panontech.com\/wp-content\/uploads\/2015\/12\/image-0-02-05-7365979ec941cd99b46568423bf6fb1740c807dd98b87a79248f53a4a331d59b-V.jpg\"><img loading=\"lazy\" class=\"wp-image-1428 aligncenter\" src=\"http:\/\/panontech.com\/wp-content\/uploads\/2015\/12\/image-0-02-05-7365979ec941cd99b46568423bf6fb1740c807dd98b87a79248f53a4a331d59b-V.jpg\" alt=\"\" width=\"600\" height=\"1067\" srcset=\"https:\/\/panontech.com\/wp-content\/uploads\/2015\/12\/image-0-02-05-7365979ec941cd99b46568423bf6fb1740c807dd98b87a79248f53a4a331d59b-V.jpg 720w, https:\/\/panontech.com\/wp-content\/uploads\/2015\/12\/image-0-02-05-7365979ec941cd99b46568423bf6fb1740c807dd98b87a79248f53a4a331d59b-V-169x300.jpg 169w, https:\/\/panontech.com\/wp-content\/uploads\/2015\/12\/image-0-02-05-7365979ec941cd99b46568423bf6fb1740c807dd98b87a79248f53a4a331d59b-V-576x1024.jpg 576w, https:\/\/panontech.com\/wp-content\/uploads\/2015\/12\/image-0-02-05-7365979ec941cd99b46568423bf6fb1740c807dd98b87a79248f53a4a331d59b-V-230x409.jpg 230w, https:\/\/panontech.com\/wp-content\/uploads\/2015\/12\/image-0-02-05-7365979ec941cd99b46568423bf6fb1740c807dd98b87a79248f53a4a331d59b-V-350x622.jpg 350w\" sizes=\"(max-width: 600px) 100vw, 600px\" \/><\/a><\/p>\n<p><a href=\"http:\/\/panontech.com\/wp-content\/uploads\/2015\/12\/DSC_0235.jpg\"><img loading=\"lazy\" class=\"wp-image-1304 aligncenter\" src=\"http:\/\/panontech.com\/wp-content\/uploads\/2015\/12\/DSC_0235.jpg\" alt=\"\" width=\"599\" height=\"337\" srcset=\"https:\/\/panontech.com\/wp-content\/uploads\/2015\/12\/DSC_0235.jpg 2560w, https:\/\/panontech.com\/wp-content\/uploads\/2015\/12\/DSC_0235-300x169.jpg 300w, https:\/\/panontech.com\/wp-content\/uploads\/2015\/12\/DSC_0235-768x432.jpg 768w, https:\/\/panontech.com\/wp-content\/uploads\/2015\/12\/DSC_0235-1024x576.jpg 1024w, https:\/\/panontech.com\/wp-content\/uploads\/2015\/12\/DSC_0235-830x467.jpg 830w, https:\/\/panontech.com\/wp-content\/uploads\/2015\/12\/DSC_0235-230x129.jpg 230w, https:\/\/panontech.com\/wp-content\/uploads\/2015\/12\/DSC_0235-350x197.jpg 350w\" sizes=\"(max-width: 599px) 100vw, 599px\" \/><\/a><\/p>","protected":false},"excerpt":{"rendered":"Sukladno zahtjevima klijenta u mogu\u0107nosti smo ponuditi projektiranje, izradu i monta\u017eu raznih metalnih proizvoda poput spremnika, dozirnih kontejnera, platformi, ljestvi penjalica i sli\u010dno. &nbsp; &nbsp; &nbsp;","protected":false},"author":1,"featured_media":0,"parent":12,"menu_order":0,"comment_status":"closed","ping_status":"closed","template":"","meta":{"ngg_post_thumbnail":0},"categories":[],"tags":[],"_links":{"self":[{"href":"https:\/\/panontech.com\/index.php?rest_route=\/wp\/v2\/pages\/106"}],"collection":[{"href":"https:\/\/panontech.com\/index.php?rest_route=\/wp\/v2\/pages"}],"about":[{"href":"https:\/\/panontech.com\/index.php?rest_route=\/wp\/v2\/types\/page"}],"author":[{"embeddable":true,"href":"https:\/\/panontech.com\/index.php?rest_route=\/wp\/v2\/users\/1"}],"replies":[{"embeddable":true,"href":"https:\/\/panontech.com\/index.php?rest_route=%2Fwp%2Fv2%2Fcomments&post=106"}],"version-history":[{"count":13,"href":"https:\/\/panontech.com\/index.php?rest_route=\/wp\/v2\/pages\/106\/revisions"}],"predecessor-version":[{"id":1616,"href":"https:\/\/panontech.com\/index.php?rest_route=\/wp\/v2\/pages\/106\/revisions\/1616"}],"up":[{"embeddable":true,"href":"https:\/\/panontech.com\/index.php?rest_route=\/wp\/v2\/pages\/12"}],"wp:attachment":[{"href":"https:\/\/panontech.com\/index.php?rest_route=%2Fwp%2Fv2%2Fmedia&parent=106"}],"wp:term":[{"taxonomy":"category","embeddable":true,"href":"https:\/\/panontech.com\/index.php?rest_route=%2Fwp%2Fv2%2Fcategories&post=106"},{"taxonomy":"post_tag","embeddable":true,"href":"https:\/\/panontech.com\/index.php?rest_route=%2Fwp%2Fv2%2Ftags&post=106"}],"curies":[{"name":"wp","href":"https:\/\/api.w.org\/{rel}","templated":true}]}}