{"id":1055,"date":"2016-12-05T14:27:25","date_gmt":"2016-12-05T14:27:25","guid":{"rendered":"http:\/\/panontech.com\/?page_id=1055"},"modified":"2017-01-12T10:01:08","modified_gmt":"2017-01-12T10:01:08","slug":"hrvatski-pumpe","status":"publish","type":"page","link":"https:\/\/panontech.com\/?page_id=1055","title":{"rendered":"Pumpe"},"content":{"rendered":"<p>Vr\u0161imo uslugu dobave i ugradnje pumpi (bunarskih, potopnih, elektri\u010dnih, dizelske, traktorske&#8230;) sa svom prate\u0107om opremom do potpune funkcionalnoti sustava. Vrhunska kvaliteta zajedno sa godinama iskustva garantiraju efikasno\u0161\u0107u i duga\u010dkim \u017eivotnim ciklusom za ekonomi\u010dno i tro\u0161kovno efikasno navodnjavanje.<\/p>\n<p>Vr\u0161imo i usluge bu\u0161enja bunara.<\/p>\n<p>Izme\u0111u ostalih u ponudi imamo Bauer Famos pumpe:<\/p>\n<p><strong>Famos III 60 <\/strong><\/p>\n<p><strong>&nbsp;&nbsp;&nbsp;&nbsp;&nbsp;&nbsp;&nbsp;&nbsp;&nbsp;&nbsp;&nbsp;&nbsp;&nbsp;&nbsp; <\/strong><strong>\u2022<\/strong> spiralna pumpa za \u010distu vodu<br \/>\n&nbsp;&nbsp;&nbsp;&nbsp;&nbsp;&nbsp;&nbsp;&nbsp;&nbsp;&nbsp;&nbsp;&nbsp;&nbsp;&nbsp;&nbsp; <strong>\u2022<\/strong> mehani\u010dka brtva<br \/>\n&nbsp;&nbsp;&nbsp;&nbsp;&nbsp;&nbsp;&nbsp;&nbsp;&nbsp;&nbsp;&nbsp;&nbsp;&nbsp;&nbsp;&nbsp; <strong>\u2022<\/strong> spoj na pumpu preko flan\u0111e<br \/>\n&nbsp;&nbsp;&nbsp;&nbsp;&nbsp;&nbsp;&nbsp;&nbsp;&nbsp;&nbsp;&nbsp;&nbsp;&nbsp;&nbsp;&nbsp; <strong>\u2022<\/strong> reduktor sa spiralnim radom i kardansko vratilo 1 3\/8\u201c sa 6 ripni<br \/>\n&nbsp;&nbsp;&nbsp;&nbsp;&nbsp;&nbsp;&nbsp;&nbsp;&nbsp;&nbsp;&nbsp;&nbsp;&nbsp;&nbsp;&nbsp; <strong>\u2022<\/strong> za\u0161titni dio na spoju na kardansko vratilo<br \/>\n&nbsp;&nbsp;&nbsp;&nbsp;&nbsp;&nbsp;&nbsp;&nbsp;&nbsp;&nbsp;&nbsp;&nbsp;&nbsp;&nbsp;&nbsp; <strong>\u2022<\/strong> potrebna snaga traktora: 15-30 kW<br \/>\n&nbsp;&nbsp;&nbsp;&nbsp;&nbsp;&nbsp;&nbsp;&nbsp;&nbsp;&nbsp;&nbsp;&nbsp;&nbsp;&nbsp;&nbsp; <strong>\u2022<\/strong> brzina kardanskog vratila 540 obr.\/min<br \/>\n&nbsp;&nbsp;&nbsp;&nbsp;&nbsp;&nbsp;&nbsp;&nbsp;&nbsp;&nbsp;&nbsp;&nbsp;&nbsp;&nbsp;&nbsp; <strong>\u2022<\/strong> kapacitet pumpe: &nbsp;80 m\u00b3\/h<br \/>\n&nbsp;&nbsp;&nbsp;&nbsp;&nbsp;&nbsp;&nbsp;&nbsp;&nbsp;&nbsp;&nbsp;&nbsp;&nbsp;&nbsp;&nbsp; <strong>\u2022<\/strong> te\u017eina pumpe: 48 kg<\/p>\n<p>&nbsp;<\/p>\n<p><strong>Famos IV 80 <\/strong><\/p>\n<p><strong>&nbsp;&nbsp;&nbsp;&nbsp;&nbsp;&nbsp;&nbsp;&nbsp;&nbsp;&nbsp;&nbsp;&nbsp;&nbsp;&nbsp; \u2022<\/strong> spiralna pumpa za \u010distu vodu<br \/>\n&nbsp;&nbsp;&nbsp;&nbsp;&nbsp;&nbsp;&nbsp;&nbsp;&nbsp;&nbsp;&nbsp;&nbsp;&nbsp;&nbsp;&nbsp; <strong>\u2022<\/strong> mehani\u010dka brtva<br \/>\n&nbsp;&nbsp;&nbsp;&nbsp;&nbsp;&nbsp;&nbsp;&nbsp;&nbsp;&nbsp;&nbsp;&nbsp;&nbsp;&nbsp;&nbsp; <strong>\u2022<\/strong> spoj na pumpu preko flan\u0111e<br \/>\n&nbsp;&nbsp;&nbsp;&nbsp;&nbsp;&nbsp;&nbsp;&nbsp;&nbsp;&nbsp;&nbsp;&nbsp;&nbsp;&nbsp;&nbsp; <strong>\u2022<\/strong> reduktor sa spiralnim radom i kardansko vratilo 1 3\/8\u201c sa 6 ripni<br \/>\n&nbsp;&nbsp;&nbsp;&nbsp;&nbsp;&nbsp;&nbsp;&nbsp;&nbsp;&nbsp;&nbsp;&nbsp;&nbsp;&nbsp;&nbsp; <strong>\u2022<\/strong> za\u0161titni dio na spoju na kardansko vratilo<br \/>\n&nbsp;&nbsp;&nbsp;&nbsp;&nbsp;&nbsp;&nbsp;&nbsp;&nbsp;&nbsp;&nbsp;&nbsp;&nbsp;&nbsp;&nbsp; <strong>\u2022<\/strong> potrebna snaga traktora: 22 &#8211; 45 kW<br \/>\n&nbsp;&nbsp;&nbsp;&nbsp;&nbsp;&nbsp;&nbsp;&nbsp;&nbsp;&nbsp;&nbsp;&nbsp;&nbsp;&nbsp;&nbsp; <strong>\u2022<\/strong> brzina kardanskog vratila 540 obr.\/min<br \/>\n&nbsp;&nbsp;&nbsp;&nbsp;&nbsp;&nbsp;&nbsp;&nbsp;&nbsp;&nbsp;&nbsp;&nbsp;&nbsp;&nbsp;&nbsp; <strong>\u2022<\/strong> kapacitet pumpe: &nbsp;90 m\u00b3\/h<br \/>\n&nbsp;&nbsp;&nbsp;&nbsp;&nbsp;&nbsp;&nbsp;&nbsp;&nbsp;&nbsp;&nbsp;&nbsp;&nbsp;&nbsp;&nbsp; <strong>\u2022<\/strong> te\u017eina pumpe: 73 kg<\/p>\n<p><strong>&nbsp;<\/strong><\/p>\n<p><strong>Famos V 100 <\/strong><\/p>\n<p><strong>&nbsp;&nbsp;&nbsp;&nbsp;&nbsp;&nbsp;&nbsp;&nbsp;&nbsp;&nbsp;&nbsp;&nbsp;&nbsp;&nbsp;&nbsp; \u2022<\/strong> spiralna pumpa za \u010distu vodu<br \/>\n&nbsp;&nbsp;&nbsp;&nbsp;&nbsp;&nbsp;&nbsp;&nbsp;&nbsp;&nbsp;&nbsp;&nbsp;&nbsp;&nbsp;&nbsp; <strong>\u2022<\/strong> mehani\u010dka brtva<br \/>\n&nbsp;&nbsp;&nbsp;&nbsp;&nbsp;&nbsp;&nbsp;&nbsp;&nbsp;&nbsp;&nbsp;&nbsp;&nbsp;&nbsp;&nbsp; <strong>\u2022<\/strong> spoj na pumpu preko flan\u0111e<br \/>\n&nbsp;&nbsp;&nbsp;&nbsp;&nbsp;&nbsp;&nbsp;&nbsp;&nbsp;&nbsp;&nbsp;&nbsp;&nbsp;&nbsp;&nbsp; <strong>\u2022<\/strong> reduktor sa spiralnim radom i kardansko vratilo 1 3\/8\u201c sa 6 ripni<br \/>\n&nbsp;&nbsp;&nbsp;&nbsp;&nbsp;&nbsp;&nbsp;&nbsp;&nbsp;&nbsp;&nbsp;&nbsp;&nbsp;&nbsp;&nbsp; <strong>\u2022<\/strong> za\u0161titni dio na spoju na kardansko vratilo<br \/>\n&nbsp;&nbsp;&nbsp;&nbsp;&nbsp;&nbsp;&nbsp;&nbsp;&nbsp;&nbsp;&nbsp;&nbsp;&nbsp;&nbsp;&nbsp; <strong>\u2022<\/strong> potrebna snaga traktora: 25 &#8211; 50 kW<br \/>\n&nbsp;&nbsp;&nbsp;&nbsp;&nbsp;&nbsp;&nbsp;&nbsp;&nbsp;&nbsp;&nbsp;&nbsp;&nbsp;&nbsp;&nbsp; <strong>\u2022<\/strong> brzina kardanskog vratila 540 obr.\/min<br \/>\n&nbsp;&nbsp;&nbsp;&nbsp;&nbsp;&nbsp;&nbsp;&nbsp;&nbsp;&nbsp;&nbsp;&nbsp;&nbsp;&nbsp;&nbsp; <strong>\u2022<\/strong> kapacitet pumpe: &nbsp;150 m\u00b3\/h<br \/>\n&nbsp;&nbsp;&nbsp;&nbsp;&nbsp;&nbsp;&nbsp;&nbsp;&nbsp;&nbsp;&nbsp;&nbsp;&nbsp;&nbsp;&nbsp; <strong>\u2022<\/strong> te\u017eina pumpe: 63 kg<\/p>\n<p><a href=\"http:\/\/panontech.com\/wp-content\/uploads\/2016\/12\/729_530144455b0b416e121c82ceaa7c4bdb.jpg\"><img loading=\"lazy\" class=\"alignnone size-full wp-image-1057\" src=\"http:\/\/panontech.com\/wp-content\/uploads\/2016\/12\/729_530144455b0b416e121c82ceaa7c4bdb.jpg\" alt=\"729_530144455b0b416e121c82ceaa7c4bdb\" width=\"1024\" height=\"768\" srcset=\"https:\/\/panontech.com\/wp-content\/uploads\/2016\/12\/729_530144455b0b416e121c82ceaa7c4bdb.jpg 1024w, https:\/\/panontech.com\/wp-content\/uploads\/2016\/12\/729_530144455b0b416e121c82ceaa7c4bdb-300x225.jpg 300w, https:\/\/panontech.com\/wp-content\/uploads\/2016\/12\/729_530144455b0b416e121c82ceaa7c4bdb-768x576.jpg 768w, https:\/\/panontech.com\/wp-content\/uploads\/2016\/12\/729_530144455b0b416e121c82ceaa7c4bdb-830x623.jpg 830w, https:\/\/panontech.com\/wp-content\/uploads\/2016\/12\/729_530144455b0b416e121c82ceaa7c4bdb-230x173.jpg 230w, https:\/\/panontech.com\/wp-content\/uploads\/2016\/12\/729_530144455b0b416e121c82ceaa7c4bdb-350x263.jpg 350w\" sizes=\"(max-width: 1024px) 100vw, 1024px\" \/><\/a><\/p>\n<p>&nbsp;<\/p>\n<p>&nbsp;<\/p>\n<p><a href=\"http:\/\/panontech.com\/wp-content\/uploads\/2016\/12\/70-crpalka-452481e9a347e0d4.png\"><img loading=\"lazy\" class=\"alignnone size-full wp-image-1058\" src=\"http:\/\/panontech.com\/wp-content\/uploads\/2016\/12\/70-crpalka-452481e9a347e0d4.png\" alt=\"70-crpalka-452481e9a347e0d4\" width=\"567\" height=\"434\" srcset=\"https:\/\/panontech.com\/wp-content\/uploads\/2016\/12\/70-crpalka-452481e9a347e0d4.png 567w, https:\/\/panontech.com\/wp-content\/uploads\/2016\/12\/70-crpalka-452481e9a347e0d4-300x230.png 300w, https:\/\/panontech.com\/wp-content\/uploads\/2016\/12\/70-crpalka-452481e9a347e0d4-230x176.png 230w, https:\/\/panontech.com\/wp-content\/uploads\/2016\/12\/70-crpalka-452481e9a347e0d4-350x268.png 350w\" sizes=\"(max-width: 567px) 100vw, 567px\" \/><\/a><\/p>","protected":false},"excerpt":{"rendered":"Vr\u0161imo uslugu dobave i ugradnje pumpi (bunarskih, potopnih, elektri\u010dnih, dizelske, traktorske&#8230;) sa svom prate\u0107om opremom do potpune funkcionalnoti sustava. Vrhunska kvaliteta zajedno sa godinama iskustva garantiraju efikasno\u0161\u0107u i duga\u010dkim \u017eivotnim ciklusom za ekonomi\u010dno i tro\u0161kovno efikasno navodnjavanje. Vr\u0161imo i usluge bu\u0161enja bunara. Izme\u0111u ostalih u ponudi imamo Bauer Famos pumpe: Famos III 60 &nbsp;&nbsp;&nbsp;&nbsp;&nbsp;&nbsp;&nbsp;&nbsp;&nbsp;&nbsp;&nbsp;&nbsp;&nbsp;&nbsp; \u2022 [&hellip;]","protected":false},"author":1,"featured_media":0,"parent":1051,"menu_order":0,"comment_status":"closed","ping_status":"closed","template":"","meta":{"ngg_post_thumbnail":0},"categories":[],"tags":[],"_links":{"self":[{"href":"https:\/\/panontech.com\/index.php?rest_route=\/wp\/v2\/pages\/1055"}],"collection":[{"href":"https:\/\/panontech.com\/index.php?rest_route=\/wp\/v2\/pages"}],"about":[{"href":"https:\/\/panontech.com\/index.php?rest_route=\/wp\/v2\/types\/page"}],"author":[{"embeddable":true,"href":"https:\/\/panontech.com\/index.php?rest_route=\/wp\/v2\/users\/1"}],"replies":[{"embeddable":true,"href":"https:\/\/panontech.com\/index.php?rest_route=%2Fwp%2Fv2%2Fcomments&post=1055"}],"version-history":[{"count":6,"href":"https:\/\/panontech.com\/index.php?rest_route=\/wp\/v2\/pages\/1055\/revisions"}],"predecessor-version":[{"id":1390,"href":"https:\/\/panontech.com\/index.php?rest_route=\/wp\/v2\/pages\/1055\/revisions\/1390"}],"up":[{"embeddable":true,"href":"https:\/\/panontech.com\/index.php?rest_route=\/wp\/v2\/pages\/1051"}],"wp:attachment":[{"href":"https:\/\/panontech.com\/index.php?rest_route=%2Fwp%2Fv2%2Fmedia&parent=1055"}],"wp:term":[{"taxonomy":"category","embeddable":true,"href":"https:\/\/panontech.com\/index.php?rest_route=%2Fwp%2Fv2%2Fcategories&post=1055"},{"taxonomy":"post_tag","embeddable":true,"href":"https:\/\/panontech.com\/index.php?rest_route=%2Fwp%2Fv2%2Ftags&post=1055"}],"curies":[{"name":"wp","href":"https:\/\/api.w.org\/{rel}","templated":true}]}}