{"id":1051,"date":"2016-12-05T13:11:28","date_gmt":"2016-12-05T13:11:28","guid":{"rendered":"http:\/\/panontech.com\/?page_id=1051"},"modified":"2017-01-12T09:57:40","modified_gmt":"2017-01-12T09:57:40","slug":"irrigation","status":"publish","type":"page","link":"https:\/\/panontech.com\/?page_id=1051","title":{"rendered":"Navodnjavanje"},"content":{"rendered":"<p><a href=\"http:\/\/panontech.com\/wp-content\/uploads\/2016\/12\/562_530144455b0b416e121c82ceaa7c4bdb.jpg\"><img loading=\"lazy\" class=\"alignnone size-full wp-image-1061\" src=\"http:\/\/panontech.com\/wp-content\/uploads\/2016\/12\/562_530144455b0b416e121c82ceaa7c4bdb.jpg\" alt=\"562_530144455b0b416e121c82ceaa7c4bdb\" width=\"1024\" height=\"679\" srcset=\"https:\/\/panontech.com\/wp-content\/uploads\/2016\/12\/562_530144455b0b416e121c82ceaa7c4bdb.jpg 1024w, https:\/\/panontech.com\/wp-content\/uploads\/2016\/12\/562_530144455b0b416e121c82ceaa7c4bdb-300x199.jpg 300w, https:\/\/panontech.com\/wp-content\/uploads\/2016\/12\/562_530144455b0b416e121c82ceaa7c4bdb-768x509.jpg 768w, https:\/\/panontech.com\/wp-content\/uploads\/2016\/12\/562_530144455b0b416e121c82ceaa7c4bdb-830x550.jpg 830w, https:\/\/panontech.com\/wp-content\/uploads\/2016\/12\/562_530144455b0b416e121c82ceaa7c4bdb-230x153.jpg 230w, https:\/\/panontech.com\/wp-content\/uploads\/2016\/12\/562_530144455b0b416e121c82ceaa7c4bdb-350x232.jpg 350w\" sizes=\"(max-width: 1024px) 100vw, 1024px\" \/><\/a><\/p>\n<p>Izvodimo razli\u010dite sustave navodnjavanje za poljoprivredne povr\u0161ine. U na\u0161em prodajnom programu nudimo cjelovit sistem za navodnjavanje Bauer , i ujedno vam savjetujemo \u0161to bi vam najvi\u0161e odgovaralo, u skladu s va\u0161im potrebama. Vrhunski proizvodi za navodnjavanje poljoprivrednih povr\u0161ina nude odli\u010dne mogu\u0107nosti za jednostavnu i pouzdanu uporabu.<\/p>\n<p><a href=\"http:\/\/panontech.com\/wp-content\/uploads\/2016\/12\/525_530144455b0b416e121c82ceaa7c4bdb.jpg\"><img loading=\"lazy\" class=\"alignnone size-full wp-image-1072\" src=\"http:\/\/panontech.com\/wp-content\/uploads\/2016\/12\/525_530144455b0b416e121c82ceaa7c4bdb.jpg\" alt=\"525_530144455b0b416e121c82ceaa7c4bdb\" width=\"1024\" height=\"679\" srcset=\"https:\/\/panontech.com\/wp-content\/uploads\/2016\/12\/525_530144455b0b416e121c82ceaa7c4bdb.jpg 1024w, https:\/\/panontech.com\/wp-content\/uploads\/2016\/12\/525_530144455b0b416e121c82ceaa7c4bdb-300x199.jpg 300w, https:\/\/panontech.com\/wp-content\/uploads\/2016\/12\/525_530144455b0b416e121c82ceaa7c4bdb-768x509.jpg 768w, https:\/\/panontech.com\/wp-content\/uploads\/2016\/12\/525_530144455b0b416e121c82ceaa7c4bdb-830x550.jpg 830w, https:\/\/panontech.com\/wp-content\/uploads\/2016\/12\/525_530144455b0b416e121c82ceaa7c4bdb-230x153.jpg 230w, https:\/\/panontech.com\/wp-content\/uploads\/2016\/12\/525_530144455b0b416e121c82ceaa7c4bdb-350x232.jpg 350w\" sizes=\"(max-width: 1024px) 100vw, 1024px\" \/><\/a><\/p>\n<p><a href=\"http:\/\/panontech.com\/wp-content\/uploads\/2016\/12\/462_530144455b0b416e121c82ceaa7c4bdb.jpg\"><img loading=\"lazy\" class=\"alignnone size-full wp-image-1071\" src=\"http:\/\/panontech.com\/wp-content\/uploads\/2016\/12\/462_530144455b0b416e121c82ceaa7c4bdb.jpg\" alt=\"462_530144455b0b416e121c82ceaa7c4bdb\" width=\"1024\" height=\"768\" srcset=\"https:\/\/panontech.com\/wp-content\/uploads\/2016\/12\/462_530144455b0b416e121c82ceaa7c4bdb.jpg 1024w, https:\/\/panontech.com\/wp-content\/uploads\/2016\/12\/462_530144455b0b416e121c82ceaa7c4bdb-300x225.jpg 300w, https:\/\/panontech.com\/wp-content\/uploads\/2016\/12\/462_530144455b0b416e121c82ceaa7c4bdb-768x576.jpg 768w, https:\/\/panontech.com\/wp-content\/uploads\/2016\/12\/462_530144455b0b416e121c82ceaa7c4bdb-830x623.jpg 830w, https:\/\/panontech.com\/wp-content\/uploads\/2016\/12\/462_530144455b0b416e121c82ceaa7c4bdb-230x173.jpg 230w, https:\/\/panontech.com\/wp-content\/uploads\/2016\/12\/462_530144455b0b416e121c82ceaa7c4bdb-350x263.jpg 350w\" sizes=\"(max-width: 1024px) 100vw, 1024px\" \/><\/a><\/p>\n<p><a href=\"http:\/\/panontech.com\/wp-content\/uploads\/2016\/12\/418_530144455b0b416e121c82ceaa7c4bdb.jpg\"><img loading=\"lazy\" class=\"alignnone size-full wp-image-1070\" src=\"http:\/\/panontech.com\/wp-content\/uploads\/2016\/12\/418_530144455b0b416e121c82ceaa7c4bdb.jpg\" alt=\"418_530144455b0b416e121c82ceaa7c4bdb\" width=\"1024\" height=\"767\" srcset=\"https:\/\/panontech.com\/wp-content\/uploads\/2016\/12\/418_530144455b0b416e121c82ceaa7c4bdb.jpg 1024w, https:\/\/panontech.com\/wp-content\/uploads\/2016\/12\/418_530144455b0b416e121c82ceaa7c4bdb-300x225.jpg 300w, https:\/\/panontech.com\/wp-content\/uploads\/2016\/12\/418_530144455b0b416e121c82ceaa7c4bdb-768x575.jpg 768w, https:\/\/panontech.com\/wp-content\/uploads\/2016\/12\/418_530144455b0b416e121c82ceaa7c4bdb-830x622.jpg 830w, https:\/\/panontech.com\/wp-content\/uploads\/2016\/12\/418_530144455b0b416e121c82ceaa7c4bdb-230x172.jpg 230w, https:\/\/panontech.com\/wp-content\/uploads\/2016\/12\/418_530144455b0b416e121c82ceaa7c4bdb-350x262.jpg 350w\" sizes=\"(max-width: 1024px) 100vw, 1024px\" \/><\/a><\/p>\n<p><a href=\"http:\/\/panontech.com\/wp-content\/uploads\/2016\/12\/445_530144455b0b416e121c82ceaa7c4bdb.jpg\"><img loading=\"lazy\" class=\"alignnone size-full wp-image-1062\" src=\"http:\/\/panontech.com\/wp-content\/uploads\/2016\/12\/445_530144455b0b416e121c82ceaa7c4bdb.jpg\" alt=\"445_530144455b0b416e121c82ceaa7c4bdb\" width=\"1024\" height=\"768\" srcset=\"https:\/\/panontech.com\/wp-content\/uploads\/2016\/12\/445_530144455b0b416e121c82ceaa7c4bdb.jpg 1024w, https:\/\/panontech.com\/wp-content\/uploads\/2016\/12\/445_530144455b0b416e121c82ceaa7c4bdb-300x225.jpg 300w, https:\/\/panontech.com\/wp-content\/uploads\/2016\/12\/445_530144455b0b416e121c82ceaa7c4bdb-768x576.jpg 768w, https:\/\/panontech.com\/wp-content\/uploads\/2016\/12\/445_530144455b0b416e121c82ceaa7c4bdb-830x623.jpg 830w, https:\/\/panontech.com\/wp-content\/uploads\/2016\/12\/445_530144455b0b416e121c82ceaa7c4bdb-230x173.jpg 230w, https:\/\/panontech.com\/wp-content\/uploads\/2016\/12\/445_530144455b0b416e121c82ceaa7c4bdb-350x263.jpg 350w\" sizes=\"(max-width: 1024px) 100vw, 1024px\" \/><\/a><\/p>","protected":false},"excerpt":{"rendered":"Izvodimo razli\u010dite sustave navodnjavanje za poljoprivredne povr\u0161ine. U na\u0161em prodajnom programu nudimo cjelovit sistem za navodnjavanje Bauer , i ujedno vam savjetujemo \u0161to bi vam najvi\u0161e odgovaralo, u skladu s va\u0161im potrebama. Vrhunski proizvodi za navodnjavanje poljoprivrednih povr\u0161ina nude odli\u010dne mogu\u0107nosti za jednostavnu i pouzdanu uporabu.","protected":false},"author":1,"featured_media":0,"parent":12,"menu_order":0,"comment_status":"closed","ping_status":"closed","template":"","meta":{"ngg_post_thumbnail":0},"categories":[],"tags":[],"_links":{"self":[{"href":"https:\/\/panontech.com\/index.php?rest_route=\/wp\/v2\/pages\/1051"}],"collection":[{"href":"https:\/\/panontech.com\/index.php?rest_route=\/wp\/v2\/pages"}],"about":[{"href":"https:\/\/panontech.com\/index.php?rest_route=\/wp\/v2\/types\/page"}],"author":[{"embeddable":true,"href":"https:\/\/panontech.com\/index.php?rest_route=\/wp\/v2\/users\/1"}],"replies":[{"embeddable":true,"href":"https:\/\/panontech.com\/index.php?rest_route=%2Fwp%2Fv2%2Fcomments&post=1051"}],"version-history":[{"count":7,"href":"https:\/\/panontech.com\/index.php?rest_route=\/wp\/v2\/pages\/1051\/revisions"}],"predecessor-version":[{"id":1389,"href":"https:\/\/panontech.com\/index.php?rest_route=\/wp\/v2\/pages\/1051\/revisions\/1389"}],"up":[{"embeddable":true,"href":"https:\/\/panontech.com\/index.php?rest_route=\/wp\/v2\/pages\/12"}],"wp:attachment":[{"href":"https:\/\/panontech.com\/index.php?rest_route=%2Fwp%2Fv2%2Fmedia&parent=1051"}],"wp:term":[{"taxonomy":"category","embeddable":true,"href":"https:\/\/panontech.com\/index.php?rest_route=%2Fwp%2Fv2%2Fcategories&post=1051"},{"taxonomy":"post_tag","embeddable":true,"href":"https:\/\/panontech.com\/index.php?rest_route=%2Fwp%2Fv2%2Ftags&post=1051"}],"curies":[{"name":"wp","href":"https:\/\/api.w.org\/{rel}","templated":true}]}}