{"id":103,"date":"2015-12-07T13:06:26","date_gmt":"2015-12-07T13:06:26","guid":{"rendered":"http:\/\/panontech.com\/wordpress\/?page_id=103"},"modified":"2017-01-13T13:15:44","modified_gmt":"2017-01-13T13:15:44","slug":"metalwork","status":"publish","type":"page","link":"https:\/\/panontech.com\/?page_id=103","title":{"rendered":"Obrada metala"},"content":{"rendered":"<p>Na\u0161im klijentima nudimo razne metaloprera\u0111iva\u010dke usluge, poput rezanja, sje\u010denja, savijanja, bu\u0161enja i zavarivanja cijevi, profila i limova. Nudimo izradu i monta\u017eu spremnika, dozirnih kontejnera, platformi, ljestvi, penjalica, stupova, ograda i konstrukcija od \u010delika i INOX-a.<\/p>\n<p><a href=\"http:\/\/panontech.com\/wp-content\/uploads\/2015\/12\/usluge-01.jpg\"><img loading=\"lazy\" class=\"size-full wp-image-1523 aligncenter\" src=\"http:\/\/panontech.com\/wp-content\/uploads\/2015\/12\/usluge-01.jpg\" alt=\"\" width=\"600\" height=\"450\" srcset=\"https:\/\/panontech.com\/wp-content\/uploads\/2015\/12\/usluge-01.jpg 600w, https:\/\/panontech.com\/wp-content\/uploads\/2015\/12\/usluge-01-300x225.jpg 300w, https:\/\/panontech.com\/wp-content\/uploads\/2015\/12\/usluge-01-230x173.jpg 230w, https:\/\/panontech.com\/wp-content\/uploads\/2015\/12\/usluge-01-350x263.jpg 350w\" sizes=\"(max-width: 600px) 100vw, 600px\" \/><\/a><\/p>\n<p><a href=\"http:\/\/panontech.com\/wp-content\/uploads\/2015\/12\/proizvodnja4.jpg\"><img loading=\"lazy\" class=\"alignnone wp-image-1529 aligncenter\" src=\"http:\/\/panontech.com\/wp-content\/uploads\/2015\/12\/proizvodnja4.jpg\" alt=\"\" width=\"603\" height=\"358\" srcset=\"https:\/\/panontech.com\/wp-content\/uploads\/2015\/12\/proizvodnja4.jpg 671w, https:\/\/panontech.com\/wp-content\/uploads\/2015\/12\/proizvodnja4-300x178.jpg 300w, https:\/\/panontech.com\/wp-content\/uploads\/2015\/12\/proizvodnja4-230x136.jpg 230w, https:\/\/panontech.com\/wp-content\/uploads\/2015\/12\/proizvodnja4-350x208.jpg 350w\" sizes=\"(max-width: 603px) 100vw, 603px\" \/><\/a><\/p>\n<p><a href=\"http:\/\/panontech.com\/wp-content\/uploads\/2015\/12\/16718692.jpg\"><img loading=\"lazy\" class=\" wp-image-1530 aligncenter\" src=\"http:\/\/panontech.com\/wp-content\/uploads\/2015\/12\/16718692.jpg\" alt=\"\" width=\"607\" height=\"894\" srcset=\"https:\/\/panontech.com\/wp-content\/uploads\/2015\/12\/16718692.jpg 681w, https:\/\/panontech.com\/wp-content\/uploads\/2015\/12\/16718692-204x300.jpg 204w, https:\/\/panontech.com\/wp-content\/uploads\/2015\/12\/16718692-230x339.jpg 230w, https:\/\/panontech.com\/wp-content\/uploads\/2015\/12\/16718692-350x515.jpg 350w\" sizes=\"(max-width: 607px) 100vw, 607px\" \/><\/a><\/p>\n<p><a href=\"http:\/\/panontech.com\/wp-content\/uploads\/2015\/12\/67773074.jpg\"><img loading=\"lazy\" class=\" wp-image-1532 aligncenter\" src=\"http:\/\/panontech.com\/wp-content\/uploads\/2015\/12\/67773074.jpg\" alt=\"\" width=\"604\" height=\"513\" srcset=\"https:\/\/panontech.com\/wp-content\/uploads\/2015\/12\/67773074.jpg 405w, https:\/\/panontech.com\/wp-content\/uploads\/2015\/12\/67773074-300x255.jpg 300w, https:\/\/panontech.com\/wp-content\/uploads\/2015\/12\/67773074-230x195.jpg 230w, https:\/\/panontech.com\/wp-content\/uploads\/2015\/12\/67773074-350x297.jpg 350w\" sizes=\"(max-width: 604px) 100vw, 604px\" \/><\/a><\/p>","protected":false},"excerpt":{"rendered":"Na\u0161im klijentima nudimo razne metaloprera\u0111iva\u010dke usluge, poput rezanja, sje\u010denja, savijanja, bu\u0161enja i zavarivanja cijevi, profila i limova. Nudimo izradu i monta\u017eu spremnika, dozirnih kontejnera, platformi, ljestvi, penjalica, stupova, ograda i konstrukcija od \u010delika i INOX-a.","protected":false},"author":1,"featured_media":0,"parent":12,"menu_order":0,"comment_status":"closed","ping_status":"closed","template":"","meta":{"ngg_post_thumbnail":0},"categories":[],"tags":[],"_links":{"self":[{"href":"https:\/\/panontech.com\/index.php?rest_route=\/wp\/v2\/pages\/103"}],"collection":[{"href":"https:\/\/panontech.com\/index.php?rest_route=\/wp\/v2\/pages"}],"about":[{"href":"https:\/\/panontech.com\/index.php?rest_route=\/wp\/v2\/types\/page"}],"author":[{"embeddable":true,"href":"https:\/\/panontech.com\/index.php?rest_route=\/wp\/v2\/users\/1"}],"replies":[{"embeddable":true,"href":"https:\/\/panontech.com\/index.php?rest_route=%2Fwp%2Fv2%2Fcomments&post=103"}],"version-history":[{"count":11,"href":"https:\/\/panontech.com\/index.php?rest_route=\/wp\/v2\/pages\/103\/revisions"}],"predecessor-version":[{"id":1590,"href":"https:\/\/panontech.com\/index.php?rest_route=\/wp\/v2\/pages\/103\/revisions\/1590"}],"up":[{"embeddable":true,"href":"https:\/\/panontech.com\/index.php?rest_route=\/wp\/v2\/pages\/12"}],"wp:attachment":[{"href":"https:\/\/panontech.com\/index.php?rest_route=%2Fwp%2Fv2%2Fmedia&parent=103"}],"wp:term":[{"taxonomy":"category","embeddable":true,"href":"https:\/\/panontech.com\/index.php?rest_route=%2Fwp%2Fv2%2Fcategories&post=103"},{"taxonomy":"post_tag","embeddable":true,"href":"https:\/\/panontech.com\/index.php?rest_route=%2Fwp%2Fv2%2Ftags&post=103"}],"curies":[{"name":"wp","href":"https:\/\/api.w.org\/{rel}","templated":true}]}}