{"id":1019,"date":"2016-11-24T14:05:29","date_gmt":"2016-11-24T14:05:29","guid":{"rendered":"http:\/\/panontech.com\/?page_id=1019"},"modified":"2017-01-13T16:16:58","modified_gmt":"2017-01-13T16:16:58","slug":"platforms-and-stairways","status":"publish","type":"page","link":"https:\/\/panontech.com\/?page_id=1019","title":{"rendered":"Platforme i stubi\u0161ta"},"content":{"rendered":"<p>Vr\u0161imo usluge izrade i monta\u017ee svih vrsta \u010deli\u010dnih platformi i stubi\u0161ta u bojanoj i pocin\u010danoj izvedbi,<\/p>\n<p>prema zahtjevima Naru\u010ditelja.<\/p>\n<p>&nbsp;<\/p>\n<p><a href=\"http:\/\/panontech.com\/wp-content\/uploads\/2016\/11\/20141010_160935.jpg\"><img loading=\"lazy\" class=\"wp-image-1574 aligncenter\" src=\"http:\/\/panontech.com\/wp-content\/uploads\/2016\/11\/20141010_160935.jpg\" alt=\"\" width=\"560\" height=\"315\" srcset=\"https:\/\/panontech.com\/wp-content\/uploads\/2016\/11\/20141010_160935.jpg 4128w, https:\/\/panontech.com\/wp-content\/uploads\/2016\/11\/20141010_160935-300x169.jpg 300w, https:\/\/panontech.com\/wp-content\/uploads\/2016\/11\/20141010_160935-768x432.jpg 768w, https:\/\/panontech.com\/wp-content\/uploads\/2016\/11\/20141010_160935-1024x576.jpg 1024w, https:\/\/panontech.com\/wp-content\/uploads\/2016\/11\/20141010_160935-830x467.jpg 830w, https:\/\/panontech.com\/wp-content\/uploads\/2016\/11\/20141010_160935-230x129.jpg 230w, https:\/\/panontech.com\/wp-content\/uploads\/2016\/11\/20141010_160935-350x197.jpg 350w\" sizes=\"(max-width: 560px) 100vw, 560px\" \/><\/a> <a href=\"http:\/\/panontech.com\/wp-content\/uploads\/2016\/11\/20141028_152232.jpg\"><img loading=\"lazy\" class=\"wp-image-1576 aligncenter\" src=\"http:\/\/panontech.com\/wp-content\/uploads\/2016\/11\/20141028_152232.jpg\" alt=\"\" width=\"560\" height=\"995\" srcset=\"https:\/\/panontech.com\/wp-content\/uploads\/2016\/11\/20141028_152232.jpg 2322w, https:\/\/panontech.com\/wp-content\/uploads\/2016\/11\/20141028_152232-169x300.jpg 169w, https:\/\/panontech.com\/wp-content\/uploads\/2016\/11\/20141028_152232-768x1365.jpg 768w, https:\/\/panontech.com\/wp-content\/uploads\/2016\/11\/20141028_152232-576x1024.jpg 576w, https:\/\/panontech.com\/wp-content\/uploads\/2016\/11\/20141028_152232-830x1476.jpg 830w, https:\/\/panontech.com\/wp-content\/uploads\/2016\/11\/20141028_152232-230x409.jpg 230w, https:\/\/panontech.com\/wp-content\/uploads\/2016\/11\/20141028_152232-350x622.jpg 350w\" sizes=\"(max-width: 560px) 100vw, 560px\" \/><\/a><\/p>\n<p>&nbsp;<\/p>\n<p><a href=\"http:\/\/panontech.com\/wp-content\/uploads\/2016\/11\/image-ce4c424c79fe3388494e87d32404e93a5cba203f7f1f9fedd570c20fcc2a82be-V.jpg\"><img loading=\"lazy\" class=\"wp-image-1580 aligncenter\" src=\"http:\/\/panontech.com\/wp-content\/uploads\/2016\/11\/image-ce4c424c79fe3388494e87d32404e93a5cba203f7f1f9fedd570c20fcc2a82be-V.jpg\" alt=\"\" width=\"557\" height=\"557\" srcset=\"https:\/\/panontech.com\/wp-content\/uploads\/2016\/11\/image-ce4c424c79fe3388494e87d32404e93a5cba203f7f1f9fedd570c20fcc2a82be-V.jpg 1280w, https:\/\/panontech.com\/wp-content\/uploads\/2016\/11\/image-ce4c424c79fe3388494e87d32404e93a5cba203f7f1f9fedd570c20fcc2a82be-V-150x150.jpg 150w, https:\/\/panontech.com\/wp-content\/uploads\/2016\/11\/image-ce4c424c79fe3388494e87d32404e93a5cba203f7f1f9fedd570c20fcc2a82be-V-300x300.jpg 300w, https:\/\/panontech.com\/wp-content\/uploads\/2016\/11\/image-ce4c424c79fe3388494e87d32404e93a5cba203f7f1f9fedd570c20fcc2a82be-V-768x768.jpg 768w, https:\/\/panontech.com\/wp-content\/uploads\/2016\/11\/image-ce4c424c79fe3388494e87d32404e93a5cba203f7f1f9fedd570c20fcc2a82be-V-1024x1024.jpg 1024w, https:\/\/panontech.com\/wp-content\/uploads\/2016\/11\/image-ce4c424c79fe3388494e87d32404e93a5cba203f7f1f9fedd570c20fcc2a82be-V-830x830.jpg 830w, https:\/\/panontech.com\/wp-content\/uploads\/2016\/11\/image-ce4c424c79fe3388494e87d32404e93a5cba203f7f1f9fedd570c20fcc2a82be-V-230x230.jpg 230w, https:\/\/panontech.com\/wp-content\/uploads\/2016\/11\/image-ce4c424c79fe3388494e87d32404e93a5cba203f7f1f9fedd570c20fcc2a82be-V-350x350.jpg 350w\" sizes=\"(max-width: 557px) 100vw, 557px\" \/><\/a><\/p>\n<p><a href=\"http:\/\/panontech.com\/wp-content\/uploads\/2016\/11\/Fotografija0119.jpg\"><img loading=\"lazy\" class=\"wp-image-1579 aligncenter\" src=\"http:\/\/panontech.com\/wp-content\/uploads\/2016\/11\/Fotografija0119.jpg\" alt=\"\" width=\"554\" height=\"739\" srcset=\"https:\/\/panontech.com\/wp-content\/uploads\/2016\/11\/Fotografija0119.jpg 1944w, https:\/\/panontech.com\/wp-content\/uploads\/2016\/11\/Fotografija0119-225x300.jpg 225w, https:\/\/panontech.com\/wp-content\/uploads\/2016\/11\/Fotografija0119-768x1024.jpg 768w, https:\/\/panontech.com\/wp-content\/uploads\/2016\/11\/Fotografija0119-830x1107.jpg 830w, https:\/\/panontech.com\/wp-content\/uploads\/2016\/11\/Fotografija0119-230x307.jpg 230w, https:\/\/panontech.com\/wp-content\/uploads\/2016\/11\/Fotografija0119-350x467.jpg 350w\" sizes=\"(max-width: 554px) 100vw, 554px\" \/><\/a><\/p>\n<p>&nbsp;<\/p>\n<p>&nbsp;<\/p>\n<p>\n\n<div class=\"ngg-galleryoverview ngg-slideshow\"\n\t id=\"ngg-slideshow-4d726aaaf9c8f2463cea80cca2930da9-17560948570\"\n     data-gallery-id=\"4d726aaaf9c8f2463cea80cca2930da9\"\n     style=\"max-width: 800px; max-height: 600px;\">\n\n \t<div id=\"ngg-image-0\" class=\"ngg-gallery-slideshow-image\" style=\"height:600px\">\n\n        <a href=\"https:\/\/panontech.com\/wp-content\/gallery\/platforms-stairways\/20150213_111500-Medium.jpg\"\n           title=\"\"\n           data-src=\"https:\/\/panontech.com\/wp-content\/gallery\/platforms-stairways\/20150213_111500-Medium.jpg\"\n           data-thumbnail=\"https:\/\/panontech.com\/wp-content\/gallery\/platforms-stairways\/thumbs\/thumbs_20150213_111500-Medium.jpg\"\n           data-image-id=\"73\"\n           data-title=\"20150213_111500 (Medium)\"\n           data-description=\"\"\n           class=\"ngg-fancybox\" rel=\"4d726aaaf9c8f2463cea80cca2930da9\">\n\n            <img data-image-id='73'\n                 title=\"\"\n                 alt=\"20150213_111500 (Medium)\"\n                 src=\"https:\/\/panontech.com\/wp-content\/gallery\/platforms-stairways\/20150213_111500-Medium.jpg\"\n                 style=\"max-height: 580px;\"\/>\n        <\/a>\n\n        <\/div> \n<div id=\"ngg-image-1\" class=\"ngg-gallery-slideshow-image\" style=\"height:600px\">\n\n        <a href=\"https:\/\/panontech.com\/wp-content\/gallery\/platforms-stairways\/image-02db05ad1df35ff71c378c77678a67557551aa41bd2234331bd229ee16dc2e4c-V.jpg\"\n           title=\"\"\n           data-src=\"https:\/\/panontech.com\/wp-content\/gallery\/platforms-stairways\/image-02db05ad1df35ff71c378c77678a67557551aa41bd2234331bd229ee16dc2e4c-V.jpg\"\n           data-thumbnail=\"https:\/\/panontech.com\/wp-content\/gallery\/platforms-stairways\/thumbs\/thumbs_image-02db05ad1df35ff71c378c77678a67557551aa41bd2234331bd229ee16dc2e4c-V.jpg\"\n           data-image-id=\"74\"\n           data-title=\"image-02db05ad1df35ff71c378c77678a67557551aa41bd2234331bd229ee16dc2e4c-V\"\n           data-description=\"\"\n           class=\"ngg-fancybox\" rel=\"4d726aaaf9c8f2463cea80cca2930da9\">\n\n            <img data-image-id='74'\n                 title=\"\"\n                 alt=\"image-02db05ad1df35ff71c378c77678a67557551aa41bd2234331bd229ee16dc2e4c-V\"\n                 src=\"https:\/\/panontech.com\/wp-content\/gallery\/platforms-stairways\/image-02db05ad1df35ff71c378c77678a67557551aa41bd2234331bd229ee16dc2e4c-V.jpg\"\n                 style=\"max-height: 580px;\"\/>\n        <\/a>\n\n        <\/div> \n<\/div>\n\n\n\n<\/p>","protected":false},"excerpt":{"rendered":"Vr\u0161imo usluge izrade i monta\u017ee svih vrsta \u010deli\u010dnih platformi i stubi\u0161ta u bojanoj i pocin\u010danoj izvedbi, prema zahtjevima Naru\u010ditelja. &nbsp; &nbsp; &nbsp; &nbsp; &#8221; order_by=&#8221;sortorder&#8221; order_direction=&#8221;ASC&#8221; returns=&#8221;included&#8221; maximum_entity_count=&#8221;500&#8243; display_type=&#8221;photocrati-nextgen_basic_slideshow&#8221;]","protected":false},"author":1,"featured_media":0,"parent":94,"menu_order":0,"comment_status":"closed","ping_status":"closed","template":"","meta":{"ngg_post_thumbnail":0},"categories":[],"tags":[],"_links":{"self":[{"href":"https:\/\/panontech.com\/index.php?rest_route=\/wp\/v2\/pages\/1019"}],"collection":[{"href":"https:\/\/panontech.com\/index.php?rest_route=\/wp\/v2\/pages"}],"about":[{"href":"https:\/\/panontech.com\/index.php?rest_route=\/wp\/v2\/types\/page"}],"author":[{"embeddable":true,"href":"https:\/\/panontech.com\/index.php?rest_route=\/wp\/v2\/users\/1"}],"replies":[{"embeddable":true,"href":"https:\/\/panontech.com\/index.php?rest_route=%2Fwp%2Fv2%2Fcomments&post=1019"}],"version-history":[{"count":6,"href":"https:\/\/panontech.com\/index.php?rest_route=\/wp\/v2\/pages\/1019\/revisions"}],"predecessor-version":[{"id":1582,"href":"https:\/\/panontech.com\/index.php?rest_route=\/wp\/v2\/pages\/1019\/revisions\/1582"}],"up":[{"embeddable":true,"href":"https:\/\/panontech.com\/index.php?rest_route=\/wp\/v2\/pages\/94"}],"wp:attachment":[{"href":"https:\/\/panontech.com\/index.php?rest_route=%2Fwp%2Fv2%2Fmedia&parent=1019"}],"wp:term":[{"taxonomy":"category","embeddable":true,"href":"https:\/\/panontech.com\/index.php?rest_route=%2Fwp%2Fv2%2Fcategories&post=1019"},{"taxonomy":"post_tag","embeddable":true,"href":"https:\/\/panontech.com\/index.php?rest_route=%2Fwp%2Fv2%2Ftags&post=1019"}],"curies":[{"name":"wp","href":"https:\/\/api.w.org\/{rel}","templated":true}]}}