{"id":1016,"date":"2016-11-24T14:00:03","date_gmt":"2016-11-24T14:00:03","guid":{"rendered":"http:\/\/panontech.com\/?page_id=1016"},"modified":"2017-01-12T15:09:37","modified_gmt":"2017-01-12T15:09:37","slug":"separators","status":"publish","type":"page","link":"https:\/\/panontech.com\/?page_id=1016","title":{"rendered":"Separatori"},"content":{"rendered":"<p>Nudimo razne separatore teku\u0107e\/krute faze za:<\/p>\n<div id=\"anwendungen\" class=\"panel-collapse in collapse\">\n<div class=\"panel-body\">\n<p><strong>Farmarstvo<\/strong><\/p>\n<ul>\n<li>Separatori teku\u0107eg gnoja: za lak\u0161i trnasport, optimizirano skladi\u0161tenje ili kao stelja<\/li>\n<\/ul>\n<p><strong>Bioplinska postrojenja<br \/>\n<\/strong><\/p>\n<ul>\n<li>Odvajanje krute i teku\u0107e faze prije ili poslje procesa fermentacije<\/li>\n<\/ul>\n<p><strong>Industrija<\/strong><\/p>\n<ul>\n<li>Industrija hrane: separacija otpadnog povr\u0107a, kora i ko\u017eica<\/li>\n<li>Klaonice: Separacija sadr\u017eaja crijeva<\/li>\n<li>Destilerija: Separacija raznih ka\u0161a<\/li>\n<\/ul>\n<\/div>\n<\/div>\n<p style=\"text-align: left;\">Snage od 2.2 &#8211; 7.5 kW<\/p>\n<p style=\"text-align: left;\">Kapacitet od 4 &#8211; 45 m3\/h<\/p>\n<p style=\"text-align: left;\">Suha tvar do 37%<\/p>\n<p style=\"text-align: left;\"><a href=\"http:\/\/panontech.com\/wp-content\/uploads\/2016\/11\/cmsep.jpg\"><img loading=\"lazy\" class=\"alignnone  wp-image-1459\" src=\"http:\/\/panontech.com\/wp-content\/uploads\/2016\/11\/cmsep.jpg\" alt=\"\" width=\"289\" height=\"289\" srcset=\"https:\/\/panontech.com\/wp-content\/uploads\/2016\/11\/cmsep.jpg 1000w, https:\/\/panontech.com\/wp-content\/uploads\/2016\/11\/cmsep-150x150.jpg 150w, https:\/\/panontech.com\/wp-content\/uploads\/2016\/11\/cmsep-300x300.jpg 300w, https:\/\/panontech.com\/wp-content\/uploads\/2016\/11\/cmsep-768x768.jpg 768w, https:\/\/panontech.com\/wp-content\/uploads\/2016\/11\/cmsep-830x830.jpg 830w, https:\/\/panontech.com\/wp-content\/uploads\/2016\/11\/cmsep-230x230.jpg 230w, https:\/\/panontech.com\/wp-content\/uploads\/2016\/11\/cmsep-350x350.jpg 350w\" sizes=\"(max-width: 289px) 100vw, 289px\" \/><\/a> <a href=\"http:\/\/panontech.com\/wp-content\/uploads\/2016\/11\/fnsep.jpg\"><img loading=\"lazy\" class=\"alignnone  wp-image-1460\" src=\"http:\/\/panontech.com\/wp-content\/uploads\/2016\/11\/fnsep.jpg\" alt=\"\" width=\"300\" height=\"216\" srcset=\"https:\/\/panontech.com\/wp-content\/uploads\/2016\/11\/fnsep.jpg 720w, https:\/\/panontech.com\/wp-content\/uploads\/2016\/11\/fnsep-300x216.jpg 300w, https:\/\/panontech.com\/wp-content\/uploads\/2016\/11\/fnsep-230x166.jpg 230w, https:\/\/panontech.com\/wp-content\/uploads\/2016\/11\/fnsep-350x252.jpg 350w\" sizes=\"(max-width: 300px) 100vw, 300px\" \/><\/a> <a href=\"http:\/\/panontech.com\/wp-content\/uploads\/2016\/11\/sep1.png\"><img loading=\"lazy\" class=\"alignnone  wp-image-1461\" src=\"http:\/\/panontech.com\/wp-content\/uploads\/2016\/11\/sep1.png\" alt=\"\" width=\"351\" height=\"234\" srcset=\"https:\/\/panontech.com\/wp-content\/uploads\/2016\/11\/sep1.png 1200w, https:\/\/panontech.com\/wp-content\/uploads\/2016\/11\/sep1-300x200.png 300w, https:\/\/panontech.com\/wp-content\/uploads\/2016\/11\/sep1-768x512.png 768w, https:\/\/panontech.com\/wp-content\/uploads\/2016\/11\/sep1-1024x683.png 1024w, https:\/\/panontech.com\/wp-content\/uploads\/2016\/11\/sep1-830x553.png 830w, https:\/\/panontech.com\/wp-content\/uploads\/2016\/11\/sep1-230x153.png 230w, https:\/\/panontech.com\/wp-content\/uploads\/2016\/11\/sep1-350x233.png 350w, https:\/\/panontech.com\/wp-content\/uploads\/2016\/11\/sep1-272x182.png 272w\" sizes=\"(max-width: 351px) 100vw, 351px\" \/><\/a> <a href=\"http:\/\/panontech.com\/wp-content\/uploads\/2016\/11\/sep2.png\"><img loading=\"lazy\" class=\"alignnone  wp-image-1462\" src=\"http:\/\/panontech.com\/wp-content\/uploads\/2016\/11\/sep2.png\" alt=\"\" width=\"384\" height=\"256\" srcset=\"https:\/\/panontech.com\/wp-content\/uploads\/2016\/11\/sep2.png 1200w, https:\/\/panontech.com\/wp-content\/uploads\/2016\/11\/sep2-300x200.png 300w, https:\/\/panontech.com\/wp-content\/uploads\/2016\/11\/sep2-768x512.png 768w, https:\/\/panontech.com\/wp-content\/uploads\/2016\/11\/sep2-1024x683.png 1024w, https:\/\/panontech.com\/wp-content\/uploads\/2016\/11\/sep2-830x553.png 830w, https:\/\/panontech.com\/wp-content\/uploads\/2016\/11\/sep2-230x153.png 230w, https:\/\/panontech.com\/wp-content\/uploads\/2016\/11\/sep2-350x233.png 350w, https:\/\/panontech.com\/wp-content\/uploads\/2016\/11\/sep2-272x182.png 272w\" sizes=\"(max-width: 384px) 100vw, 384px\" \/><\/a><a href=\"http:\/\/panontech.com\/wp-content\/uploads\/2016\/11\/bsep1.jpg\"><img loading=\"lazy\" class=\"wp-image-1458 alignleft\" src=\"http:\/\/panontech.com\/wp-content\/uploads\/2016\/11\/bsep1.jpg\" alt=\"\" width=\"270\" height=\"162\" srcset=\"https:\/\/panontech.com\/wp-content\/uploads\/2016\/11\/bsep1.jpg 599w, https:\/\/panontech.com\/wp-content\/uploads\/2016\/11\/bsep1-300x180.jpg 300w, https:\/\/panontech.com\/wp-content\/uploads\/2016\/11\/bsep1-230x138.jpg 230w, https:\/\/panontech.com\/wp-content\/uploads\/2016\/11\/bsep1-350x210.jpg 350w\" sizes=\"(max-width: 270px) 100vw, 270px\" \/><\/a> <a href=\"http:\/\/panontech.com\/wp-content\/uploads\/2016\/11\/sepmob.png\"><img loading=\"lazy\" class=\"wp-image-1463 alignleft\" src=\"http:\/\/panontech.com\/wp-content\/uploads\/2016\/11\/sepmob.png\" alt=\"\" width=\"300\" height=\"200\" srcset=\"https:\/\/panontech.com\/wp-content\/uploads\/2016\/11\/sepmob.png 1200w, https:\/\/panontech.com\/wp-content\/uploads\/2016\/11\/sepmob-300x200.png 300w, https:\/\/panontech.com\/wp-content\/uploads\/2016\/11\/sepmob-768x512.png 768w, https:\/\/panontech.com\/wp-content\/uploads\/2016\/11\/sepmob-1024x683.png 1024w, https:\/\/panontech.com\/wp-content\/uploads\/2016\/11\/sepmob-830x553.png 830w, https:\/\/panontech.com\/wp-content\/uploads\/2016\/11\/sepmob-230x153.png 230w, https:\/\/panontech.com\/wp-content\/uploads\/2016\/11\/sepmob-350x233.png 350w, https:\/\/panontech.com\/wp-content\/uploads\/2016\/11\/sepmob-272x182.png 272w\" sizes=\"(max-width: 300px) 100vw, 300px\" \/><\/a><\/p>\n<p>\n\n<div class=\"ngg-galleryoverview ngg-slideshow\"\n\t id=\"ngg-slideshow-f1dfafa59c73dfa07f4b20296c66e4c8-16046336400\"\n     data-gallery-id=\"f1dfafa59c73dfa07f4b20296c66e4c8\"\n     style=\"max-width: 800px; max-height: 600px;\">\n\n \t<div id=\"ngg-image-0\" class=\"ngg-gallery-slideshow-image\" style=\"height:600px\">\n\n        <a href=\"https:\/\/panontech.com\/wp-content\/gallery\/separators\/image-2b2c3747702ad53d18c01cc5b32cf99a61ee182567b04c32acf443efebb96f0b-V.jpg\"\n           title=\"\"\n           data-src=\"https:\/\/panontech.com\/wp-content\/gallery\/separators\/image-2b2c3747702ad53d18c01cc5b32cf99a61ee182567b04c32acf443efebb96f0b-V.jpg\"\n           data-thumbnail=\"https:\/\/panontech.com\/wp-content\/gallery\/separators\/thumbs\/thumbs_image-2b2c3747702ad53d18c01cc5b32cf99a61ee182567b04c32acf443efebb96f0b-V.jpg\"\n           data-image-id=\"75\"\n           data-title=\"image-2b2c3747702ad53d18c01cc5b32cf99a61ee182567b04c32acf443efebb96f0b-V\"\n           data-description=\"\"\n           class=\"ngg-fancybox\" rel=\"f1dfafa59c73dfa07f4b20296c66e4c8\">\n\n            <img data-image-id='75'\n                 title=\"\"\n                 alt=\"image-2b2c3747702ad53d18c01cc5b32cf99a61ee182567b04c32acf443efebb96f0b-V\"\n                 src=\"https:\/\/panontech.com\/wp-content\/gallery\/separators\/image-2b2c3747702ad53d18c01cc5b32cf99a61ee182567b04c32acf443efebb96f0b-V.jpg\"\n                 style=\"max-height: 580px;\"\/>\n        <\/a>\n\n        <\/div> \n<div id=\"ngg-image-1\" class=\"ngg-gallery-slideshow-image\" style=\"height:600px\">\n\n        <a href=\"https:\/\/panontech.com\/wp-content\/gallery\/separators\/image-253bd91f543da72f84029447e08710f8dd9764f8179b38e5e707b6d89df3df00-V.jpg\"\n           title=\"\"\n           data-src=\"https:\/\/panontech.com\/wp-content\/gallery\/separators\/image-253bd91f543da72f84029447e08710f8dd9764f8179b38e5e707b6d89df3df00-V.jpg\"\n           data-thumbnail=\"https:\/\/panontech.com\/wp-content\/gallery\/separators\/thumbs\/thumbs_image-253bd91f543da72f84029447e08710f8dd9764f8179b38e5e707b6d89df3df00-V.jpg\"\n           data-image-id=\"76\"\n           data-title=\"image-253bd91f543da72f84029447e08710f8dd9764f8179b38e5e707b6d89df3df00-V\"\n           data-description=\"\"\n           class=\"ngg-fancybox\" rel=\"f1dfafa59c73dfa07f4b20296c66e4c8\">\n\n            <img data-image-id='76'\n                 title=\"\"\n                 alt=\"image-253bd91f543da72f84029447e08710f8dd9764f8179b38e5e707b6d89df3df00-V\"\n                 src=\"https:\/\/panontech.com\/wp-content\/gallery\/separators\/image-253bd91f543da72f84029447e08710f8dd9764f8179b38e5e707b6d89df3df00-V.jpg\"\n                 style=\"max-height: 580px;\"\/>\n        <\/a>\n\n        <\/div> \n<div id=\"ngg-image-2\" class=\"ngg-gallery-slideshow-image\" style=\"height:600px\">\n\n        <a href=\"https:\/\/panontech.com\/wp-content\/gallery\/separators\/image-c49f28f34ed8c5a05c4360198b8ddd9a7b64244c8e3b9dcf3858d94d622a85ab-V.jpg\"\n           title=\"\"\n           data-src=\"https:\/\/panontech.com\/wp-content\/gallery\/separators\/image-c49f28f34ed8c5a05c4360198b8ddd9a7b64244c8e3b9dcf3858d94d622a85ab-V.jpg\"\n           data-thumbnail=\"https:\/\/panontech.com\/wp-content\/gallery\/separators\/thumbs\/thumbs_image-c49f28f34ed8c5a05c4360198b8ddd9a7b64244c8e3b9dcf3858d94d622a85ab-V.jpg\"\n           data-image-id=\"77\"\n           data-title=\"image-c49f28f34ed8c5a05c4360198b8ddd9a7b64244c8e3b9dcf3858d94d622a85ab-V\"\n           data-description=\"\"\n           class=\"ngg-fancybox\" rel=\"f1dfafa59c73dfa07f4b20296c66e4c8\">\n\n            <img data-image-id='77'\n                 title=\"\"\n                 alt=\"image-c49f28f34ed8c5a05c4360198b8ddd9a7b64244c8e3b9dcf3858d94d622a85ab-V\"\n                 src=\"https:\/\/panontech.com\/wp-content\/gallery\/separators\/image-c49f28f34ed8c5a05c4360198b8ddd9a7b64244c8e3b9dcf3858d94d622a85ab-V.jpg\"\n                 style=\"max-height: 580px;\"\/>\n        <\/a>\n\n        <\/div> \n<div id=\"ngg-image-3\" class=\"ngg-gallery-slideshow-image\" style=\"height:600px\">\n\n        <a href=\"https:\/\/panontech.com\/wp-content\/gallery\/separators\/image-c43428a029e2b914c47ed93c7f896da317dcd8eeee1639ea9db41b2f4027aed9-V.jpg\"\n           title=\"\"\n           data-src=\"https:\/\/panontech.com\/wp-content\/gallery\/separators\/image-c43428a029e2b914c47ed93c7f896da317dcd8eeee1639ea9db41b2f4027aed9-V.jpg\"\n           data-thumbnail=\"https:\/\/panontech.com\/wp-content\/gallery\/separators\/thumbs\/thumbs_image-c43428a029e2b914c47ed93c7f896da317dcd8eeee1639ea9db41b2f4027aed9-V.jpg\"\n           data-image-id=\"78\"\n           data-title=\"image-c43428a029e2b914c47ed93c7f896da317dcd8eeee1639ea9db41b2f4027aed9-V\"\n           data-description=\"\"\n           class=\"ngg-fancybox\" rel=\"f1dfafa59c73dfa07f4b20296c66e4c8\">\n\n            <img data-image-id='78'\n                 title=\"\"\n                 alt=\"image-c43428a029e2b914c47ed93c7f896da317dcd8eeee1639ea9db41b2f4027aed9-V\"\n                 src=\"https:\/\/panontech.com\/wp-content\/gallery\/separators\/image-c43428a029e2b914c47ed93c7f896da317dcd8eeee1639ea9db41b2f4027aed9-V.jpg\"\n                 style=\"max-height: 580px;\"\/>\n        <\/a>\n\n        <\/div> \n<div id=\"ngg-image-4\" class=\"ngg-gallery-slideshow-image\" style=\"height:600px\">\n\n        <a href=\"https:\/\/panontech.com\/wp-content\/gallery\/separators\/IMG_20160603_193029-Medium.jpg\"\n           title=\"\"\n           data-src=\"https:\/\/panontech.com\/wp-content\/gallery\/separators\/IMG_20160603_193029-Medium.jpg\"\n           data-thumbnail=\"https:\/\/panontech.com\/wp-content\/gallery\/separators\/thumbs\/thumbs_IMG_20160603_193029-Medium.jpg\"\n           data-image-id=\"79\"\n           data-title=\"IMG_20160603_193029 (Medium)\"\n           data-description=\"\"\n           class=\"ngg-fancybox\" rel=\"f1dfafa59c73dfa07f4b20296c66e4c8\">\n\n            <img data-image-id='79'\n                 title=\"\"\n                 alt=\"IMG_20160603_193029 (Medium)\"\n                 src=\"https:\/\/panontech.com\/wp-content\/gallery\/separators\/IMG_20160603_193029-Medium.jpg\"\n                 style=\"max-height: 580px;\"\/>\n        <\/a>\n\n        <\/div> \n<div id=\"ngg-image-5\" class=\"ngg-gallery-slideshow-image\" style=\"height:600px\">\n\n        <a href=\"https:\/\/panontech.com\/wp-content\/gallery\/separators\/IMG_20160603_193035-Medium.jpg\"\n           title=\"\"\n           data-src=\"https:\/\/panontech.com\/wp-content\/gallery\/separators\/IMG_20160603_193035-Medium.jpg\"\n           data-thumbnail=\"https:\/\/panontech.com\/wp-content\/gallery\/separators\/thumbs\/thumbs_IMG_20160603_193035-Medium.jpg\"\n           data-image-id=\"80\"\n           data-title=\"IMG_20160603_193035 (Medium)\"\n           data-description=\"\"\n           class=\"ngg-fancybox\" rel=\"f1dfafa59c73dfa07f4b20296c66e4c8\">\n\n            <img data-image-id='80'\n                 title=\"\"\n                 alt=\"IMG_20160603_193035 (Medium)\"\n                 src=\"https:\/\/panontech.com\/wp-content\/gallery\/separators\/IMG_20160603_193035-Medium.jpg\"\n                 style=\"max-height: 580px;\"\/>\n        <\/a>\n\n        <\/div> \n<\/div>\n\n\n\n<\/p>","protected":false},"excerpt":{"rendered":"Nudimo razne separatore teku\u0107e\/krute faze za: Farmarstvo Separatori teku\u0107eg gnoja: za lak\u0161i trnasport, optimizirano skladi\u0161tenje ili kao stelja Bioplinska postrojenja Odvajanje krute i teku\u0107e faze prije ili poslje procesa fermentacije Industrija Industrija hrane: separacija otpadnog povr\u0107a, kora i ko\u017eica Klaonice: Separacija sadr\u017eaja crijeva Destilerija: Separacija raznih ka\u0161a Snage od 2.2 &#8211; 7.5 kW Kapacitet od [&hellip;]","protected":false},"author":1,"featured_media":0,"parent":85,"menu_order":0,"comment_status":"closed","ping_status":"closed","template":"","meta":{"ngg_post_thumbnail":0},"categories":[],"tags":[],"_links":{"self":[{"href":"https:\/\/panontech.com\/index.php?rest_route=\/wp\/v2\/pages\/1016"}],"collection":[{"href":"https:\/\/panontech.com\/index.php?rest_route=\/wp\/v2\/pages"}],"about":[{"href":"https:\/\/panontech.com\/index.php?rest_route=\/wp\/v2\/types\/page"}],"author":[{"embeddable":true,"href":"https:\/\/panontech.com\/index.php?rest_route=\/wp\/v2\/users\/1"}],"replies":[{"embeddable":true,"href":"https:\/\/panontech.com\/index.php?rest_route=%2Fwp%2Fv2%2Fcomments&post=1016"}],"version-history":[{"count":4,"href":"https:\/\/panontech.com\/index.php?rest_route=\/wp\/v2\/pages\/1016\/revisions"}],"predecessor-version":[{"id":1466,"href":"https:\/\/panontech.com\/index.php?rest_route=\/wp\/v2\/pages\/1016\/revisions\/1466"}],"up":[{"embeddable":true,"href":"https:\/\/panontech.com\/index.php?rest_route=\/wp\/v2\/pages\/85"}],"wp:attachment":[{"href":"https:\/\/panontech.com\/index.php?rest_route=%2Fwp%2Fv2%2Fmedia&parent=1016"}],"wp:term":[{"taxonomy":"category","embeddable":true,"href":"https:\/\/panontech.com\/index.php?rest_route=%2Fwp%2Fv2%2Fcategories&post=1016"},{"taxonomy":"post_tag","embeddable":true,"href":"https:\/\/panontech.com\/index.php?rest_route=%2Fwp%2Fv2%2Ftags&post=1016"}],"curies":[{"name":"wp","href":"https:\/\/api.w.org\/{rel}","templated":true}]}}