{"id":100,"date":"2015-12-07T13:05:55","date_gmt":"2015-12-07T13:05:55","guid":{"rendered":"http:\/\/panontech.com\/wordpress\/?page_id=100"},"modified":"2017-01-16T08:35:01","modified_gmt":"2017-01-16T08:35:01","slug":"pipelines","status":"publish","type":"page","link":"https:\/\/panontech.com\/?page_id=100","title":{"rendered":"Cjevovodi"},"content":{"rendered":"<p>Stru\u010dno i kvalitetno izvodimo sve vrste cjevovoda od PVC, PEHD i \u010deli\u010dnih cijevi u svim dimenzijama (DIN, ISO) uz svu potrebnu popratnu dokumentaciju sukladno tehni\u010dkim i zakonskim propisima, uz obveznu kontrolu kakvo\u0107e izvedbe.<\/p>\n<p>PVC-U<\/p>\n<p>\n\n<div class=\"ngg-galleryoverview ngg-slideshow\"\n\t id=\"ngg-slideshow-12b8cd1855d26f3f4f53f9830880d50d-12690855100\"\n     data-gallery-id=\"12b8cd1855d26f3f4f53f9830880d50d\"\n     style=\"max-width: 800px; max-height: 600px;\">\n\n \t<div id=\"ngg-image-0\" class=\"ngg-gallery-slideshow-image\" style=\"height:600px\">\n\n        <a href=\"https:\/\/panontech.com\/wp-content\/gallery\/pipelines\/DSC_0165.JPG\"\n           title=\"\"\n           data-src=\"https:\/\/panontech.com\/wp-content\/gallery\/pipelines\/DSC_0165.JPG\"\n           data-thumbnail=\"https:\/\/panontech.com\/wp-content\/gallery\/pipelines\/thumbs\/thumbs_DSC_0165.JPG\"\n           data-image-id=\"48\"\n           data-title=\"DSC_0165\"\n           data-description=\"\"\n           class=\"ngg-fancybox\" rel=\"12b8cd1855d26f3f4f53f9830880d50d\">\n\n            <img data-image-id='48'\n                 title=\"\"\n                 alt=\"DSC_0165\"\n                 src=\"https:\/\/panontech.com\/wp-content\/gallery\/pipelines\/DSC_0165.JPG\"\n                 style=\"max-height: 580px;\"\/>\n        <\/a>\n\n        <\/div> \n<div id=\"ngg-image-1\" class=\"ngg-gallery-slideshow-image\" style=\"height:600px\">\n\n        <a href=\"https:\/\/panontech.com\/wp-content\/gallery\/pipelines\/image-0.02.01.3e97ad07cbabc75ae0ce9a88f9edb1a277413b2946b03547eb9d8ec71e3acc7e-V.jpg\"\n           title=\"\"\n           data-src=\"https:\/\/panontech.com\/wp-content\/gallery\/pipelines\/image-0.02.01.3e97ad07cbabc75ae0ce9a88f9edb1a277413b2946b03547eb9d8ec71e3acc7e-V.jpg\"\n           data-thumbnail=\"https:\/\/panontech.com\/wp-content\/gallery\/pipelines\/thumbs\/thumbs_image-0.02.01.3e97ad07cbabc75ae0ce9a88f9edb1a277413b2946b03547eb9d8ec71e3acc7e-V.jpg\"\n           data-image-id=\"49\"\n           data-title=\"image-0.02.01.3e97ad07cbabc75ae0ce9a88f9edb1a277413b2946b03547eb9d8ec71e3acc7e-V\"\n           data-description=\"\"\n           class=\"ngg-fancybox\" rel=\"12b8cd1855d26f3f4f53f9830880d50d\">\n\n            <img data-image-id='49'\n                 title=\"\"\n                 alt=\"image-0.02.01.3e97ad07cbabc75ae0ce9a88f9edb1a277413b2946b03547eb9d8ec71e3acc7e-V\"\n                 src=\"https:\/\/panontech.com\/wp-content\/gallery\/pipelines\/image-0.02.01.3e97ad07cbabc75ae0ce9a88f9edb1a277413b2946b03547eb9d8ec71e3acc7e-V.jpg\"\n                 style=\"max-height: 580px;\"\/>\n        <\/a>\n\n        <\/div> \n<div id=\"ngg-image-2\" class=\"ngg-gallery-slideshow-image\" style=\"height:600px\">\n\n        <a href=\"https:\/\/panontech.com\/wp-content\/gallery\/pipelines\/image-0.02.01.7fbaa200d548bc77b95fb10bc7908a5af83b535856c1040ee0e94370f896b8f3-V.jpg\"\n           title=\"\"\n           data-src=\"https:\/\/panontech.com\/wp-content\/gallery\/pipelines\/image-0.02.01.7fbaa200d548bc77b95fb10bc7908a5af83b535856c1040ee0e94370f896b8f3-V.jpg\"\n           data-thumbnail=\"https:\/\/panontech.com\/wp-content\/gallery\/pipelines\/thumbs\/thumbs_image-0.02.01.7fbaa200d548bc77b95fb10bc7908a5af83b535856c1040ee0e94370f896b8f3-V.jpg\"\n           data-image-id=\"50\"\n           data-title=\"image-0.02.01.7fbaa200d548bc77b95fb10bc7908a5af83b535856c1040ee0e94370f896b8f3-V\"\n           data-description=\"\"\n           class=\"ngg-fancybox\" rel=\"12b8cd1855d26f3f4f53f9830880d50d\">\n\n            <img data-image-id='50'\n                 title=\"\"\n                 alt=\"image-0.02.01.7fbaa200d548bc77b95fb10bc7908a5af83b535856c1040ee0e94370f896b8f3-V\"\n                 src=\"https:\/\/panontech.com\/wp-content\/gallery\/pipelines\/image-0.02.01.7fbaa200d548bc77b95fb10bc7908a5af83b535856c1040ee0e94370f896b8f3-V.jpg\"\n                 style=\"max-height: 580px;\"\/>\n        <\/a>\n\n        <\/div> \n<div id=\"ngg-image-3\" class=\"ngg-gallery-slideshow-image\" style=\"height:600px\">\n\n        <a href=\"https:\/\/panontech.com\/wp-content\/gallery\/pipelines\/image-0.02.01.54e82f7f660a659b9db9bb3bdeec47922870b2debc7783787ab1063a8d99b0e5-V.jpg\"\n           title=\"\"\n           data-src=\"https:\/\/panontech.com\/wp-content\/gallery\/pipelines\/image-0.02.01.54e82f7f660a659b9db9bb3bdeec47922870b2debc7783787ab1063a8d99b0e5-V.jpg\"\n           data-thumbnail=\"https:\/\/panontech.com\/wp-content\/gallery\/pipelines\/thumbs\/thumbs_image-0.02.01.54e82f7f660a659b9db9bb3bdeec47922870b2debc7783787ab1063a8d99b0e5-V.jpg\"\n           data-image-id=\"51\"\n           data-title=\"image-0.02.01.54e82f7f660a659b9db9bb3bdeec47922870b2debc7783787ab1063a8d99b0e5-V\"\n           data-description=\"\"\n           class=\"ngg-fancybox\" rel=\"12b8cd1855d26f3f4f53f9830880d50d\">\n\n            <img data-image-id='51'\n                 title=\"\"\n                 alt=\"image-0.02.01.54e82f7f660a659b9db9bb3bdeec47922870b2debc7783787ab1063a8d99b0e5-V\"\n                 src=\"https:\/\/panontech.com\/wp-content\/gallery\/pipelines\/image-0.02.01.54e82f7f660a659b9db9bb3bdeec47922870b2debc7783787ab1063a8d99b0e5-V.jpg\"\n                 style=\"max-height: 580px;\"\/>\n        <\/a>\n\n        <\/div> \n<div id=\"ngg-image-4\" class=\"ngg-gallery-slideshow-image\" style=\"height:600px\">\n\n        <a href=\"https:\/\/panontech.com\/wp-content\/gallery\/pipelines\/image-0-02-01-0f2089225e1fc239e04aa4946556fc39374c23689828d75563c6a48f2d46b663-V.jpg\"\n           title=\"\"\n           data-src=\"https:\/\/panontech.com\/wp-content\/gallery\/pipelines\/image-0-02-01-0f2089225e1fc239e04aa4946556fc39374c23689828d75563c6a48f2d46b663-V.jpg\"\n           data-thumbnail=\"https:\/\/panontech.com\/wp-content\/gallery\/pipelines\/thumbs\/thumbs_image-0-02-01-0f2089225e1fc239e04aa4946556fc39374c23689828d75563c6a48f2d46b663-V.jpg\"\n           data-image-id=\"52\"\n           data-title=\"image-0-02-01-0f2089225e1fc239e04aa4946556fc39374c23689828d75563c6a48f2d46b663-V\"\n           data-description=\"\"\n           class=\"ngg-fancybox\" rel=\"12b8cd1855d26f3f4f53f9830880d50d\">\n\n            <img data-image-id='52'\n                 title=\"\"\n                 alt=\"image-0-02-01-0f2089225e1fc239e04aa4946556fc39374c23689828d75563c6a48f2d46b663-V\"\n                 src=\"https:\/\/panontech.com\/wp-content\/gallery\/pipelines\/image-0-02-01-0f2089225e1fc239e04aa4946556fc39374c23689828d75563c6a48f2d46b663-V.jpg\"\n                 style=\"max-height: 580px;\"\/>\n        <\/a>\n\n        <\/div> \n<div id=\"ngg-image-5\" class=\"ngg-gallery-slideshow-image\" style=\"height:600px\">\n\n        <a href=\"https:\/\/panontech.com\/wp-content\/gallery\/pipelines\/image-0c23758ee43c0e4d226d7a92ed8ac3cb3a64a0c9b0665cf496c8428ac53bb94e-V.jpg\"\n           title=\"\"\n           data-src=\"https:\/\/panontech.com\/wp-content\/gallery\/pipelines\/image-0c23758ee43c0e4d226d7a92ed8ac3cb3a64a0c9b0665cf496c8428ac53bb94e-V.jpg\"\n           data-thumbnail=\"https:\/\/panontech.com\/wp-content\/gallery\/pipelines\/thumbs\/thumbs_image-0c23758ee43c0e4d226d7a92ed8ac3cb3a64a0c9b0665cf496c8428ac53bb94e-V.jpg\"\n           data-image-id=\"53\"\n           data-title=\"image-0c23758ee43c0e4d226d7a92ed8ac3cb3a64a0c9b0665cf496c8428ac53bb94e-V\"\n           data-description=\"\"\n           class=\"ngg-fancybox\" rel=\"12b8cd1855d26f3f4f53f9830880d50d\">\n\n            <img data-image-id='53'\n                 title=\"\"\n                 alt=\"image-0c23758ee43c0e4d226d7a92ed8ac3cb3a64a0c9b0665cf496c8428ac53bb94e-V\"\n                 src=\"https:\/\/panontech.com\/wp-content\/gallery\/pipelines\/image-0c23758ee43c0e4d226d7a92ed8ac3cb3a64a0c9b0665cf496c8428ac53bb94e-V.jpg\"\n                 style=\"max-height: 580px;\"\/>\n        <\/a>\n\n        <\/div> \n<div id=\"ngg-image-6\" class=\"ngg-gallery-slideshow-image\" style=\"height:600px\">\n\n        <a href=\"https:\/\/panontech.com\/wp-content\/gallery\/pipelines\/image-39bde8533dd5f9b0d3cfeb6cc448fdac6e525859d950cfa3c0cc794e8957fe37-V.jpg\"\n           title=\"\"\n           data-src=\"https:\/\/panontech.com\/wp-content\/gallery\/pipelines\/image-39bde8533dd5f9b0d3cfeb6cc448fdac6e525859d950cfa3c0cc794e8957fe37-V.jpg\"\n           data-thumbnail=\"https:\/\/panontech.com\/wp-content\/gallery\/pipelines\/thumbs\/thumbs_image-39bde8533dd5f9b0d3cfeb6cc448fdac6e525859d950cfa3c0cc794e8957fe37-V.jpg\"\n           data-image-id=\"54\"\n           data-title=\"image-39bde8533dd5f9b0d3cfeb6cc448fdac6e525859d950cfa3c0cc794e8957fe37-V\"\n           data-description=\"\"\n           class=\"ngg-fancybox\" rel=\"12b8cd1855d26f3f4f53f9830880d50d\">\n\n            <img data-image-id='54'\n                 title=\"\"\n                 alt=\"image-39bde8533dd5f9b0d3cfeb6cc448fdac6e525859d950cfa3c0cc794e8957fe37-V\"\n                 src=\"https:\/\/panontech.com\/wp-content\/gallery\/pipelines\/image-39bde8533dd5f9b0d3cfeb6cc448fdac6e525859d950cfa3c0cc794e8957fe37-V.jpg\"\n                 style=\"max-height: 580px;\"\/>\n        <\/a>\n\n        <\/div> \n<div id=\"ngg-image-7\" class=\"ngg-gallery-slideshow-image\" style=\"height:600px\">\n\n        <a href=\"https:\/\/panontech.com\/wp-content\/gallery\/pipelines\/image-42ca4ea62bdd1693460d52ca87727104abf5725204fbeef9020a0e7a2fa9e86c-V.jpg\"\n           title=\"\"\n           data-src=\"https:\/\/panontech.com\/wp-content\/gallery\/pipelines\/image-42ca4ea62bdd1693460d52ca87727104abf5725204fbeef9020a0e7a2fa9e86c-V.jpg\"\n           data-thumbnail=\"https:\/\/panontech.com\/wp-content\/gallery\/pipelines\/thumbs\/thumbs_image-42ca4ea62bdd1693460d52ca87727104abf5725204fbeef9020a0e7a2fa9e86c-V.jpg\"\n           data-image-id=\"55\"\n           data-title=\"image-42ca4ea62bdd1693460d52ca87727104abf5725204fbeef9020a0e7a2fa9e86c-V\"\n           data-description=\"\"\n           class=\"ngg-fancybox\" rel=\"12b8cd1855d26f3f4f53f9830880d50d\">\n\n            <img data-image-id='55'\n                 title=\"\"\n                 alt=\"image-42ca4ea62bdd1693460d52ca87727104abf5725204fbeef9020a0e7a2fa9e86c-V\"\n                 src=\"https:\/\/panontech.com\/wp-content\/gallery\/pipelines\/image-42ca4ea62bdd1693460d52ca87727104abf5725204fbeef9020a0e7a2fa9e86c-V.jpg\"\n                 style=\"max-height: 580px;\"\/>\n        <\/a>\n\n        <\/div> \n<div id=\"ngg-image-8\" class=\"ngg-gallery-slideshow-image\" style=\"height:600px\">\n\n        <a href=\"https:\/\/panontech.com\/wp-content\/gallery\/pipelines\/image-104c4a0b7d1aa66fac426180ae61028ad13f5a04c1b7533446c8a7fc2b23b5ba-V.jpg\"\n           title=\"\"\n           data-src=\"https:\/\/panontech.com\/wp-content\/gallery\/pipelines\/image-104c4a0b7d1aa66fac426180ae61028ad13f5a04c1b7533446c8a7fc2b23b5ba-V.jpg\"\n           data-thumbnail=\"https:\/\/panontech.com\/wp-content\/gallery\/pipelines\/thumbs\/thumbs_image-104c4a0b7d1aa66fac426180ae61028ad13f5a04c1b7533446c8a7fc2b23b5ba-V.jpg\"\n           data-image-id=\"56\"\n           data-title=\"image-104c4a0b7d1aa66fac426180ae61028ad13f5a04c1b7533446c8a7fc2b23b5ba-V\"\n           data-description=\"\"\n           class=\"ngg-fancybox\" rel=\"12b8cd1855d26f3f4f53f9830880d50d\">\n\n            <img data-image-id='56'\n                 title=\"\"\n                 alt=\"image-104c4a0b7d1aa66fac426180ae61028ad13f5a04c1b7533446c8a7fc2b23b5ba-V\"\n                 src=\"https:\/\/panontech.com\/wp-content\/gallery\/pipelines\/image-104c4a0b7d1aa66fac426180ae61028ad13f5a04c1b7533446c8a7fc2b23b5ba-V.jpg\"\n                 style=\"max-height: 580px;\"\/>\n        <\/a>\n\n        <\/div> \n<div id=\"ngg-image-9\" class=\"ngg-gallery-slideshow-image\" style=\"height:600px\">\n\n        <a href=\"https:\/\/panontech.com\/wp-content\/gallery\/pipelines\/image-5562ef7d808b00256d8bc064181d013ced015e5fdf144689071e4f2e5ce13190-V.jpg\"\n           title=\"\"\n           data-src=\"https:\/\/panontech.com\/wp-content\/gallery\/pipelines\/image-5562ef7d808b00256d8bc064181d013ced015e5fdf144689071e4f2e5ce13190-V.jpg\"\n           data-thumbnail=\"https:\/\/panontech.com\/wp-content\/gallery\/pipelines\/thumbs\/thumbs_image-5562ef7d808b00256d8bc064181d013ced015e5fdf144689071e4f2e5ce13190-V.jpg\"\n           data-image-id=\"57\"\n           data-title=\"image-5562ef7d808b00256d8bc064181d013ced015e5fdf144689071e4f2e5ce13190-V\"\n           data-description=\"\"\n           class=\"ngg-fancybox\" rel=\"12b8cd1855d26f3f4f53f9830880d50d\">\n\n            <img data-image-id='57'\n                 title=\"\"\n                 alt=\"image-5562ef7d808b00256d8bc064181d013ced015e5fdf144689071e4f2e5ce13190-V\"\n                 src=\"https:\/\/panontech.com\/wp-content\/gallery\/pipelines\/image-5562ef7d808b00256d8bc064181d013ced015e5fdf144689071e4f2e5ce13190-V.jpg\"\n                 style=\"max-height: 580px;\"\/>\n        <\/a>\n\n        <\/div> \n<div id=\"ngg-image-10\" class=\"ngg-gallery-slideshow-image\" style=\"height:600px\">\n\n        <a href=\"https:\/\/panontech.com\/wp-content\/gallery\/pipelines\/image-d641f640aa0f1d20089c4d061aa55c0a583acdfc64fd1f8617cb36eaf3f68e72-V.jpg\"\n           title=\"\"\n           data-src=\"https:\/\/panontech.com\/wp-content\/gallery\/pipelines\/image-d641f640aa0f1d20089c4d061aa55c0a583acdfc64fd1f8617cb36eaf3f68e72-V.jpg\"\n           data-thumbnail=\"https:\/\/panontech.com\/wp-content\/gallery\/pipelines\/thumbs\/thumbs_image-d641f640aa0f1d20089c4d061aa55c0a583acdfc64fd1f8617cb36eaf3f68e72-V.jpg\"\n           data-image-id=\"58\"\n           data-title=\"image-d641f640aa0f1d20089c4d061aa55c0a583acdfc64fd1f8617cb36eaf3f68e72-V\"\n           data-description=\"\"\n           class=\"ngg-fancybox\" rel=\"12b8cd1855d26f3f4f53f9830880d50d\">\n\n            <img data-image-id='58'\n                 title=\"\"\n                 alt=\"image-d641f640aa0f1d20089c4d061aa55c0a583acdfc64fd1f8617cb36eaf3f68e72-V\"\n                 src=\"https:\/\/panontech.com\/wp-content\/gallery\/pipelines\/image-d641f640aa0f1d20089c4d061aa55c0a583acdfc64fd1f8617cb36eaf3f68e72-V.jpg\"\n                 style=\"max-height: 580px;\"\/>\n        <\/a>\n\n        <\/div> \n<div id=\"ngg-image-11\" class=\"ngg-gallery-slideshow-image\" style=\"height:600px\">\n\n        <a href=\"https:\/\/panontech.com\/wp-content\/gallery\/pipelines\/IMG_20160602_194059-Medium.jpg\"\n           title=\"\"\n           data-src=\"https:\/\/panontech.com\/wp-content\/gallery\/pipelines\/IMG_20160602_194059-Medium.jpg\"\n           data-thumbnail=\"https:\/\/panontech.com\/wp-content\/gallery\/pipelines\/thumbs\/thumbs_IMG_20160602_194059-Medium.jpg\"\n           data-image-id=\"59\"\n           data-title=\"IMG_20160602_194059 (Medium)\"\n           data-description=\"\"\n           class=\"ngg-fancybox\" rel=\"12b8cd1855d26f3f4f53f9830880d50d\">\n\n            <img data-image-id='59'\n                 title=\"\"\n                 alt=\"IMG_20160602_194059 (Medium)\"\n                 src=\"https:\/\/panontech.com\/wp-content\/gallery\/pipelines\/IMG_20160602_194059-Medium.jpg\"\n                 style=\"max-height: 580px;\"\/>\n        <\/a>\n\n        <\/div> \n<div id=\"ngg-image-12\" class=\"ngg-gallery-slideshow-image\" style=\"height:600px\">\n\n        <a href=\"https:\/\/panontech.com\/wp-content\/gallery\/pipelines\/IMG_20160603_195512-Medium.jpg\"\n           title=\"\"\n           data-src=\"https:\/\/panontech.com\/wp-content\/gallery\/pipelines\/IMG_20160603_195512-Medium.jpg\"\n           data-thumbnail=\"https:\/\/panontech.com\/wp-content\/gallery\/pipelines\/thumbs\/thumbs_IMG_20160603_195512-Medium.jpg\"\n           data-image-id=\"60\"\n           data-title=\"IMG_20160603_195512 (Medium)\"\n           data-description=\"\"\n           class=\"ngg-fancybox\" rel=\"12b8cd1855d26f3f4f53f9830880d50d\">\n\n            <img data-image-id='60'\n                 title=\"\"\n                 alt=\"IMG_20160603_195512 (Medium)\"\n                 src=\"https:\/\/panontech.com\/wp-content\/gallery\/pipelines\/IMG_20160603_195512-Medium.jpg\"\n                 style=\"max-height: 580px;\"\/>\n        <\/a>\n\n        <\/div> \n<div id=\"ngg-image-13\" class=\"ngg-gallery-slideshow-image\" style=\"height:600px\">\n\n        <a href=\"https:\/\/panontech.com\/wp-content\/gallery\/pipelines\/IMG_20160603_195529-Medium.jpg\"\n           title=\"\"\n           data-src=\"https:\/\/panontech.com\/wp-content\/gallery\/pipelines\/IMG_20160603_195529-Medium.jpg\"\n           data-thumbnail=\"https:\/\/panontech.com\/wp-content\/gallery\/pipelines\/thumbs\/thumbs_IMG_20160603_195529-Medium.jpg\"\n           data-image-id=\"61\"\n           data-title=\"IMG_20160603_195529 (Medium)\"\n           data-description=\"\"\n           class=\"ngg-fancybox\" rel=\"12b8cd1855d26f3f4f53f9830880d50d\">\n\n            <img data-image-id='61'\n                 title=\"\"\n                 alt=\"IMG_20160603_195529 (Medium)\"\n                 src=\"https:\/\/panontech.com\/wp-content\/gallery\/pipelines\/IMG_20160603_195529-Medium.jpg\"\n                 style=\"max-height: 580px;\"\/>\n        <\/a>\n\n        <\/div> \n<div id=\"ngg-image-14\" class=\"ngg-gallery-slideshow-image\" style=\"height:600px\">\n\n        <a href=\"https:\/\/panontech.com\/wp-content\/gallery\/pipelines\/IMG_20160711_194153-Medium.jpg\"\n           title=\"\"\n           data-src=\"https:\/\/panontech.com\/wp-content\/gallery\/pipelines\/IMG_20160711_194153-Medium.jpg\"\n           data-thumbnail=\"https:\/\/panontech.com\/wp-content\/gallery\/pipelines\/thumbs\/thumbs_IMG_20160711_194153-Medium.jpg\"\n           data-image-id=\"62\"\n           data-title=\"IMG_20160711_194153 (Medium)\"\n           data-description=\"\"\n           class=\"ngg-fancybox\" rel=\"12b8cd1855d26f3f4f53f9830880d50d\">\n\n            <img data-image-id='62'\n                 title=\"\"\n                 alt=\"IMG_20160711_194153 (Medium)\"\n                 src=\"https:\/\/panontech.com\/wp-content\/gallery\/pipelines\/IMG_20160711_194153-Medium.jpg\"\n                 style=\"max-height: 580px;\"\/>\n        <\/a>\n\n        <\/div> \n<\/div>\n\n\n\n<\/p>","protected":false},"excerpt":{"rendered":"Stru\u010dno i kvalitetno izvodimo sve vrste cjevovoda od PVC, PEHD i \u010deli\u010dnih cijevi u svim dimenzijama (DIN, ISO) uz svu potrebnu popratnu dokumentaciju sukladno tehni\u010dkim i zakonskim propisima, uz obveznu kontrolu kakvo\u0107e izvedbe. PVC-U &#8221; order_by=&#8221;sortorder&#8221; order_direction=&#8221;ASC&#8221; returns=&#8221;included&#8221; maximum_entity_count=&#8221;500&#8243; display_type=&#8221;photocrati-nextgen_basic_slideshow&#8221;]","protected":false},"author":1,"featured_media":0,"parent":10,"menu_order":0,"comment_status":"closed","ping_status":"closed","template":"","meta":{"ngg_post_thumbnail":0},"categories":[],"tags":[],"_links":{"self":[{"href":"https:\/\/panontech.com\/index.php?rest_route=\/wp\/v2\/pages\/100"}],"collection":[{"href":"https:\/\/panontech.com\/index.php?rest_route=\/wp\/v2\/pages"}],"about":[{"href":"https:\/\/panontech.com\/index.php?rest_route=\/wp\/v2\/types\/page"}],"author":[{"embeddable":true,"href":"https:\/\/panontech.com\/index.php?rest_route=\/wp\/v2\/users\/1"}],"replies":[{"embeddable":true,"href":"https:\/\/panontech.com\/index.php?rest_route=%2Fwp%2Fv2%2Fcomments&post=100"}],"version-history":[{"count":9,"href":"https:\/\/panontech.com\/index.php?rest_route=\/wp\/v2\/pages\/100\/revisions"}],"predecessor-version":[{"id":1596,"href":"https:\/\/panontech.com\/index.php?rest_route=\/wp\/v2\/pages\/100\/revisions\/1596"}],"up":[{"embeddable":true,"href":"https:\/\/panontech.com\/index.php?rest_route=\/wp\/v2\/pages\/10"}],"wp:attachment":[{"href":"https:\/\/panontech.com\/index.php?rest_route=%2Fwp%2Fv2%2Fmedia&parent=100"}],"wp:term":[{"taxonomy":"category","embeddable":true,"href":"https:\/\/panontech.com\/index.php?rest_route=%2Fwp%2Fv2%2Fcategories&post=100"},{"taxonomy":"post_tag","embeddable":true,"href":"https:\/\/panontech.com\/index.php?rest_route=%2Fwp%2Fv2%2Ftags&post=100"}],"curies":[{"name":"wp","href":"https:\/\/api.w.org\/{rel}","templated":true}]}}