{"id":10,"date":"2015-11-30T07:37:03","date_gmt":"2015-11-30T07:37:03","guid":{"rendered":"http:\/\/panontech.com\/wordpress\/?page_id=10"},"modified":"2016-09-06T11:49:27","modified_gmt":"2016-09-06T11:49:27","slug":"products","status":"publish","type":"page","link":"https:\/\/panontech.com\/?page_id=10","title":{"rendered":"Proizvodi"},"content":{"rendered":"<p>Panontech nudi raznolike proizvode za upotrebu u sto\u010darstvu, poljoprivredi, bioplinu te raznim granama industrije.<br \/>\nPartner smo i zastupnik nekoliko renomiranih tvrki proizvo\u0111a\u010da raznih vrsta opreme,<br \/>\nte tako\u0111er imamo vlastiti proizvodni pogon za izradu raznih metalnih proizvoda poput spremnika, dozirnih kontejnera,<br \/>\nplatformi, ljestvi penjalica i sli\u010dno.<\/p>\n<p>Vi\u0161e informacija prona\u0111ite u glavnom izborniku u podkategoriji Proizvodi.<br \/>\n<\/p>","protected":false},"excerpt":{"rendered":"Panontech nudi raznolike proizvode za upotrebu u sto\u010darstvu, poljoprivredi, bioplinu te raznim granama industrije. Partner smo i zastupnik nekoliko renomiranih tvrki proizvo\u0111a\u010da raznih vrsta opreme, te tako\u0111er imamo vlastiti proizvodni pogon za izradu raznih metalnih proizvoda poput spremnika, dozirnih kontejnera, platformi, ljestvi penjalica i sli\u010dno. Vi\u0161e informacija prona\u0111ite u glavnom izborniku u podkategoriji Proizvodi.","protected":false},"author":1,"featured_media":0,"parent":0,"menu_order":2,"comment_status":"closed","ping_status":"closed","template":"","meta":{"ngg_post_thumbnail":0},"categories":[],"tags":[],"_links":{"self":[{"href":"https:\/\/panontech.com\/index.php?rest_route=\/wp\/v2\/pages\/10"}],"collection":[{"href":"https:\/\/panontech.com\/index.php?rest_route=\/wp\/v2\/pages"}],"about":[{"href":"https:\/\/panontech.com\/index.php?rest_route=\/wp\/v2\/types\/page"}],"author":[{"embeddable":true,"href":"https:\/\/panontech.com\/index.php?rest_route=\/wp\/v2\/users\/1"}],"replies":[{"embeddable":true,"href":"https:\/\/panontech.com\/index.php?rest_route=%2Fwp%2Fv2%2Fcomments&post=10"}],"version-history":[{"count":7,"href":"https:\/\/panontech.com\/index.php?rest_route=\/wp\/v2\/pages\/10\/revisions"}],"predecessor-version":[{"id":568,"href":"https:\/\/panontech.com\/index.php?rest_route=\/wp\/v2\/pages\/10\/revisions\/568"}],"wp:attachment":[{"href":"https:\/\/panontech.com\/index.php?rest_route=%2Fwp%2Fv2%2Fmedia&parent=10"}],"wp:term":[{"taxonomy":"category","embeddable":true,"href":"https:\/\/panontech.com\/index.php?rest_route=%2Fwp%2Fv2%2Fcategories&post=10"},{"taxonomy":"post_tag","embeddable":true,"href":"https:\/\/panontech.com\/index.php?rest_route=%2Fwp%2Fv2%2Ftags&post=10"}],"curies":[{"name":"wp","href":"https:\/\/api.w.org\/{rel}","templated":true}]}}